{"id":4351,"date":"2026-02-02T06:58:55","date_gmt":"2026-02-02T06:58:55","guid":{"rendered":"https:\/\/animalpark.pl\/?post_type=product&#038;p=4351"},"modified":"2026-02-02T06:58:55","modified_gmt":"2026-02-02T06:58:55","slug":"ap674l","status":"publish","type":"product","link":"https:\/\/animalpark.pl\/en\/produkt\/ap674l\/","title":{"rendered":"AP674L"},"content":{"rendered":"<p>Stworzona z sercem, aby uczci\u0107 pami\u0119\u0107 o Twoim ukochanym pupilu. Urna w kszta\u0142cie \u0142apki, wykonana z wysokiej jako\u015bci mosi\u0105dzu i pokryta eleganck\u0105, l\u015bni\u0105c\u0105 pow\u0142ok\u0105 To pi\u0119kny i trwa\u0142y spos\u00f3b na zachowanie blisko\u015bci z czworono\u017cnym przyjacielem na zawsze.<\/p>\n<p><strong>\u2726 Personalizacja:<\/strong><\/p>\n<p>Istnieje mo\u017cliwo\u015b\u0107 wykonania personalizowanego graweru \u2013 3 linie tekstu, maksymalnie 30 znak\u00f3w w ka\u017cdej linii. Dost\u0119pny wyb\u00f3r czcionek umo\u017cliwia dopasowanie stylu do Twoich uczu\u0107 i wspomnie\u0144. W celu zam\u00f3wienia graweru prosimy o wiadomo\u015b\u0107 na adres biuro@animalpark.pl<\/p>\n<p>Grawer dodatkowo p\u0142atny.<\/p>\n","protected":false},"excerpt":{"rendered":"<ul>\n<li><strong>Wymiary:<\/strong> 16,5 cm (d\u0142.) \u00d7 18 cm (szer.) \u00d7 9,5 cm (wys.)<\/li>\n<li><strong>Materia\u0142:<\/strong> Mosi\u0105dz<\/li>\n<li><strong>Zamykanie:<\/strong> Zakr\u0119cana \u015bruba od spodu<\/li>\n<li><strong>Wyko\u0144czenie:<\/strong> Ochronna warstwa GlossCoat\u2122<\/li>\n<li><strong>W zestawie:<\/strong> Aksamitny woreczek<\/li>\n<li><strong>Produkcja:<\/strong> Handcrafted with Love\u2122 by LoveUrns\u00ae<\/li>\n<\/ul>\n","protected":false},"featured_media":4348,"template":"","meta":{"_et_pb_use_builder":"","_et_pb_old_content":"","_et_gb_content_width":""},"product_brand":[],"product_cat":[38],"product_tag":[],"class_list":{"0":"post-4351","1":"product","2":"type-product","3":"status-publish","4":"has-post-thumbnail","6":"product_cat-dla-zwierzat-25-40kg","8":"first","9":"instock","10":"shipping-taxable","11":"purchasable","12":"product-type-simple"},"yoast_head":"<!-- This site is optimized with the Yoast SEO plugin v25.8 - https:\/\/yoast.com\/wordpress\/plugins\/seo\/ -->\n<title>AP674L - Animal Park<\/title>\n<meta name=\"robots\" content=\"index, follow, max-snippet:-1, max-image-preview:large, max-video-preview:-1\" \/>\n<link rel=\"canonical\" href=\"https:\/\/animalpark.pl\/produkt\/ap674l\/\" \/>\n<meta property=\"og:locale\" content=\"en_US\" \/>\n<meta property=\"og:type\" content=\"article\" \/>\n<meta property=\"og:title\" content=\"AP674L - Animal Park\" \/>\n<meta property=\"og:description\" content=\"Wymiary: 16,5 cm (d\u0142.) \u00d7 18 cm (szer.) \u00d7 9,5 cm (wys.)  Materia\u0142: Mosi\u0105dz  Zamykanie: Zakr\u0119cana \u015bruba od spodu  Wyko\u0144czenie: Ochronna warstwa GlossCoat\u2122  W zestawie: Aksamitny woreczek  Produkcja: Handcrafted with Love\u2122 by LoveUrns\u00ae\" \/>\n<meta property=\"og:url\" content=\"https:\/\/animalpark.pl\/produkt\/ap674l\/\" \/>\n<meta property=\"og:site_name\" content=\"Animal Park\" \/>\n<meta property=\"og:image\" content=\"https:\/\/animalpark.pl\/wp-content\/uploads\/2026\/02\/AP674L.png\" \/>\n\t<meta property=\"og:image:width\" content=\"887\" \/>\n\t<meta property=\"og:image:height\" content=\"862\" \/>\n\t<meta property=\"og:image:type\" content=\"image\/png\" \/>\n<meta name=\"twitter:card\" content=\"summary_large_image\" \/>\n<meta name=\"twitter:label1\" content=\"Est. reading time\" \/>\n\t<meta name=\"twitter:data1\" content=\"1 minute\" \/>\n<script type=\"application\/ld+json\" class=\"yoast-schema-graph\">{\"@context\":\"https:\/\/schema.org\",\"@graph\":[{\"@type\":\"WebPage\",\"@id\":\"https:\/\/animalpark.pl\/produkt\/ap674l\/\",\"url\":\"https:\/\/animalpark.pl\/produkt\/ap674l\/\",\"name\":\"AP674L - Animal Park\",\"isPartOf\":{\"@id\":\"https:\/\/animalpark.pl\/#website\"},\"primaryImageOfPage\":{\"@id\":\"https:\/\/animalpark.pl\/produkt\/ap674l\/#primaryimage\"},\"image\":{\"@id\":\"https:\/\/animalpark.pl\/produkt\/ap674l\/#primaryimage\"},\"thumbnailUrl\":\"https:\/\/animalpark.pl\/wp-content\/uploads\/2026\/02\/AP674L.png\",\"datePublished\":\"2026-02-02T06:58:55+00:00\",\"breadcrumb\":{\"@id\":\"https:\/\/animalpark.pl\/produkt\/ap674l\/#breadcrumb\"},\"inLanguage\":\"en-US\",\"potentialAction\":[{\"@type\":\"ReadAction\",\"target\":[\"https:\/\/animalpark.pl\/produkt\/ap674l\/\"]}]},{\"@type\":\"ImageObject\",\"inLanguage\":\"en-US\",\"@id\":\"https:\/\/animalpark.pl\/produkt\/ap674l\/#primaryimage\",\"url\":\"https:\/\/animalpark.pl\/wp-content\/uploads\/2026\/02\/AP674L.png\",\"contentUrl\":\"https:\/\/animalpark.pl\/wp-content\/uploads\/2026\/02\/AP674L.png\",\"width\":887,\"height\":862},{\"@type\":\"BreadcrumbList\",\"@id\":\"https:\/\/animalpark.pl\/produkt\/ap674l\/#breadcrumb\",\"itemListElement\":[{\"@type\":\"ListItem\",\"position\":1,\"name\":\"Strona g\u0142\u00f3wna\",\"item\":\"https:\/\/animalpark.pl\/en\/\"},{\"@type\":\"ListItem\",\"position\":2,\"name\":\"Shop\",\"item\":\"https:\/\/animalpark.pl\/en\/shop\/\"},{\"@type\":\"ListItem\",\"position\":3,\"name\":\"AP674L\"}]},{\"@type\":\"WebSite\",\"@id\":\"https:\/\/animalpark.pl\/#website\",\"url\":\"https:\/\/animalpark.pl\/\",\"name\":\"Animal Park\",\"description\":\"kremacja zwierz\u0105t, eutanazja psa, kota - Lublin, Warszawa, Katowice\",\"potentialAction\":[{\"@type\":\"SearchAction\",\"target\":{\"@type\":\"EntryPoint\",\"urlTemplate\":\"https:\/\/animalpark.pl\/?s={search_term_string}\"},\"query-input\":{\"@type\":\"PropertyValueSpecification\",\"valueRequired\":true,\"valueName\":\"search_term_string\"}}],\"inLanguage\":\"en-US\"}]}<\/script>\n<!-- \/ Yoast SEO plugin. -->","yoast_head_json":{"title":"AP674L - Animal Park","robots":{"index":"index","follow":"follow","max-snippet":"max-snippet:-1","max-image-preview":"max-image-preview:large","max-video-preview":"max-video-preview:-1"},"canonical":"https:\/\/animalpark.pl\/produkt\/ap674l\/","og_locale":"en_US","og_type":"article","og_title":"AP674L - Animal Park","og_description":"Wymiary: 16,5 cm (d\u0142.) \u00d7 18 cm (szer.) \u00d7 9,5 cm (wys.)  Materia\u0142: Mosi\u0105dz  Zamykanie: Zakr\u0119cana \u015bruba od spodu  Wyko\u0144czenie: Ochronna warstwa GlossCoat\u2122  W zestawie: Aksamitny woreczek  Produkcja: Handcrafted with Love\u2122 by LoveUrns\u00ae","og_url":"https:\/\/animalpark.pl\/produkt\/ap674l\/","og_site_name":"Animal Park","og_image":[{"width":887,"height":862,"url":"https:\/\/animalpark.pl\/wp-content\/uploads\/2026\/02\/AP674L.png","type":"image\/png"}],"twitter_card":"summary_large_image","twitter_misc":{"Est. reading time":"1 minute"},"schema":{"@context":"https:\/\/schema.org","@graph":[{"@type":"WebPage","@id":"https:\/\/animalpark.pl\/produkt\/ap674l\/","url":"https:\/\/animalpark.pl\/produkt\/ap674l\/","name":"AP674L - Animal Park","isPartOf":{"@id":"https:\/\/animalpark.pl\/#website"},"primaryImageOfPage":{"@id":"https:\/\/animalpark.pl\/produkt\/ap674l\/#primaryimage"},"image":{"@id":"https:\/\/animalpark.pl\/produkt\/ap674l\/#primaryimage"},"thumbnailUrl":"https:\/\/animalpark.pl\/wp-content\/uploads\/2026\/02\/AP674L.png","datePublished":"2026-02-02T06:58:55+00:00","breadcrumb":{"@id":"https:\/\/animalpark.pl\/produkt\/ap674l\/#breadcrumb"},"inLanguage":"en-US","potentialAction":[{"@type":"ReadAction","target":["https:\/\/animalpark.pl\/produkt\/ap674l\/"]}]},{"@type":"ImageObject","inLanguage":"en-US","@id":"https:\/\/animalpark.pl\/produkt\/ap674l\/#primaryimage","url":"https:\/\/animalpark.pl\/wp-content\/uploads\/2026\/02\/AP674L.png","contentUrl":"https:\/\/animalpark.pl\/wp-content\/uploads\/2026\/02\/AP674L.png","width":887,"height":862},{"@type":"BreadcrumbList","@id":"https:\/\/animalpark.pl\/produkt\/ap674l\/#breadcrumb","itemListElement":[{"@type":"ListItem","position":1,"name":"Strona g\u0142\u00f3wna","item":"https:\/\/animalpark.pl\/en\/"},{"@type":"ListItem","position":2,"name":"Shop","item":"https:\/\/animalpark.pl\/en\/shop\/"},{"@type":"ListItem","position":3,"name":"AP674L"}]},{"@type":"WebSite","@id":"https:\/\/animalpark.pl\/#website","url":"https:\/\/animalpark.pl\/","name":"Animal Park","description":"kremacja zwierz\u0105t, eutanazja psa, kota - Lublin, Warszawa, Katowice","potentialAction":[{"@type":"SearchAction","target":{"@type":"EntryPoint","urlTemplate":"https:\/\/animalpark.pl\/?s={search_term_string}"},"query-input":{"@type":"PropertyValueSpecification","valueRequired":true,"valueName":"search_term_string"}}],"inLanguage":"en-US"}]}},"_links":{"self":[{"href":"https:\/\/animalpark.pl\/en\/wp-json\/wp\/v2\/product\/4351","targetHints":{"allow":["GET"]}}],"collection":[{"href":"https:\/\/animalpark.pl\/en\/wp-json\/wp\/v2\/product"}],"about":[{"href":"https:\/\/animalpark.pl\/en\/wp-json\/wp\/v2\/types\/product"}],"wp:featuredmedia":[{"embeddable":true,"href":"https:\/\/animalpark.pl\/en\/wp-json\/wp\/v2\/media\/4348"}],"wp:attachment":[{"href":"https:\/\/animalpark.pl\/en\/wp-json\/wp\/v2\/media?parent=4351"}],"wp:term":[{"taxonomy":"product_brand","embeddable":true,"href":"https:\/\/animalpark.pl\/en\/wp-json\/wp\/v2\/product_brand?post=4351"},{"taxonomy":"product_cat","embeddable":true,"href":"https:\/\/animalpark.pl\/en\/wp-json\/wp\/v2\/product_cat?post=4351"},{"taxonomy":"product_tag","embeddable":true,"href":"https:\/\/animalpark.pl\/en\/wp-json\/wp\/v2\/product_tag?post=4351"}],"curies":[{"name":"wp","href":"https:\/\/api.w.org\/{rel}","templated":true}]}}