{"id":2021,"date":"2025-05-13T09:32:22","date_gmt":"2025-05-13T09:32:22","guid":{"rendered":"https:\/\/afzet.kylos.pl\/animal25\/?post_type=product&#038;p=2021"},"modified":"2025-09-25T05:17:25","modified_gmt":"2025-09-25T05:17:25","slug":"mech-chrobotek-jasnozielony","status":"publish","type":"product","link":"https:\/\/animalpark.pl\/en\/produkt\/mech-chrobotek-jasnozielony\/","title":{"rendered":"Mech chrobotek &#8211; jasnozielony"},"content":{"rendered":"<ul>\n<li>R\u0119cznie wykonana pami\u0105tka z odciskiem \u0142apy Twojego pupila,<\/li>\n<li>Pokrycie z naturalnego, stabilizowanego mchu \u2013 nie wymaga piel\u0119gnacji ani podlewania,<\/li>\n<li>Wymiary: 25cm x 25cm x 6cm<\/li>\n<li>Do powieszenia na \u015bcianie lub postawienia<\/li>\n<\/ul>\n","protected":false},"excerpt":{"rendered":"<p><strong>Ramka z Odciskiem \u0141apki pokryta mchem \u2013 Jasnozielony Chrobotek<\/strong><\/p>\n<p>Zachowaj bezcenne wspomnienie ukochanego pupila w wyj\u0105tkowej, naturalnej formie. Ramka, w kt\u00f3rej jest umieszczony odcisk \u0142apy Twojego pupila jest pokryta r\u0119cznie uk\u0142adanym mchem reniferowym (chrobotkiem) w jasnozielonym kolorze. Ramka stanowi nie tylko element dekoracyjny, ale przede wszystkim jest symbolem wi\u0119zi z pupilem, kt\u00f3ry na zawsze pozostanie w Twoim sercu.<\/p>\n<p>Ramka z odciskiem \u0142apki to wyj\u0105tkowy spos\u00f3b na uhonorowanie pupila i zatrzymanie blisko\u015bci, kt\u00f3r\u0105 dzielili\u015bcie. Ka\u017cdy egzemplarz wykonywany jest r\u0119cznie, z trosk\u0105 o detal i szacunkiem dla wspomnie\u0144.<\/p>\n<p>Z mi\u0142o\u015bci do wspomnie\u0144. Z serca dla zwierz\u0105t.<\/p>\n","protected":false},"featured_media":4219,"template":"","meta":{"_et_pb_use_builder":"","_et_pb_old_content":"","_et_gb_content_width":""},"product_brand":[],"product_cat":[34],"product_tag":[],"class_list":{"0":"post-2021","1":"product","2":"type-product","3":"status-publish","4":"has-post-thumbnail","6":"product_cat-odcisk-lapy","8":"first","9":"instock","10":"shipping-taxable","11":"purchasable","12":"product-type-simple"},"yoast_head":"<!-- This site is optimized with the Yoast SEO plugin v25.8 - https:\/\/yoast.com\/wordpress\/plugins\/seo\/ -->\n<title>Mech chrobotek - jasnozielony - Animal Park<\/title>\n<meta name=\"robots\" content=\"index, follow, max-snippet:-1, max-image-preview:large, max-video-preview:-1\" \/>\n<link rel=\"canonical\" href=\"https:\/\/animalpark.pl\/produkt\/mech-chrobotek-jasnozielony\/\" \/>\n<meta property=\"og:locale\" content=\"en_US\" \/>\n<meta property=\"og:type\" content=\"article\" \/>\n<meta property=\"og:title\" content=\"Mech chrobotek - jasnozielony - Animal Park\" \/>\n<meta property=\"og:description\" content=\"Ramka z Odciskiem \u0141apki pokryta mchem \u2013 Jasnozielony Chrobotek  Zachowaj bezcenne wspomnienie ukochanego pupila w wyj\u0105tkowej, naturalnej formie. Ramka, w kt\u00f3rej jest umieszczony odcisk \u0142apy Twojego pupila jest pokryta r\u0119cznie uk\u0142adanym mchem reniferowym (chrobotkiem) w jasnozielonym kolorze. Ramka stanowi nie tylko element dekoracyjny, ale przede wszystkim jest symbolem wi\u0119zi z pupilem, kt\u00f3ry na zawsze pozostanie w Twoim sercu.  Ramka z odciskiem \u0142apki to wyj\u0105tkowy spos\u00f3b na uhonorowanie pupila i zatrzymanie blisko\u015bci, kt\u00f3r\u0105 dzielili\u015bcie. Ka\u017cdy egzemplarz wykonywany jest r\u0119cznie, z trosk\u0105 o detal i szacunkiem dla wspomnie\u0144.  Z mi\u0142o\u015bci do wspomnie\u0144. Z serca dla zwierz\u0105t.\" \/>\n<meta property=\"og:url\" content=\"https:\/\/animalpark.pl\/produkt\/mech-chrobotek-jasnozielony\/\" \/>\n<meta property=\"og:site_name\" content=\"Animal Park\" \/>\n<meta property=\"article:modified_time\" content=\"2025-09-25T05:17:25+00:00\" \/>\n<meta property=\"og:image\" content=\"https:\/\/animalpark.pl\/wp-content\/uploads\/2025\/09\/IMG_20250922_140538.jpg\" \/>\n\t<meta property=\"og:image:width\" content=\"1295\" \/>\n\t<meta property=\"og:image:height\" content=\"1320\" \/>\n\t<meta property=\"og:image:type\" content=\"image\/jpeg\" \/>\n<meta name=\"twitter:card\" content=\"summary_large_image\" \/>\n<meta name=\"twitter:label1\" content=\"Est. reading time\" \/>\n\t<meta name=\"twitter:data1\" content=\"1 minute\" \/>\n<script type=\"application\/ld+json\" class=\"yoast-schema-graph\">{\"@context\":\"https:\/\/schema.org\",\"@graph\":[{\"@type\":\"WebPage\",\"@id\":\"https:\/\/animalpark.pl\/produkt\/mech-chrobotek-jasnozielony\/\",\"url\":\"https:\/\/animalpark.pl\/produkt\/mech-chrobotek-jasnozielony\/\",\"name\":\"Mech chrobotek - jasnozielony - Animal Park\",\"isPartOf\":{\"@id\":\"https:\/\/animalpark.pl\/#website\"},\"primaryImageOfPage\":{\"@id\":\"https:\/\/animalpark.pl\/produkt\/mech-chrobotek-jasnozielony\/#primaryimage\"},\"image\":{\"@id\":\"https:\/\/animalpark.pl\/produkt\/mech-chrobotek-jasnozielony\/#primaryimage\"},\"thumbnailUrl\":\"https:\/\/animalpark.pl\/wp-content\/uploads\/2025\/09\/IMG_20250922_140538.jpg\",\"datePublished\":\"2025-05-13T09:32:22+00:00\",\"dateModified\":\"2025-09-25T05:17:25+00:00\",\"breadcrumb\":{\"@id\":\"https:\/\/animalpark.pl\/produkt\/mech-chrobotek-jasnozielony\/#breadcrumb\"},\"inLanguage\":\"en-US\",\"potentialAction\":[{\"@type\":\"ReadAction\",\"target\":[\"https:\/\/animalpark.pl\/produkt\/mech-chrobotek-jasnozielony\/\"]}]},{\"@type\":\"ImageObject\",\"inLanguage\":\"en-US\",\"@id\":\"https:\/\/animalpark.pl\/produkt\/mech-chrobotek-jasnozielony\/#primaryimage\",\"url\":\"https:\/\/animalpark.pl\/wp-content\/uploads\/2025\/09\/IMG_20250922_140538.jpg\",\"contentUrl\":\"https:\/\/animalpark.pl\/wp-content\/uploads\/2025\/09\/IMG_20250922_140538.jpg\",\"width\":1295,\"height\":1320},{\"@type\":\"BreadcrumbList\",\"@id\":\"https:\/\/animalpark.pl\/produkt\/mech-chrobotek-jasnozielony\/#breadcrumb\",\"itemListElement\":[{\"@type\":\"ListItem\",\"position\":1,\"name\":\"Strona g\u0142\u00f3wna\",\"item\":\"https:\/\/animalpark.pl\/en\/\"},{\"@type\":\"ListItem\",\"position\":2,\"name\":\"Shop\",\"item\":\"https:\/\/animalpark.pl\/en\/shop\/\"},{\"@type\":\"ListItem\",\"position\":3,\"name\":\"Mech chrobotek &#8211; jasnozielony\"}]},{\"@type\":\"WebSite\",\"@id\":\"https:\/\/animalpark.pl\/#website\",\"url\":\"https:\/\/animalpark.pl\/\",\"name\":\"Animal Park\",\"description\":\"kremacja zwierz\u0105t, eutanazja psa, kota - Lublin, Warszawa, Katowice\",\"potentialAction\":[{\"@type\":\"SearchAction\",\"target\":{\"@type\":\"EntryPoint\",\"urlTemplate\":\"https:\/\/animalpark.pl\/?s={search_term_string}\"},\"query-input\":{\"@type\":\"PropertyValueSpecification\",\"valueRequired\":true,\"valueName\":\"search_term_string\"}}],\"inLanguage\":\"en-US\"}]}<\/script>\n<!-- \/ Yoast SEO plugin. -->","yoast_head_json":{"title":"Mech chrobotek - jasnozielony - Animal Park","robots":{"index":"index","follow":"follow","max-snippet":"max-snippet:-1","max-image-preview":"max-image-preview:large","max-video-preview":"max-video-preview:-1"},"canonical":"https:\/\/animalpark.pl\/produkt\/mech-chrobotek-jasnozielony\/","og_locale":"en_US","og_type":"article","og_title":"Mech chrobotek - jasnozielony - Animal Park","og_description":"Ramka z Odciskiem \u0141apki pokryta mchem \u2013 Jasnozielony Chrobotek  Zachowaj bezcenne wspomnienie ukochanego pupila w wyj\u0105tkowej, naturalnej formie. Ramka, w kt\u00f3rej jest umieszczony odcisk \u0142apy Twojego pupila jest pokryta r\u0119cznie uk\u0142adanym mchem reniferowym (chrobotkiem) w jasnozielonym kolorze. Ramka stanowi nie tylko element dekoracyjny, ale przede wszystkim jest symbolem wi\u0119zi z pupilem, kt\u00f3ry na zawsze pozostanie w Twoim sercu.  Ramka z odciskiem \u0142apki to wyj\u0105tkowy spos\u00f3b na uhonorowanie pupila i zatrzymanie blisko\u015bci, kt\u00f3r\u0105 dzielili\u015bcie. Ka\u017cdy egzemplarz wykonywany jest r\u0119cznie, z trosk\u0105 o detal i szacunkiem dla wspomnie\u0144.  Z mi\u0142o\u015bci do wspomnie\u0144. Z serca dla zwierz\u0105t.","og_url":"https:\/\/animalpark.pl\/produkt\/mech-chrobotek-jasnozielony\/","og_site_name":"Animal Park","article_modified_time":"2025-09-25T05:17:25+00:00","og_image":[{"width":1295,"height":1320,"url":"https:\/\/animalpark.pl\/wp-content\/uploads\/2025\/09\/IMG_20250922_140538.jpg","type":"image\/jpeg"}],"twitter_card":"summary_large_image","twitter_misc":{"Est. reading time":"1 minute"},"schema":{"@context":"https:\/\/schema.org","@graph":[{"@type":"WebPage","@id":"https:\/\/animalpark.pl\/produkt\/mech-chrobotek-jasnozielony\/","url":"https:\/\/animalpark.pl\/produkt\/mech-chrobotek-jasnozielony\/","name":"Mech chrobotek - jasnozielony - Animal Park","isPartOf":{"@id":"https:\/\/animalpark.pl\/#website"},"primaryImageOfPage":{"@id":"https:\/\/animalpark.pl\/produkt\/mech-chrobotek-jasnozielony\/#primaryimage"},"image":{"@id":"https:\/\/animalpark.pl\/produkt\/mech-chrobotek-jasnozielony\/#primaryimage"},"thumbnailUrl":"https:\/\/animalpark.pl\/wp-content\/uploads\/2025\/09\/IMG_20250922_140538.jpg","datePublished":"2025-05-13T09:32:22+00:00","dateModified":"2025-09-25T05:17:25+00:00","breadcrumb":{"@id":"https:\/\/animalpark.pl\/produkt\/mech-chrobotek-jasnozielony\/#breadcrumb"},"inLanguage":"en-US","potentialAction":[{"@type":"ReadAction","target":["https:\/\/animalpark.pl\/produkt\/mech-chrobotek-jasnozielony\/"]}]},{"@type":"ImageObject","inLanguage":"en-US","@id":"https:\/\/animalpark.pl\/produkt\/mech-chrobotek-jasnozielony\/#primaryimage","url":"https:\/\/animalpark.pl\/wp-content\/uploads\/2025\/09\/IMG_20250922_140538.jpg","contentUrl":"https:\/\/animalpark.pl\/wp-content\/uploads\/2025\/09\/IMG_20250922_140538.jpg","width":1295,"height":1320},{"@type":"BreadcrumbList","@id":"https:\/\/animalpark.pl\/produkt\/mech-chrobotek-jasnozielony\/#breadcrumb","itemListElement":[{"@type":"ListItem","position":1,"name":"Strona g\u0142\u00f3wna","item":"https:\/\/animalpark.pl\/en\/"},{"@type":"ListItem","position":2,"name":"Shop","item":"https:\/\/animalpark.pl\/en\/shop\/"},{"@type":"ListItem","position":3,"name":"Mech chrobotek &#8211; jasnozielony"}]},{"@type":"WebSite","@id":"https:\/\/animalpark.pl\/#website","url":"https:\/\/animalpark.pl\/","name":"Animal Park","description":"kremacja zwierz\u0105t, eutanazja psa, kota - Lublin, Warszawa, Katowice","potentialAction":[{"@type":"SearchAction","target":{"@type":"EntryPoint","urlTemplate":"https:\/\/animalpark.pl\/?s={search_term_string}"},"query-input":{"@type":"PropertyValueSpecification","valueRequired":true,"valueName":"search_term_string"}}],"inLanguage":"en-US"}]}},"_links":{"self":[{"href":"https:\/\/animalpark.pl\/en\/wp-json\/wp\/v2\/product\/2021","targetHints":{"allow":["GET"]}}],"collection":[{"href":"https:\/\/animalpark.pl\/en\/wp-json\/wp\/v2\/product"}],"about":[{"href":"https:\/\/animalpark.pl\/en\/wp-json\/wp\/v2\/types\/product"}],"wp:featuredmedia":[{"embeddable":true,"href":"https:\/\/animalpark.pl\/en\/wp-json\/wp\/v2\/media\/4219"}],"wp:attachment":[{"href":"https:\/\/animalpark.pl\/en\/wp-json\/wp\/v2\/media?parent=2021"}],"wp:term":[{"taxonomy":"product_brand","embeddable":true,"href":"https:\/\/animalpark.pl\/en\/wp-json\/wp\/v2\/product_brand?post=2021"},{"taxonomy":"product_cat","embeddable":true,"href":"https:\/\/animalpark.pl\/en\/wp-json\/wp\/v2\/product_cat?post=2021"},{"taxonomy":"product_tag","embeddable":true,"href":"https:\/\/animalpark.pl\/en\/wp-json\/wp\/v2\/product_tag?post=2021"}],"curies":[{"name":"wp","href":"https:\/\/api.w.org\/{rel}","templated":true}]}}