{"id":2012,"date":"2025-05-13T09:24:44","date_gmt":"2025-05-13T09:24:44","guid":{"rendered":"https:\/\/afzet.kylos.pl\/animal25\/?post_type=product&#038;p=2012"},"modified":"2025-06-02T13:06:13","modified_gmt":"2025-06-02T13:06:13","slug":"ap631","status":"publish","type":"product","link":"https:\/\/animalpark.pl\/en\/produkt\/ap631\/","title":{"rendered":"AP631"},"content":{"rendered":"<ul>\n<li><strong>Wymiary:<\/strong><br \/>\n<strong>dla zwierz\u0105t 2-10 kg (M)<\/strong> &#8211; 11 cm (d\u0142.) \u00d7 12 cm (szer.) \u00d7 7 cm (wys.)<br \/>\n<strong>dla zwierz\u0105t 10-25 kg (L)<\/strong> &#8211; 14 cm (d\u0142.) \u00d7 14 cm (szer.) \u00d7 8,5 cm (wys.)<\/li>\n<li><strong>Materia\u0142:<\/strong> Trwa\u0142y mosi\u0105dz<\/li>\n<li><strong>Zamykanie:<\/strong> Zakr\u0119cana \u015bruba na spodzie<\/li>\n<li><strong>Wyko\u0144czenie:<\/strong> Trwa\u0142a, b\u0142yszcz\u0105ca pow\u0142oka ochronna GlossCoat\u2122<\/li>\n<li><strong>W zestawie<\/strong>: Czarny woreczek<\/li>\n<li><strong>Producent:<\/strong> Handcrafted with Love\u2122 by LoveUrns\u00ae<\/li>\n<\/ul>\n","protected":false},"excerpt":{"rendered":"<p>Wyra\u017a mi\u0142o\u015b\u0107 i pami\u0119\u0107 o swoim ukochanym pupilu dzi\u0119ki wyj\u0105tkowej urnie pami\u0105tkowej w kszta\u0142cie serca. Symbolizuje on siln\u0105 wi\u0119\u017a, kt\u00f3r\u0105 dzieli\u0142e\u015b ze swoim zwierzakiem, a eleganckie wyko\u0144czenie dodaje ca\u0142o\u015bci szlachetnego charakteru. To nie tylko urna \u2013 to symboliczna pami\u0105tka pe\u0142na emocji. Kszta\u0142t serca m\u00f3wi wi\u0119cej ni\u017c s\u0142owa, a mo\u017cliwo\u015b\u0107 personalizacji pozwala uczyni\u0107 j\u0105 jeszcze bardziej osobist\u0105. Ka\u017cda urna jest tworzona r\u0119cznie z mi\u0142o\u015bci\u0105, by pom\u00f3c Ci godnie po\u017cegna\u0107 swojego pupila.<\/p>\n<p><strong>\u2726 Personalizacja:<\/strong><\/p>\n<p>Istnieje mo\u017cliwo\u015b\u0107 wykonania personalizowanego graweru \u2013 2 linie tekstu, maksymalnie 10 znak\u00f3w w ka\u017cdej linii. Dost\u0119pny wyb\u00f3r czcionek umo\u017cliwia dopasowanie stylu do Twoich uczu\u0107 i wspomnie\u0144. W celu zam\u00f3wienia graweru prosimy o wiadomo\u015b\u0107 na adres biuro@animalpark.pl<\/p>\n<p>Grawer dodatkowo p\u0142atny.<\/p>\n","protected":false},"featured_media":1856,"template":"","meta":{"_et_pb_use_builder":"","_et_pb_old_content":"","_et_gb_content_width":""},"product_brand":[],"product_cat":[36,37],"product_tag":[],"class_list":{"0":"post-2012","1":"product","2":"type-product","3":"status-publish","4":"has-post-thumbnail","6":"product_cat-dla-zwierzat-1-10kg","7":"product_cat-dla-zwierzat-10-25kg","9":"first","10":"instock","11":"shipping-taxable","12":"purchasable","13":"product-type-variable"},"yoast_head":"<!-- This site is optimized with the Yoast SEO plugin v25.8 - https:\/\/yoast.com\/wordpress\/plugins\/seo\/ -->\n<title>AP631 - Animal Park<\/title>\n<meta name=\"robots\" content=\"index, follow, max-snippet:-1, max-image-preview:large, max-video-preview:-1\" \/>\n<link rel=\"canonical\" href=\"https:\/\/animalpark.pl\/produkt\/ap631\/\" \/>\n<meta property=\"og:locale\" content=\"en_US\" \/>\n<meta property=\"og:type\" content=\"article\" \/>\n<meta property=\"og:title\" content=\"AP631 - Animal Park\" \/>\n<meta property=\"og:description\" content=\"Wyra\u017a mi\u0142o\u015b\u0107 i pami\u0119\u0107 o swoim ukochanym pupilu dzi\u0119ki wyj\u0105tkowej urnie pami\u0105tkowej w kszta\u0142cie serca. Symbolizuje on siln\u0105 wi\u0119\u017a, kt\u00f3r\u0105 dzieli\u0142e\u015b ze swoim zwierzakiem, a eleganckie wyko\u0144czenie dodaje ca\u0142o\u015bci szlachetnego charakteru. To nie tylko urna \u2013 to symboliczna pami\u0105tka pe\u0142na emocji. Kszta\u0142t serca m\u00f3wi wi\u0119cej ni\u017c s\u0142owa, a mo\u017cliwo\u015b\u0107 personalizacji pozwala uczyni\u0107 j\u0105 jeszcze bardziej osobist\u0105. Ka\u017cda urna jest tworzona r\u0119cznie z mi\u0142o\u015bci\u0105, by pom\u00f3c Ci godnie po\u017cegna\u0107 swojego pupila.  \u2726 Personalizacja:  Istnieje mo\u017cliwo\u015b\u0107 wykonania personalizowanego graweru \u2013 2 linie tekstu, maksymalnie 10 znak\u00f3w w ka\u017cdej linii. Dost\u0119pny wyb\u00f3r czcionek umo\u017cliwia dopasowanie stylu do Twoich uczu\u0107 i wspomnie\u0144. W celu zam\u00f3wienia graweru prosimy o wiadomo\u015b\u0107 na adres biuro@animalpark.pl  Grawer dodatkowo p\u0142atny.\" \/>\n<meta property=\"og:url\" content=\"https:\/\/animalpark.pl\/produkt\/ap631\/\" \/>\n<meta property=\"og:site_name\" content=\"Animal Park\" \/>\n<meta property=\"article:modified_time\" content=\"2025-06-02T13:06:13+00:00\" \/>\n<meta property=\"og:image\" content=\"https:\/\/animalpark.pl\/wp-content\/uploads\/2025\/05\/AP631M.png\" \/>\n\t<meta property=\"og:image:width\" content=\"1080\" \/>\n\t<meta property=\"og:image:height\" content=\"1080\" \/>\n\t<meta property=\"og:image:type\" content=\"image\/png\" \/>\n<meta name=\"twitter:card\" content=\"summary_large_image\" \/>\n<script type=\"application\/ld+json\" class=\"yoast-schema-graph\">{\"@context\":\"https:\/\/schema.org\",\"@graph\":[{\"@type\":\"WebPage\",\"@id\":\"https:\/\/animalpark.pl\/produkt\/ap631\/\",\"url\":\"https:\/\/animalpark.pl\/produkt\/ap631\/\",\"name\":\"AP631 - Animal Park\",\"isPartOf\":{\"@id\":\"https:\/\/animalpark.pl\/#website\"},\"primaryImageOfPage\":{\"@id\":\"https:\/\/animalpark.pl\/produkt\/ap631\/#primaryimage\"},\"image\":{\"@id\":\"https:\/\/animalpark.pl\/produkt\/ap631\/#primaryimage\"},\"thumbnailUrl\":\"https:\/\/animalpark.pl\/wp-content\/uploads\/2025\/05\/AP631M.png\",\"datePublished\":\"2025-05-13T09:24:44+00:00\",\"dateModified\":\"2025-06-02T13:06:13+00:00\",\"breadcrumb\":{\"@id\":\"https:\/\/animalpark.pl\/produkt\/ap631\/#breadcrumb\"},\"inLanguage\":\"en-US\",\"potentialAction\":[{\"@type\":\"ReadAction\",\"target\":[\"https:\/\/animalpark.pl\/produkt\/ap631\/\"]}]},{\"@type\":\"ImageObject\",\"inLanguage\":\"en-US\",\"@id\":\"https:\/\/animalpark.pl\/produkt\/ap631\/#primaryimage\",\"url\":\"https:\/\/animalpark.pl\/wp-content\/uploads\/2025\/05\/AP631M.png\",\"contentUrl\":\"https:\/\/animalpark.pl\/wp-content\/uploads\/2025\/05\/AP631M.png\",\"width\":1080,\"height\":1080},{\"@type\":\"BreadcrumbList\",\"@id\":\"https:\/\/animalpark.pl\/produkt\/ap631\/#breadcrumb\",\"itemListElement\":[{\"@type\":\"ListItem\",\"position\":1,\"name\":\"Strona g\u0142\u00f3wna\",\"item\":\"https:\/\/animalpark.pl\/en\/\"},{\"@type\":\"ListItem\",\"position\":2,\"name\":\"Shop\",\"item\":\"https:\/\/animalpark.pl\/en\/shop\/\"},{\"@type\":\"ListItem\",\"position\":3,\"name\":\"AP631\"}]},{\"@type\":\"WebSite\",\"@id\":\"https:\/\/animalpark.pl\/#website\",\"url\":\"https:\/\/animalpark.pl\/\",\"name\":\"Animal Park\",\"description\":\"kremacja zwierz\u0105t, eutanazja psa, kota - Lublin, Warszawa, Katowice\",\"potentialAction\":[{\"@type\":\"SearchAction\",\"target\":{\"@type\":\"EntryPoint\",\"urlTemplate\":\"https:\/\/animalpark.pl\/?s={search_term_string}\"},\"query-input\":{\"@type\":\"PropertyValueSpecification\",\"valueRequired\":true,\"valueName\":\"search_term_string\"}}],\"inLanguage\":\"en-US\"}]}<\/script>\n<!-- \/ Yoast SEO plugin. -->","yoast_head_json":{"title":"AP631 - Animal Park","robots":{"index":"index","follow":"follow","max-snippet":"max-snippet:-1","max-image-preview":"max-image-preview:large","max-video-preview":"max-video-preview:-1"},"canonical":"https:\/\/animalpark.pl\/produkt\/ap631\/","og_locale":"en_US","og_type":"article","og_title":"AP631 - Animal Park","og_description":"Wyra\u017a mi\u0142o\u015b\u0107 i pami\u0119\u0107 o swoim ukochanym pupilu dzi\u0119ki wyj\u0105tkowej urnie pami\u0105tkowej w kszta\u0142cie serca. Symbolizuje on siln\u0105 wi\u0119\u017a, kt\u00f3r\u0105 dzieli\u0142e\u015b ze swoim zwierzakiem, a eleganckie wyko\u0144czenie dodaje ca\u0142o\u015bci szlachetnego charakteru. To nie tylko urna \u2013 to symboliczna pami\u0105tka pe\u0142na emocji. Kszta\u0142t serca m\u00f3wi wi\u0119cej ni\u017c s\u0142owa, a mo\u017cliwo\u015b\u0107 personalizacji pozwala uczyni\u0107 j\u0105 jeszcze bardziej osobist\u0105. Ka\u017cda urna jest tworzona r\u0119cznie z mi\u0142o\u015bci\u0105, by pom\u00f3c Ci godnie po\u017cegna\u0107 swojego pupila.  \u2726 Personalizacja:  Istnieje mo\u017cliwo\u015b\u0107 wykonania personalizowanego graweru \u2013 2 linie tekstu, maksymalnie 10 znak\u00f3w w ka\u017cdej linii. Dost\u0119pny wyb\u00f3r czcionek umo\u017cliwia dopasowanie stylu do Twoich uczu\u0107 i wspomnie\u0144. W celu zam\u00f3wienia graweru prosimy o wiadomo\u015b\u0107 na adres biuro@animalpark.pl  Grawer dodatkowo p\u0142atny.","og_url":"https:\/\/animalpark.pl\/produkt\/ap631\/","og_site_name":"Animal Park","article_modified_time":"2025-06-02T13:06:13+00:00","og_image":[{"width":1080,"height":1080,"url":"https:\/\/animalpark.pl\/wp-content\/uploads\/2025\/05\/AP631M.png","type":"image\/png"}],"twitter_card":"summary_large_image","schema":{"@context":"https:\/\/schema.org","@graph":[{"@type":"WebPage","@id":"https:\/\/animalpark.pl\/produkt\/ap631\/","url":"https:\/\/animalpark.pl\/produkt\/ap631\/","name":"AP631 - Animal Park","isPartOf":{"@id":"https:\/\/animalpark.pl\/#website"},"primaryImageOfPage":{"@id":"https:\/\/animalpark.pl\/produkt\/ap631\/#primaryimage"},"image":{"@id":"https:\/\/animalpark.pl\/produkt\/ap631\/#primaryimage"},"thumbnailUrl":"https:\/\/animalpark.pl\/wp-content\/uploads\/2025\/05\/AP631M.png","datePublished":"2025-05-13T09:24:44+00:00","dateModified":"2025-06-02T13:06:13+00:00","breadcrumb":{"@id":"https:\/\/animalpark.pl\/produkt\/ap631\/#breadcrumb"},"inLanguage":"en-US","potentialAction":[{"@type":"ReadAction","target":["https:\/\/animalpark.pl\/produkt\/ap631\/"]}]},{"@type":"ImageObject","inLanguage":"en-US","@id":"https:\/\/animalpark.pl\/produkt\/ap631\/#primaryimage","url":"https:\/\/animalpark.pl\/wp-content\/uploads\/2025\/05\/AP631M.png","contentUrl":"https:\/\/animalpark.pl\/wp-content\/uploads\/2025\/05\/AP631M.png","width":1080,"height":1080},{"@type":"BreadcrumbList","@id":"https:\/\/animalpark.pl\/produkt\/ap631\/#breadcrumb","itemListElement":[{"@type":"ListItem","position":1,"name":"Strona g\u0142\u00f3wna","item":"https:\/\/animalpark.pl\/en\/"},{"@type":"ListItem","position":2,"name":"Shop","item":"https:\/\/animalpark.pl\/en\/shop\/"},{"@type":"ListItem","position":3,"name":"AP631"}]},{"@type":"WebSite","@id":"https:\/\/animalpark.pl\/#website","url":"https:\/\/animalpark.pl\/","name":"Animal Park","description":"kremacja zwierz\u0105t, eutanazja psa, kota - Lublin, Warszawa, Katowice","potentialAction":[{"@type":"SearchAction","target":{"@type":"EntryPoint","urlTemplate":"https:\/\/animalpark.pl\/?s={search_term_string}"},"query-input":{"@type":"PropertyValueSpecification","valueRequired":true,"valueName":"search_term_string"}}],"inLanguage":"en-US"}]}},"_links":{"self":[{"href":"https:\/\/animalpark.pl\/en\/wp-json\/wp\/v2\/product\/2012","targetHints":{"allow":["GET"]}}],"collection":[{"href":"https:\/\/animalpark.pl\/en\/wp-json\/wp\/v2\/product"}],"about":[{"href":"https:\/\/animalpark.pl\/en\/wp-json\/wp\/v2\/types\/product"}],"wp:featuredmedia":[{"embeddable":true,"href":"https:\/\/animalpark.pl\/en\/wp-json\/wp\/v2\/media\/1856"}],"wp:attachment":[{"href":"https:\/\/animalpark.pl\/en\/wp-json\/wp\/v2\/media?parent=2012"}],"wp:term":[{"taxonomy":"product_brand","embeddable":true,"href":"https:\/\/animalpark.pl\/en\/wp-json\/wp\/v2\/product_brand?post=2012"},{"taxonomy":"product_cat","embeddable":true,"href":"https:\/\/animalpark.pl\/en\/wp-json\/wp\/v2\/product_cat?post=2012"},{"taxonomy":"product_tag","embeddable":true,"href":"https:\/\/animalpark.pl\/en\/wp-json\/wp\/v2\/product_tag?post=2012"}],"curies":[{"name":"wp","href":"https:\/\/api.w.org\/{rel}","templated":true}]}}