{"id":2010,"date":"2025-05-13T09:21:29","date_gmt":"2025-05-13T09:21:29","guid":{"rendered":"https:\/\/afzet.kylos.pl\/animal25\/?post_type=product&#038;p=2010"},"modified":"2026-02-02T06:28:01","modified_gmt":"2026-02-02T06:28:01","slug":"ap674m","status":"publish","type":"product","link":"https:\/\/animalpark.pl\/en\/produkt\/ap674m\/","title":{"rendered":"AP674M"},"content":{"rendered":"<ul>\n<li><strong>Wymiary:<\/strong> 16,5 cm (d\u0142.) \u00d7 18 cm (szer.) \u00d7 9,5 cm (wys.)<\/li>\n<li><strong>Materia\u0142:<\/strong> Mosi\u0105dz<\/li>\n<li><strong>Zamykanie:<\/strong> Zakr\u0119cana \u015bruba od spodu<\/li>\n<li><strong>Wyko\u0144czenie:<\/strong> Ochronna warstwa GlossCoat\u2122<\/li>\n<li><strong>W zestawie:<\/strong> Aksamitny woreczek<\/li>\n<li><strong>Produkcja:<\/strong> Handcrafted with Love\u2122 by LoveUrns\u00ae<\/li>\n<\/ul>\n","protected":false},"excerpt":{"rendered":"<p>Stworzona z sercem, aby uczci\u0107 pami\u0119\u0107 o Twoim ukochanym pupilu. Urna w kszta\u0142cie \u0142apki, wykonana z wysokiej jako\u015bci mosi\u0105dzu i pokryta eleganck\u0105, l\u015bni\u0105c\u0105 pow\u0142ok\u0105 To pi\u0119kny i trwa\u0142y spos\u00f3b na zachowanie blisko\u015bci z czworono\u017cnym przyjacielem na zawsze.<\/p>\n<p><strong>\u2726 Personalizacja:<\/strong><\/p>\n<p>Istnieje mo\u017cliwo\u015b\u0107 wykonania personalizowanego graweru \u2013 3 linie tekstu, maksymalnie 20 znak\u00f3w w ka\u017cdej linii. Dost\u0119pny wyb\u00f3r czcionek umo\u017cliwia dopasowanie stylu do Twoich uczu\u0107 i wspomnie\u0144. W celu zam\u00f3wienia graweru prosimy o wiadomo\u015b\u0107 na adres biuro@animalpark.pl<\/p>\n<p>Grawer dodatkowo p\u0142atny.<\/p>\n","protected":false},"featured_media":1814,"template":"","meta":{"_et_pb_use_builder":"","_et_pb_old_content":"","_et_gb_content_width":""},"product_brand":[],"product_cat":[37],"product_tag":[],"class_list":{"0":"post-2010","1":"product","2":"type-product","3":"status-publish","4":"has-post-thumbnail","6":"product_cat-dla-zwierzat-10-25kg","8":"first","9":"instock","10":"shipping-taxable","11":"purchasable","12":"product-type-simple"},"yoast_head":"<!-- This site is optimized with the Yoast SEO plugin v25.8 - https:\/\/yoast.com\/wordpress\/plugins\/seo\/ -->\n<title>AP674M - Animal Park<\/title>\n<meta name=\"robots\" content=\"index, follow, max-snippet:-1, max-image-preview:large, max-video-preview:-1\" \/>\n<link rel=\"canonical\" href=\"https:\/\/animalpark.pl\/produkt\/ap674m\/\" \/>\n<meta property=\"og:locale\" content=\"en_US\" \/>\n<meta property=\"og:type\" content=\"article\" \/>\n<meta property=\"og:title\" content=\"AP674M - Animal Park\" \/>\n<meta property=\"og:description\" content=\"Stworzona z sercem, aby uczci\u0107 pami\u0119\u0107 o Twoim ukochanym pupilu. Urna w kszta\u0142cie \u0142apki, wykonana z wysokiej jako\u015bci mosi\u0105dzu i pokryta eleganck\u0105, l\u015bni\u0105c\u0105 pow\u0142ok\u0105 To pi\u0119kny i trwa\u0142y spos\u00f3b na zachowanie blisko\u015bci z czworono\u017cnym przyjacielem na zawsze.  \u2726 Personalizacja:  Istnieje mo\u017cliwo\u015b\u0107 wykonania personalizowanego graweru \u2013 3 linie tekstu, maksymalnie 20 znak\u00f3w w ka\u017cdej linii. Dost\u0119pny wyb\u00f3r czcionek umo\u017cliwia dopasowanie stylu do Twoich uczu\u0107 i wspomnie\u0144. W celu zam\u00f3wienia graweru prosimy o wiadomo\u015b\u0107 na adres biuro@animalpark.pl  Grawer dodatkowo p\u0142atny.\" \/>\n<meta property=\"og:url\" content=\"https:\/\/animalpark.pl\/produkt\/ap674m\/\" \/>\n<meta property=\"og:site_name\" content=\"Animal Park\" \/>\n<meta property=\"article:modified_time\" content=\"2026-02-02T06:28:01+00:00\" \/>\n<meta property=\"og:image\" content=\"https:\/\/animalpark.pl\/wp-content\/uploads\/2025\/05\/AP672M.png\" \/>\n\t<meta property=\"og:image:width\" content=\"1080\" \/>\n\t<meta property=\"og:image:height\" content=\"1080\" \/>\n\t<meta property=\"og:image:type\" content=\"image\/png\" \/>\n<meta name=\"twitter:card\" content=\"summary_large_image\" \/>\n<meta name=\"twitter:label1\" content=\"Est. reading time\" \/>\n\t<meta name=\"twitter:data1\" content=\"1 minute\" \/>\n<script type=\"application\/ld+json\" class=\"yoast-schema-graph\">{\"@context\":\"https:\/\/schema.org\",\"@graph\":[{\"@type\":\"WebPage\",\"@id\":\"https:\/\/animalpark.pl\/produkt\/ap674m\/\",\"url\":\"https:\/\/animalpark.pl\/produkt\/ap674m\/\",\"name\":\"AP674M - Animal Park\",\"isPartOf\":{\"@id\":\"https:\/\/animalpark.pl\/#website\"},\"primaryImageOfPage\":{\"@id\":\"https:\/\/animalpark.pl\/produkt\/ap674m\/#primaryimage\"},\"image\":{\"@id\":\"https:\/\/animalpark.pl\/produkt\/ap674m\/#primaryimage\"},\"thumbnailUrl\":\"https:\/\/animalpark.pl\/wp-content\/uploads\/2025\/05\/AP672M.png\",\"datePublished\":\"2025-05-13T09:21:29+00:00\",\"dateModified\":\"2026-02-02T06:28:01+00:00\",\"breadcrumb\":{\"@id\":\"https:\/\/animalpark.pl\/produkt\/ap674m\/#breadcrumb\"},\"inLanguage\":\"en-US\",\"potentialAction\":[{\"@type\":\"ReadAction\",\"target\":[\"https:\/\/animalpark.pl\/produkt\/ap674m\/\"]}]},{\"@type\":\"ImageObject\",\"inLanguage\":\"en-US\",\"@id\":\"https:\/\/animalpark.pl\/produkt\/ap674m\/#primaryimage\",\"url\":\"https:\/\/animalpark.pl\/wp-content\/uploads\/2025\/05\/AP672M.png\",\"contentUrl\":\"https:\/\/animalpark.pl\/wp-content\/uploads\/2025\/05\/AP672M.png\",\"width\":1080,\"height\":1080},{\"@type\":\"BreadcrumbList\",\"@id\":\"https:\/\/animalpark.pl\/produkt\/ap674m\/#breadcrumb\",\"itemListElement\":[{\"@type\":\"ListItem\",\"position\":1,\"name\":\"Strona g\u0142\u00f3wna\",\"item\":\"https:\/\/animalpark.pl\/en\/\"},{\"@type\":\"ListItem\",\"position\":2,\"name\":\"Shop\",\"item\":\"https:\/\/animalpark.pl\/en\/shop\/\"},{\"@type\":\"ListItem\",\"position\":3,\"name\":\"AP674M\"}]},{\"@type\":\"WebSite\",\"@id\":\"https:\/\/animalpark.pl\/#website\",\"url\":\"https:\/\/animalpark.pl\/\",\"name\":\"Animal Park\",\"description\":\"kremacja zwierz\u0105t, eutanazja psa, kota - Lublin, Warszawa, Katowice\",\"potentialAction\":[{\"@type\":\"SearchAction\",\"target\":{\"@type\":\"EntryPoint\",\"urlTemplate\":\"https:\/\/animalpark.pl\/?s={search_term_string}\"},\"query-input\":{\"@type\":\"PropertyValueSpecification\",\"valueRequired\":true,\"valueName\":\"search_term_string\"}}],\"inLanguage\":\"en-US\"}]}<\/script>\n<!-- \/ Yoast SEO plugin. -->","yoast_head_json":{"title":"AP674M - Animal Park","robots":{"index":"index","follow":"follow","max-snippet":"max-snippet:-1","max-image-preview":"max-image-preview:large","max-video-preview":"max-video-preview:-1"},"canonical":"https:\/\/animalpark.pl\/produkt\/ap674m\/","og_locale":"en_US","og_type":"article","og_title":"AP674M - Animal Park","og_description":"Stworzona z sercem, aby uczci\u0107 pami\u0119\u0107 o Twoim ukochanym pupilu. Urna w kszta\u0142cie \u0142apki, wykonana z wysokiej jako\u015bci mosi\u0105dzu i pokryta eleganck\u0105, l\u015bni\u0105c\u0105 pow\u0142ok\u0105 To pi\u0119kny i trwa\u0142y spos\u00f3b na zachowanie blisko\u015bci z czworono\u017cnym przyjacielem na zawsze.  \u2726 Personalizacja:  Istnieje mo\u017cliwo\u015b\u0107 wykonania personalizowanego graweru \u2013 3 linie tekstu, maksymalnie 20 znak\u00f3w w ka\u017cdej linii. Dost\u0119pny wyb\u00f3r czcionek umo\u017cliwia dopasowanie stylu do Twoich uczu\u0107 i wspomnie\u0144. W celu zam\u00f3wienia graweru prosimy o wiadomo\u015b\u0107 na adres biuro@animalpark.pl  Grawer dodatkowo p\u0142atny.","og_url":"https:\/\/animalpark.pl\/produkt\/ap674m\/","og_site_name":"Animal Park","article_modified_time":"2026-02-02T06:28:01+00:00","og_image":[{"width":1080,"height":1080,"url":"https:\/\/animalpark.pl\/wp-content\/uploads\/2025\/05\/AP672M.png","type":"image\/png"}],"twitter_card":"summary_large_image","twitter_misc":{"Est. reading time":"1 minute"},"schema":{"@context":"https:\/\/schema.org","@graph":[{"@type":"WebPage","@id":"https:\/\/animalpark.pl\/produkt\/ap674m\/","url":"https:\/\/animalpark.pl\/produkt\/ap674m\/","name":"AP674M - Animal Park","isPartOf":{"@id":"https:\/\/animalpark.pl\/#website"},"primaryImageOfPage":{"@id":"https:\/\/animalpark.pl\/produkt\/ap674m\/#primaryimage"},"image":{"@id":"https:\/\/animalpark.pl\/produkt\/ap674m\/#primaryimage"},"thumbnailUrl":"https:\/\/animalpark.pl\/wp-content\/uploads\/2025\/05\/AP672M.png","datePublished":"2025-05-13T09:21:29+00:00","dateModified":"2026-02-02T06:28:01+00:00","breadcrumb":{"@id":"https:\/\/animalpark.pl\/produkt\/ap674m\/#breadcrumb"},"inLanguage":"en-US","potentialAction":[{"@type":"ReadAction","target":["https:\/\/animalpark.pl\/produkt\/ap674m\/"]}]},{"@type":"ImageObject","inLanguage":"en-US","@id":"https:\/\/animalpark.pl\/produkt\/ap674m\/#primaryimage","url":"https:\/\/animalpark.pl\/wp-content\/uploads\/2025\/05\/AP672M.png","contentUrl":"https:\/\/animalpark.pl\/wp-content\/uploads\/2025\/05\/AP672M.png","width":1080,"height":1080},{"@type":"BreadcrumbList","@id":"https:\/\/animalpark.pl\/produkt\/ap674m\/#breadcrumb","itemListElement":[{"@type":"ListItem","position":1,"name":"Strona g\u0142\u00f3wna","item":"https:\/\/animalpark.pl\/en\/"},{"@type":"ListItem","position":2,"name":"Shop","item":"https:\/\/animalpark.pl\/en\/shop\/"},{"@type":"ListItem","position":3,"name":"AP674M"}]},{"@type":"WebSite","@id":"https:\/\/animalpark.pl\/#website","url":"https:\/\/animalpark.pl\/","name":"Animal Park","description":"kremacja zwierz\u0105t, eutanazja psa, kota - Lublin, Warszawa, Katowice","potentialAction":[{"@type":"SearchAction","target":{"@type":"EntryPoint","urlTemplate":"https:\/\/animalpark.pl\/?s={search_term_string}"},"query-input":{"@type":"PropertyValueSpecification","valueRequired":true,"valueName":"search_term_string"}}],"inLanguage":"en-US"}]}},"_links":{"self":[{"href":"https:\/\/animalpark.pl\/en\/wp-json\/wp\/v2\/product\/2010","targetHints":{"allow":["GET"]}}],"collection":[{"href":"https:\/\/animalpark.pl\/en\/wp-json\/wp\/v2\/product"}],"about":[{"href":"https:\/\/animalpark.pl\/en\/wp-json\/wp\/v2\/types\/product"}],"wp:featuredmedia":[{"embeddable":true,"href":"https:\/\/animalpark.pl\/en\/wp-json\/wp\/v2\/media\/1814"}],"wp:attachment":[{"href":"https:\/\/animalpark.pl\/en\/wp-json\/wp\/v2\/media?parent=2010"}],"wp:term":[{"taxonomy":"product_brand","embeddable":true,"href":"https:\/\/animalpark.pl\/en\/wp-json\/wp\/v2\/product_brand?post=2010"},{"taxonomy":"product_cat","embeddable":true,"href":"https:\/\/animalpark.pl\/en\/wp-json\/wp\/v2\/product_cat?post=2010"},{"taxonomy":"product_tag","embeddable":true,"href":"https:\/\/animalpark.pl\/en\/wp-json\/wp\/v2\/product_tag?post=2010"}],"curies":[{"name":"wp","href":"https:\/\/api.w.org\/{rel}","templated":true}]}}