{"id":1985,"date":"2025-05-13T08:59:23","date_gmt":"2025-05-13T08:59:23","guid":{"rendered":"https:\/\/afzet.kylos.pl\/animal25\/?post_type=product&#038;p=1985"},"modified":"2025-09-17T08:28:06","modified_gmt":"2025-09-17T08:28:06","slug":"apm1041","status":"publish","type":"product","link":"https:\/\/animalpark.pl\/en\/produkt\/apm1041\/","title":{"rendered":"APM1041"},"content":{"rendered":"<ul>\n<li><strong>Wymiary:<\/strong> 11,5 cm (d\u0142.) \u00d7 16,5 cm (szer.) \u00d7 11,5 cm (wys.)<\/li>\n<li><strong>Materia\u0142:<\/strong> Mosi\u0105dz i stop metali<\/li>\n<li><strong>Zamykanie<\/strong>: Zakr\u0119cana \u015bruba od spodu<\/li>\n<li><strong>Wyko\u0144czenie:<\/strong> Ochronna pow\u0142oka<\/li>\n<li><strong>W zestawie:<\/strong> Elegancki woreczek prezentacyjny<\/li>\n<li><strong>Producent:<\/strong> Handcrafted with Love\u2122 by LoveUrns\u00ae<\/li>\n<\/ul>\n","protected":false},"excerpt":{"rendered":"<p>Urna pami\u0105tkowa w kszta\u0142cie motyla jest symbolem nadziei, odrodzenia i wiecznej mi\u0142o\u015bci. Jej eleganckie wyko\u0144czenie w kolorze per\u0142owej lawendy i polerowanego srebra nadaje jej wyj\u0105tkowy, spokojny charakter, idealny do godnego uczczenia pami\u0119ci bliskiego.<\/p>\n<p><strong>Dlaczego warto wybra\u0107 urn\u0119 motyl?<\/strong><\/p>\n<ul>\n<li>Symbol motyla \u2013 nadzieja, spok\u00f3j, przemiana<\/li>\n<li>Subtelne, pastelowe wyko\u0144czenie \u2013 harmonijnie wpisuje si\u0119 w ka\u017cde wn\u0119trze<\/li>\n<li>Mo\u017cliwo\u015b\u0107 personalizacji \u2013 trwa\u0142y grawer z imieniem lub dat\u0105<\/li>\n<li>R\u0119czne wykonanie z dba\u0142o\u015bci\u0105 o ka\u017cdy detal<\/li>\n<\/ul>\n<p><strong>\u2726 Personalizacja:<\/strong><\/p>\n<p>Istnieje mo\u017cliwo\u015b\u0107 wykonania personalizowanego graweru \u2013 3 linie tekstu, maksymalnie 10 znak\u00f3w w ka\u017cdej linii. Dost\u0119pny wyb\u00f3r czcionek umo\u017cliwia dopasowanie stylu do Twoich uczu\u0107 i wspomnie\u0144. W celu zam\u00f3wienia graweru prosimy o wiadomo\u015b\u0107 na adres biuro@animalpark.pl<\/p>\n<p>Grawer dodatkowo p\u0142atny.<\/p>\n","protected":false},"featured_media":1719,"template":"","meta":{"_et_pb_use_builder":"","_et_pb_old_content":"","_et_gb_content_width":""},"product_brand":[],"product_cat":[36],"product_tag":[],"class_list":{"0":"post-1985","1":"product","2":"type-product","3":"status-publish","4":"has-post-thumbnail","6":"product_cat-dla-zwierzat-1-10kg","8":"first","9":"instock","10":"shipping-taxable","11":"purchasable","12":"product-type-simple"},"yoast_head":"<!-- This site is optimized with the Yoast SEO plugin v25.8 - https:\/\/yoast.com\/wordpress\/plugins\/seo\/ -->\n<title>APM1041 - Animal Park<\/title>\n<meta name=\"robots\" content=\"index, follow, max-snippet:-1, max-image-preview:large, max-video-preview:-1\" \/>\n<link rel=\"canonical\" href=\"https:\/\/animalpark.pl\/produkt\/apm1041\/\" \/>\n<meta property=\"og:locale\" content=\"en_US\" \/>\n<meta property=\"og:type\" content=\"article\" \/>\n<meta property=\"og:title\" content=\"APM1041 - Animal Park\" \/>\n<meta property=\"og:description\" content=\"Urna pami\u0105tkowa w kszta\u0142cie motyla jest symbolem nadziei, odrodzenia i wiecznej mi\u0142o\u015bci. Jej eleganckie wyko\u0144czenie w kolorze per\u0142owej lawendy i polerowanego srebra nadaje jej wyj\u0105tkowy, spokojny charakter, idealny do godnego uczczenia pami\u0119ci bliskiego.  Dlaczego warto wybra\u0107 urn\u0119 motyl?   Symbol motyla \u2013 nadzieja, spok\u00f3j, przemiana  Subtelne, pastelowe wyko\u0144czenie \u2013 harmonijnie wpisuje si\u0119 w ka\u017cde wn\u0119trze  Mo\u017cliwo\u015b\u0107 personalizacji \u2013 trwa\u0142y grawer z imieniem lub dat\u0105  R\u0119czne wykonanie z dba\u0142o\u015bci\u0105 o ka\u017cdy detal  \u2726 Personalizacja:  Istnieje mo\u017cliwo\u015b\u0107 wykonania personalizowanego graweru \u2013 3 linie tekstu, maksymalnie 10 znak\u00f3w w ka\u017cdej linii. Dost\u0119pny wyb\u00f3r czcionek umo\u017cliwia dopasowanie stylu do Twoich uczu\u0107 i wspomnie\u0144. W celu zam\u00f3wienia graweru prosimy o wiadomo\u015b\u0107 na adres biuro@animalpark.pl  Grawer dodatkowo p\u0142atny.\" \/>\n<meta property=\"og:url\" content=\"https:\/\/animalpark.pl\/produkt\/apm1041\/\" \/>\n<meta property=\"og:site_name\" content=\"Animal Park\" \/>\n<meta property=\"article:modified_time\" content=\"2025-09-17T08:28:06+00:00\" \/>\n<meta property=\"og:image\" content=\"https:\/\/animalpark.pl\/wp-content\/uploads\/2025\/05\/BF002.png\" \/>\n\t<meta property=\"og:image:width\" content=\"1080\" \/>\n\t<meta property=\"og:image:height\" content=\"1080\" \/>\n\t<meta property=\"og:image:type\" content=\"image\/png\" \/>\n<meta name=\"twitter:card\" content=\"summary_large_image\" \/>\n<meta name=\"twitter:label1\" content=\"Est. reading time\" \/>\n\t<meta name=\"twitter:data1\" content=\"1 minute\" \/>\n<script type=\"application\/ld+json\" class=\"yoast-schema-graph\">{\"@context\":\"https:\/\/schema.org\",\"@graph\":[{\"@type\":\"WebPage\",\"@id\":\"https:\/\/animalpark.pl\/produkt\/apm1041\/\",\"url\":\"https:\/\/animalpark.pl\/produkt\/apm1041\/\",\"name\":\"APM1041 - Animal Park\",\"isPartOf\":{\"@id\":\"https:\/\/animalpark.pl\/#website\"},\"primaryImageOfPage\":{\"@id\":\"https:\/\/animalpark.pl\/produkt\/apm1041\/#primaryimage\"},\"image\":{\"@id\":\"https:\/\/animalpark.pl\/produkt\/apm1041\/#primaryimage\"},\"thumbnailUrl\":\"https:\/\/animalpark.pl\/wp-content\/uploads\/2025\/05\/BF002.png\",\"datePublished\":\"2025-05-13T08:59:23+00:00\",\"dateModified\":\"2025-09-17T08:28:06+00:00\",\"breadcrumb\":{\"@id\":\"https:\/\/animalpark.pl\/produkt\/apm1041\/#breadcrumb\"},\"inLanguage\":\"en-US\",\"potentialAction\":[{\"@type\":\"ReadAction\",\"target\":[\"https:\/\/animalpark.pl\/produkt\/apm1041\/\"]}]},{\"@type\":\"ImageObject\",\"inLanguage\":\"en-US\",\"@id\":\"https:\/\/animalpark.pl\/produkt\/apm1041\/#primaryimage\",\"url\":\"https:\/\/animalpark.pl\/wp-content\/uploads\/2025\/05\/BF002.png\",\"contentUrl\":\"https:\/\/animalpark.pl\/wp-content\/uploads\/2025\/05\/BF002.png\",\"width\":1080,\"height\":1080},{\"@type\":\"BreadcrumbList\",\"@id\":\"https:\/\/animalpark.pl\/produkt\/apm1041\/#breadcrumb\",\"itemListElement\":[{\"@type\":\"ListItem\",\"position\":1,\"name\":\"Strona g\u0142\u00f3wna\",\"item\":\"https:\/\/animalpark.pl\/en\/\"},{\"@type\":\"ListItem\",\"position\":2,\"name\":\"Shop\",\"item\":\"https:\/\/animalpark.pl\/en\/shop\/\"},{\"@type\":\"ListItem\",\"position\":3,\"name\":\"APM1041\"}]},{\"@type\":\"WebSite\",\"@id\":\"https:\/\/animalpark.pl\/#website\",\"url\":\"https:\/\/animalpark.pl\/\",\"name\":\"Animal Park\",\"description\":\"kremacja zwierz\u0105t, eutanazja psa, kota - Lublin, Warszawa, Katowice\",\"potentialAction\":[{\"@type\":\"SearchAction\",\"target\":{\"@type\":\"EntryPoint\",\"urlTemplate\":\"https:\/\/animalpark.pl\/?s={search_term_string}\"},\"query-input\":{\"@type\":\"PropertyValueSpecification\",\"valueRequired\":true,\"valueName\":\"search_term_string\"}}],\"inLanguage\":\"en-US\"}]}<\/script>\n<!-- \/ Yoast SEO plugin. -->","yoast_head_json":{"title":"APM1041 - Animal Park","robots":{"index":"index","follow":"follow","max-snippet":"max-snippet:-1","max-image-preview":"max-image-preview:large","max-video-preview":"max-video-preview:-1"},"canonical":"https:\/\/animalpark.pl\/produkt\/apm1041\/","og_locale":"en_US","og_type":"article","og_title":"APM1041 - Animal Park","og_description":"Urna pami\u0105tkowa w kszta\u0142cie motyla jest symbolem nadziei, odrodzenia i wiecznej mi\u0142o\u015bci. Jej eleganckie wyko\u0144czenie w kolorze per\u0142owej lawendy i polerowanego srebra nadaje jej wyj\u0105tkowy, spokojny charakter, idealny do godnego uczczenia pami\u0119ci bliskiego.  Dlaczego warto wybra\u0107 urn\u0119 motyl?   Symbol motyla \u2013 nadzieja, spok\u00f3j, przemiana  Subtelne, pastelowe wyko\u0144czenie \u2013 harmonijnie wpisuje si\u0119 w ka\u017cde wn\u0119trze  Mo\u017cliwo\u015b\u0107 personalizacji \u2013 trwa\u0142y grawer z imieniem lub dat\u0105  R\u0119czne wykonanie z dba\u0142o\u015bci\u0105 o ka\u017cdy detal  \u2726 Personalizacja:  Istnieje mo\u017cliwo\u015b\u0107 wykonania personalizowanego graweru \u2013 3 linie tekstu, maksymalnie 10 znak\u00f3w w ka\u017cdej linii. Dost\u0119pny wyb\u00f3r czcionek umo\u017cliwia dopasowanie stylu do Twoich uczu\u0107 i wspomnie\u0144. W celu zam\u00f3wienia graweru prosimy o wiadomo\u015b\u0107 na adres biuro@animalpark.pl  Grawer dodatkowo p\u0142atny.","og_url":"https:\/\/animalpark.pl\/produkt\/apm1041\/","og_site_name":"Animal Park","article_modified_time":"2025-09-17T08:28:06+00:00","og_image":[{"width":1080,"height":1080,"url":"https:\/\/animalpark.pl\/wp-content\/uploads\/2025\/05\/BF002.png","type":"image\/png"}],"twitter_card":"summary_large_image","twitter_misc":{"Est. reading time":"1 minute"},"schema":{"@context":"https:\/\/schema.org","@graph":[{"@type":"WebPage","@id":"https:\/\/animalpark.pl\/produkt\/apm1041\/","url":"https:\/\/animalpark.pl\/produkt\/apm1041\/","name":"APM1041 - Animal Park","isPartOf":{"@id":"https:\/\/animalpark.pl\/#website"},"primaryImageOfPage":{"@id":"https:\/\/animalpark.pl\/produkt\/apm1041\/#primaryimage"},"image":{"@id":"https:\/\/animalpark.pl\/produkt\/apm1041\/#primaryimage"},"thumbnailUrl":"https:\/\/animalpark.pl\/wp-content\/uploads\/2025\/05\/BF002.png","datePublished":"2025-05-13T08:59:23+00:00","dateModified":"2025-09-17T08:28:06+00:00","breadcrumb":{"@id":"https:\/\/animalpark.pl\/produkt\/apm1041\/#breadcrumb"},"inLanguage":"en-US","potentialAction":[{"@type":"ReadAction","target":["https:\/\/animalpark.pl\/produkt\/apm1041\/"]}]},{"@type":"ImageObject","inLanguage":"en-US","@id":"https:\/\/animalpark.pl\/produkt\/apm1041\/#primaryimage","url":"https:\/\/animalpark.pl\/wp-content\/uploads\/2025\/05\/BF002.png","contentUrl":"https:\/\/animalpark.pl\/wp-content\/uploads\/2025\/05\/BF002.png","width":1080,"height":1080},{"@type":"BreadcrumbList","@id":"https:\/\/animalpark.pl\/produkt\/apm1041\/#breadcrumb","itemListElement":[{"@type":"ListItem","position":1,"name":"Strona g\u0142\u00f3wna","item":"https:\/\/animalpark.pl\/en\/"},{"@type":"ListItem","position":2,"name":"Shop","item":"https:\/\/animalpark.pl\/en\/shop\/"},{"@type":"ListItem","position":3,"name":"APM1041"}]},{"@type":"WebSite","@id":"https:\/\/animalpark.pl\/#website","url":"https:\/\/animalpark.pl\/","name":"Animal Park","description":"kremacja zwierz\u0105t, eutanazja psa, kota - Lublin, Warszawa, Katowice","potentialAction":[{"@type":"SearchAction","target":{"@type":"EntryPoint","urlTemplate":"https:\/\/animalpark.pl\/?s={search_term_string}"},"query-input":{"@type":"PropertyValueSpecification","valueRequired":true,"valueName":"search_term_string"}}],"inLanguage":"en-US"}]}},"_links":{"self":[{"href":"https:\/\/animalpark.pl\/en\/wp-json\/wp\/v2\/product\/1985","targetHints":{"allow":["GET"]}}],"collection":[{"href":"https:\/\/animalpark.pl\/en\/wp-json\/wp\/v2\/product"}],"about":[{"href":"https:\/\/animalpark.pl\/en\/wp-json\/wp\/v2\/types\/product"}],"wp:featuredmedia":[{"embeddable":true,"href":"https:\/\/animalpark.pl\/en\/wp-json\/wp\/v2\/media\/1719"}],"wp:attachment":[{"href":"https:\/\/animalpark.pl\/en\/wp-json\/wp\/v2\/media?parent=1985"}],"wp:term":[{"taxonomy":"product_brand","embeddable":true,"href":"https:\/\/animalpark.pl\/en\/wp-json\/wp\/v2\/product_brand?post=1985"},{"taxonomy":"product_cat","embeddable":true,"href":"https:\/\/animalpark.pl\/en\/wp-json\/wp\/v2\/product_cat?post=1985"},{"taxonomy":"product_tag","embeddable":true,"href":"https:\/\/animalpark.pl\/en\/wp-json\/wp\/v2\/product_tag?post=1985"}],"curies":[{"name":"wp","href":"https:\/\/api.w.org\/{rel}","templated":true}]}}