{"id":1983,"date":"2025-05-13T08:56:55","date_gmt":"2025-05-13T08:56:55","guid":{"rendered":"https:\/\/afzet.kylos.pl\/animal25\/?post_type=product&#038;p=1983"},"modified":"2025-05-23T12:51:58","modified_gmt":"2025-05-23T12:51:58","slug":"ap265","status":"publish","type":"product","link":"https:\/\/animalpark.pl\/en\/produkt\/ap265\/","title":{"rendered":"AP265 &#8211; Urna dla kota"},"content":{"rendered":"<ul>\n<li><strong>Wymiary:<\/strong> 10 cm (d\u0142.) \u00d7 11 cm (szer.) \u00d7 21,5 cm (wys.)<\/li>\n<li><strong>Materia\u0142:<\/strong> Wysokiej jako\u015bci stop metali<\/li>\n<li><strong>Zamykanie:<\/strong> Zakr\u0119cana \u015bruba na spodzie<\/li>\n<li><strong>Ochrona:<\/strong> Trwa\u0142a warstwa ochronna GlossCoat\u2122<\/li>\n<li><strong>Zestaw zawiera:<\/strong> Czarny woreczek<\/li>\n<li><strong>Wykonanie:<\/strong> Handcrafted with Love\u2122 przez LoveUrns\u00ae<\/li>\n<\/ul>\n","protected":false},"excerpt":{"rendered":"<p>Nadaj swojemu pupilowi wyj\u0105tkowe miejsce pami\u0119ci dzi\u0119ki delikatnemu kryszta\u0142owi Swarovski\u00ae to wyj\u0105tkowy symbol pami\u0119ci o ukochanym kocie \u2013 elegancki, subtelny i pe\u0142en emocji. Wykonany z wysokiej jako\u015bci, polerowanego srebra i ozdobiony g\u0142\u0119bokim, per\u0142owym akcentem, wisiorek \u0142\u0105czy w sobie pi\u0119kno i funkcjonalno\u015b\u0107. Delikatny kryszta\u0142 Swarovski\u00ae nadaje mu blasku i podkre\u015bla jego wyj\u0105tkowy charakter.<\/p>\n<p>\u2726 Personalizacja:<\/p>\n<p>Istnieje mo\u017cliwo\u015b\u0107 wykonania personalizowanego graweru \u2013 2 linie tekstu, maksymalnie 10 znak\u00f3w. Dost\u0119pny wyb\u00f3r czcionek umo\u017cliwia dopasowanie stylu do Twoich uczu\u0107 i wspomnie\u0144. W celu zam\u00f3wienia graweru prosimy o wiadomo\u015b\u0107 na adres biuro@animalpark.pl<\/p>\n<p>Grawer dodatkowo p\u0142atny.<\/p>\n","protected":false},"featured_media":1704,"template":"","meta":{"_et_pb_use_builder":"","_et_pb_old_content":"","_et_gb_content_width":""},"product_brand":[],"product_cat":[36],"product_tag":[],"class_list":{"0":"post-1983","1":"product","2":"type-product","3":"status-publish","4":"has-post-thumbnail","6":"product_cat-dla-zwierzat-1-10kg","8":"first","9":"instock","10":"shipping-taxable","11":"purchasable","12":"product-type-simple"},"yoast_head":"<!-- This site is optimized with the Yoast SEO plugin v25.8 - https:\/\/yoast.com\/wordpress\/plugins\/seo\/ -->\n<title>AP265 - Urna dla kota - Animal Park<\/title>\n<meta name=\"robots\" content=\"index, follow, max-snippet:-1, max-image-preview:large, max-video-preview:-1\" \/>\n<link rel=\"canonical\" href=\"https:\/\/animalpark.pl\/produkt\/ap265\/\" \/>\n<meta property=\"og:locale\" content=\"en_US\" \/>\n<meta property=\"og:type\" content=\"article\" \/>\n<meta property=\"og:title\" content=\"AP265 - Urna dla kota - Animal Park\" \/>\n<meta property=\"og:description\" content=\"Nadaj swojemu pupilowi wyj\u0105tkowe miejsce pami\u0119ci dzi\u0119ki delikatnemu kryszta\u0142owi Swarovski\u00ae to wyj\u0105tkowy symbol pami\u0119ci o ukochanym kocie \u2013 elegancki, subtelny i pe\u0142en emocji. Wykonany z wysokiej jako\u015bci, polerowanego srebra i ozdobiony g\u0142\u0119bokim, per\u0142owym akcentem, wisiorek \u0142\u0105czy w sobie pi\u0119kno i funkcjonalno\u015b\u0107. Delikatny kryszta\u0142 Swarovski\u00ae nadaje mu blasku i podkre\u015bla jego wyj\u0105tkowy charakter.  \u2726 Personalizacja:  Istnieje mo\u017cliwo\u015b\u0107 wykonania personalizowanego graweru \u2013 2 linie tekstu, maksymalnie 10 znak\u00f3w. Dost\u0119pny wyb\u00f3r czcionek umo\u017cliwia dopasowanie stylu do Twoich uczu\u0107 i wspomnie\u0144. W celu zam\u00f3wienia graweru prosimy o wiadomo\u015b\u0107 na adres biuro@animalpark.pl  Grawer dodatkowo p\u0142atny.\" \/>\n<meta property=\"og:url\" content=\"https:\/\/animalpark.pl\/produkt\/ap265\/\" \/>\n<meta property=\"og:site_name\" content=\"Animal Park\" \/>\n<meta property=\"article:modified_time\" content=\"2025-05-23T12:51:58+00:00\" \/>\n<meta property=\"og:image\" content=\"https:\/\/animalpark.pl\/wp-content\/uploads\/2025\/05\/AP265.png\" \/>\n\t<meta property=\"og:image:width\" content=\"1080\" \/>\n\t<meta property=\"og:image:height\" content=\"1080\" \/>\n\t<meta property=\"og:image:type\" content=\"image\/png\" \/>\n<meta name=\"twitter:card\" content=\"summary_large_image\" \/>\n<script type=\"application\/ld+json\" class=\"yoast-schema-graph\">{\"@context\":\"https:\/\/schema.org\",\"@graph\":[{\"@type\":\"WebPage\",\"@id\":\"https:\/\/animalpark.pl\/produkt\/ap265\/\",\"url\":\"https:\/\/animalpark.pl\/produkt\/ap265\/\",\"name\":\"AP265 - Urna dla kota - Animal Park\",\"isPartOf\":{\"@id\":\"https:\/\/animalpark.pl\/#website\"},\"primaryImageOfPage\":{\"@id\":\"https:\/\/animalpark.pl\/produkt\/ap265\/#primaryimage\"},\"image\":{\"@id\":\"https:\/\/animalpark.pl\/produkt\/ap265\/#primaryimage\"},\"thumbnailUrl\":\"https:\/\/animalpark.pl\/wp-content\/uploads\/2025\/05\/AP265.png\",\"datePublished\":\"2025-05-13T08:56:55+00:00\",\"dateModified\":\"2025-05-23T12:51:58+00:00\",\"breadcrumb\":{\"@id\":\"https:\/\/animalpark.pl\/produkt\/ap265\/#breadcrumb\"},\"inLanguage\":\"en-US\",\"potentialAction\":[{\"@type\":\"ReadAction\",\"target\":[\"https:\/\/animalpark.pl\/produkt\/ap265\/\"]}]},{\"@type\":\"ImageObject\",\"inLanguage\":\"en-US\",\"@id\":\"https:\/\/animalpark.pl\/produkt\/ap265\/#primaryimage\",\"url\":\"https:\/\/animalpark.pl\/wp-content\/uploads\/2025\/05\/AP265.png\",\"contentUrl\":\"https:\/\/animalpark.pl\/wp-content\/uploads\/2025\/05\/AP265.png\",\"width\":1080,\"height\":1080},{\"@type\":\"BreadcrumbList\",\"@id\":\"https:\/\/animalpark.pl\/produkt\/ap265\/#breadcrumb\",\"itemListElement\":[{\"@type\":\"ListItem\",\"position\":1,\"name\":\"Strona g\u0142\u00f3wna\",\"item\":\"https:\/\/animalpark.pl\/en\/\"},{\"@type\":\"ListItem\",\"position\":2,\"name\":\"Shop\",\"item\":\"https:\/\/animalpark.pl\/en\/shop\/\"},{\"@type\":\"ListItem\",\"position\":3,\"name\":\"AP265 &#8211; Urna dla kota\"}]},{\"@type\":\"WebSite\",\"@id\":\"https:\/\/animalpark.pl\/#website\",\"url\":\"https:\/\/animalpark.pl\/\",\"name\":\"Animal Park\",\"description\":\"kremacja zwierz\u0105t, eutanazja psa, kota - Lublin, Warszawa, Katowice\",\"potentialAction\":[{\"@type\":\"SearchAction\",\"target\":{\"@type\":\"EntryPoint\",\"urlTemplate\":\"https:\/\/animalpark.pl\/?s={search_term_string}\"},\"query-input\":{\"@type\":\"PropertyValueSpecification\",\"valueRequired\":true,\"valueName\":\"search_term_string\"}}],\"inLanguage\":\"en-US\"}]}<\/script>\n<!-- \/ Yoast SEO plugin. -->","yoast_head_json":{"title":"AP265 - Urna dla kota - Animal Park","robots":{"index":"index","follow":"follow","max-snippet":"max-snippet:-1","max-image-preview":"max-image-preview:large","max-video-preview":"max-video-preview:-1"},"canonical":"https:\/\/animalpark.pl\/produkt\/ap265\/","og_locale":"en_US","og_type":"article","og_title":"AP265 - Urna dla kota - Animal Park","og_description":"Nadaj swojemu pupilowi wyj\u0105tkowe miejsce pami\u0119ci dzi\u0119ki delikatnemu kryszta\u0142owi Swarovski\u00ae to wyj\u0105tkowy symbol pami\u0119ci o ukochanym kocie \u2013 elegancki, subtelny i pe\u0142en emocji. Wykonany z wysokiej jako\u015bci, polerowanego srebra i ozdobiony g\u0142\u0119bokim, per\u0142owym akcentem, wisiorek \u0142\u0105czy w sobie pi\u0119kno i funkcjonalno\u015b\u0107. Delikatny kryszta\u0142 Swarovski\u00ae nadaje mu blasku i podkre\u015bla jego wyj\u0105tkowy charakter.  \u2726 Personalizacja:  Istnieje mo\u017cliwo\u015b\u0107 wykonania personalizowanego graweru \u2013 2 linie tekstu, maksymalnie 10 znak\u00f3w. Dost\u0119pny wyb\u00f3r czcionek umo\u017cliwia dopasowanie stylu do Twoich uczu\u0107 i wspomnie\u0144. W celu zam\u00f3wienia graweru prosimy o wiadomo\u015b\u0107 na adres biuro@animalpark.pl  Grawer dodatkowo p\u0142atny.","og_url":"https:\/\/animalpark.pl\/produkt\/ap265\/","og_site_name":"Animal Park","article_modified_time":"2025-05-23T12:51:58+00:00","og_image":[{"width":1080,"height":1080,"url":"https:\/\/animalpark.pl\/wp-content\/uploads\/2025\/05\/AP265.png","type":"image\/png"}],"twitter_card":"summary_large_image","schema":{"@context":"https:\/\/schema.org","@graph":[{"@type":"WebPage","@id":"https:\/\/animalpark.pl\/produkt\/ap265\/","url":"https:\/\/animalpark.pl\/produkt\/ap265\/","name":"AP265 - Urna dla kota - Animal Park","isPartOf":{"@id":"https:\/\/animalpark.pl\/#website"},"primaryImageOfPage":{"@id":"https:\/\/animalpark.pl\/produkt\/ap265\/#primaryimage"},"image":{"@id":"https:\/\/animalpark.pl\/produkt\/ap265\/#primaryimage"},"thumbnailUrl":"https:\/\/animalpark.pl\/wp-content\/uploads\/2025\/05\/AP265.png","datePublished":"2025-05-13T08:56:55+00:00","dateModified":"2025-05-23T12:51:58+00:00","breadcrumb":{"@id":"https:\/\/animalpark.pl\/produkt\/ap265\/#breadcrumb"},"inLanguage":"en-US","potentialAction":[{"@type":"ReadAction","target":["https:\/\/animalpark.pl\/produkt\/ap265\/"]}]},{"@type":"ImageObject","inLanguage":"en-US","@id":"https:\/\/animalpark.pl\/produkt\/ap265\/#primaryimage","url":"https:\/\/animalpark.pl\/wp-content\/uploads\/2025\/05\/AP265.png","contentUrl":"https:\/\/animalpark.pl\/wp-content\/uploads\/2025\/05\/AP265.png","width":1080,"height":1080},{"@type":"BreadcrumbList","@id":"https:\/\/animalpark.pl\/produkt\/ap265\/#breadcrumb","itemListElement":[{"@type":"ListItem","position":1,"name":"Strona g\u0142\u00f3wna","item":"https:\/\/animalpark.pl\/en\/"},{"@type":"ListItem","position":2,"name":"Shop","item":"https:\/\/animalpark.pl\/en\/shop\/"},{"@type":"ListItem","position":3,"name":"AP265 &#8211; Urna dla kota"}]},{"@type":"WebSite","@id":"https:\/\/animalpark.pl\/#website","url":"https:\/\/animalpark.pl\/","name":"Animal Park","description":"kremacja zwierz\u0105t, eutanazja psa, kota - Lublin, Warszawa, Katowice","potentialAction":[{"@type":"SearchAction","target":{"@type":"EntryPoint","urlTemplate":"https:\/\/animalpark.pl\/?s={search_term_string}"},"query-input":{"@type":"PropertyValueSpecification","valueRequired":true,"valueName":"search_term_string"}}],"inLanguage":"en-US"}]}},"_links":{"self":[{"href":"https:\/\/animalpark.pl\/en\/wp-json\/wp\/v2\/product\/1983","targetHints":{"allow":["GET"]}}],"collection":[{"href":"https:\/\/animalpark.pl\/en\/wp-json\/wp\/v2\/product"}],"about":[{"href":"https:\/\/animalpark.pl\/en\/wp-json\/wp\/v2\/types\/product"}],"wp:featuredmedia":[{"embeddable":true,"href":"https:\/\/animalpark.pl\/en\/wp-json\/wp\/v2\/media\/1704"}],"wp:attachment":[{"href":"https:\/\/animalpark.pl\/en\/wp-json\/wp\/v2\/media?parent=1983"}],"wp:term":[{"taxonomy":"product_brand","embeddable":true,"href":"https:\/\/animalpark.pl\/en\/wp-json\/wp\/v2\/product_brand?post=1983"},{"taxonomy":"product_cat","embeddable":true,"href":"https:\/\/animalpark.pl\/en\/wp-json\/wp\/v2\/product_cat?post=1983"},{"taxonomy":"product_tag","embeddable":true,"href":"https:\/\/animalpark.pl\/en\/wp-json\/wp\/v2\/product_tag?post=1983"}],"curies":[{"name":"wp","href":"https:\/\/api.w.org\/{rel}","templated":true}]}}