{"id":1963,"date":"2025-05-13T08:41:31","date_gmt":"2025-05-13T08:41:31","guid":{"rendered":"https:\/\/afzet.kylos.pl\/animal25\/?post_type=product&#038;p=1963"},"modified":"2025-09-17T07:55:05","modified_gmt":"2025-09-17T07:55:05","slug":"ap272","status":"publish","type":"product","link":"https:\/\/animalpark.pl\/en\/produkt\/ap272\/","title":{"rendered":"AP272"},"content":{"rendered":"<ul>\n<li><strong>Wymiary:<\/strong><br \/>\n<strong>dla zwierz\u0105t 2-10 kg (S) &#8211;<\/strong> 11 cm (d\u0142.) \u00d7 11 cm (szer.) \u00d7 9 cm (wys.)<br \/>\n<strong>dla zwierz\u0105t 10-25 kg (M) &#8211; <\/strong>12,5 cm (d\u0142.) \u00d7 12,5 cm (szer.) \u00d7 10,5 cm (wys.)<br \/>\n<strong>dla zwierz\u0105t 25-40 kg (L) &#8211;<\/strong> 16 cm (d\u0142.) \u00d7 16 cm (szer.) \u00d7 13 cm (wys.)<\/li>\n<li><strong>Materia\u0142:<\/strong> Mosi\u0105dz<\/li>\n<li><strong>Zamykanie:<\/strong> Gwintowana pokrywa od g\u00f3ry\u2013 zapewnia bezpiecze\u0144stwo i szczelno\u015b\u0107<\/li>\n<li><strong>Wyko\u0144czenie:<\/strong> Ochronna pow\u0142oka GlossCoat\u2122 dla trwa\u0142o\u015bci i po\u0142ysku<\/li>\n<li><strong>W zestawie:<\/strong> Czarny woreczek<\/li>\n<li><strong>R\u0119czne wykonanie:<\/strong> Handcrafted with Love\u2122 przez LoveUrns\u00ae<\/li>\n<\/ul>\n","protected":false},"excerpt":{"rendered":"<p>Nadaj ho\u0142d swojemu ukochanemu pupilowi dzi\u0119ki eleganckiej urnie pami\u0105tkowej <span style=\"font-weight: 400;\">AP272<\/span> w kolorze czystej bieli ze szczotkowanym srebrem. Urna ma wyt\u0142oczone \u0142apki zwierz\u0119cia, co czyni j\u0105 idealnym wyborem dla w\u0142a\u015bcicieli ps\u00f3w i kot\u00f3w, kt\u00f3rzy chc\u0105 zatrzyma\u0107 cz\u0105stk\u0119 swojego pupila na zawsze. Idealna dla proch\u00f3w\u00a0 zwierz\u0105t domowych: psa, kota, kr\u00f3lika, fretki, \u015bwinki morskiej itp.<\/p>\n","protected":false},"featured_media":1539,"template":"","meta":{"_et_pb_use_builder":"","_et_pb_old_content":"","_et_gb_content_width":""},"product_brand":[],"product_cat":[36,37,38],"product_tag":[],"class_list":{"0":"post-1963","1":"product","2":"type-product","3":"status-publish","4":"has-post-thumbnail","6":"product_cat-dla-zwierzat-1-10kg","7":"product_cat-dla-zwierzat-10-25kg","8":"product_cat-dla-zwierzat-25-40kg","10":"first","11":"instock","12":"shipping-taxable","13":"purchasable","14":"product-type-variable"},"yoast_head":"<!-- This site is optimized with the Yoast SEO plugin v25.8 - https:\/\/yoast.com\/wordpress\/plugins\/seo\/ -->\n<title>AP272 - Animal Park<\/title>\n<meta name=\"robots\" content=\"index, follow, max-snippet:-1, max-image-preview:large, max-video-preview:-1\" \/>\n<link rel=\"canonical\" href=\"https:\/\/animalpark.pl\/produkt\/ap272\/\" \/>\n<meta property=\"og:locale\" content=\"en_US\" \/>\n<meta property=\"og:type\" content=\"article\" \/>\n<meta property=\"og:title\" content=\"AP272 - Animal Park\" \/>\n<meta property=\"og:description\" content=\"Nadaj ho\u0142d swojemu ukochanemu pupilowi dzi\u0119ki eleganckiej urnie pami\u0105tkowej AP272 w kolorze czystej bieli ze szczotkowanym srebrem. Urna ma wyt\u0142oczone \u0142apki zwierz\u0119cia, co czyni j\u0105 idealnym wyborem dla w\u0142a\u015bcicieli ps\u00f3w i kot\u00f3w, kt\u00f3rzy chc\u0105 zatrzyma\u0107 cz\u0105stk\u0119 swojego pupila na zawsze. Idealna dla proch\u00f3w\u00a0 zwierz\u0105t domowych: psa, kota, kr\u00f3lika, fretki, \u015bwinki morskiej itp.\" \/>\n<meta property=\"og:url\" content=\"https:\/\/animalpark.pl\/produkt\/ap272\/\" \/>\n<meta property=\"og:site_name\" content=\"Animal Park\" \/>\n<meta property=\"article:modified_time\" content=\"2025-09-17T07:55:05+00:00\" \/>\n<meta property=\"og:image\" content=\"https:\/\/animalpark.pl\/wp-content\/uploads\/2025\/05\/AP217S.png\" \/>\n\t<meta property=\"og:image:width\" content=\"1080\" \/>\n\t<meta property=\"og:image:height\" content=\"1080\" \/>\n\t<meta property=\"og:image:type\" content=\"image\/png\" \/>\n<meta name=\"twitter:card\" content=\"summary_large_image\" \/>\n<meta name=\"twitter:label1\" content=\"Est. reading time\" \/>\n\t<meta name=\"twitter:data1\" content=\"1 minute\" \/>\n<script type=\"application\/ld+json\" class=\"yoast-schema-graph\">{\"@context\":\"https:\/\/schema.org\",\"@graph\":[{\"@type\":\"WebPage\",\"@id\":\"https:\/\/animalpark.pl\/produkt\/ap272\/\",\"url\":\"https:\/\/animalpark.pl\/produkt\/ap272\/\",\"name\":\"AP272 - Animal Park\",\"isPartOf\":{\"@id\":\"https:\/\/animalpark.pl\/#website\"},\"primaryImageOfPage\":{\"@id\":\"https:\/\/animalpark.pl\/produkt\/ap272\/#primaryimage\"},\"image\":{\"@id\":\"https:\/\/animalpark.pl\/produkt\/ap272\/#primaryimage\"},\"thumbnailUrl\":\"https:\/\/animalpark.pl\/wp-content\/uploads\/2025\/05\/AP217S.png\",\"datePublished\":\"2025-05-13T08:41:31+00:00\",\"dateModified\":\"2025-09-17T07:55:05+00:00\",\"breadcrumb\":{\"@id\":\"https:\/\/animalpark.pl\/produkt\/ap272\/#breadcrumb\"},\"inLanguage\":\"en-US\",\"potentialAction\":[{\"@type\":\"ReadAction\",\"target\":[\"https:\/\/animalpark.pl\/produkt\/ap272\/\"]}]},{\"@type\":\"ImageObject\",\"inLanguage\":\"en-US\",\"@id\":\"https:\/\/animalpark.pl\/produkt\/ap272\/#primaryimage\",\"url\":\"https:\/\/animalpark.pl\/wp-content\/uploads\/2025\/05\/AP217S.png\",\"contentUrl\":\"https:\/\/animalpark.pl\/wp-content\/uploads\/2025\/05\/AP217S.png\",\"width\":1080,\"height\":1080},{\"@type\":\"BreadcrumbList\",\"@id\":\"https:\/\/animalpark.pl\/produkt\/ap272\/#breadcrumb\",\"itemListElement\":[{\"@type\":\"ListItem\",\"position\":1,\"name\":\"Strona g\u0142\u00f3wna\",\"item\":\"https:\/\/animalpark.pl\/en\/\"},{\"@type\":\"ListItem\",\"position\":2,\"name\":\"Shop\",\"item\":\"https:\/\/animalpark.pl\/en\/shop\/\"},{\"@type\":\"ListItem\",\"position\":3,\"name\":\"AP272\"}]},{\"@type\":\"WebSite\",\"@id\":\"https:\/\/animalpark.pl\/#website\",\"url\":\"https:\/\/animalpark.pl\/\",\"name\":\"Animal Park\",\"description\":\"kremacja zwierz\u0105t, eutanazja psa, kota - Lublin, Warszawa, Katowice\",\"potentialAction\":[{\"@type\":\"SearchAction\",\"target\":{\"@type\":\"EntryPoint\",\"urlTemplate\":\"https:\/\/animalpark.pl\/?s={search_term_string}\"},\"query-input\":{\"@type\":\"PropertyValueSpecification\",\"valueRequired\":true,\"valueName\":\"search_term_string\"}}],\"inLanguage\":\"en-US\"}]}<\/script>\n<!-- \/ Yoast SEO plugin. -->","yoast_head_json":{"title":"AP272 - Animal Park","robots":{"index":"index","follow":"follow","max-snippet":"max-snippet:-1","max-image-preview":"max-image-preview:large","max-video-preview":"max-video-preview:-1"},"canonical":"https:\/\/animalpark.pl\/produkt\/ap272\/","og_locale":"en_US","og_type":"article","og_title":"AP272 - Animal Park","og_description":"Nadaj ho\u0142d swojemu ukochanemu pupilowi dzi\u0119ki eleganckiej urnie pami\u0105tkowej AP272 w kolorze czystej bieli ze szczotkowanym srebrem. Urna ma wyt\u0142oczone \u0142apki zwierz\u0119cia, co czyni j\u0105 idealnym wyborem dla w\u0142a\u015bcicieli ps\u00f3w i kot\u00f3w, kt\u00f3rzy chc\u0105 zatrzyma\u0107 cz\u0105stk\u0119 swojego pupila na zawsze. Idealna dla proch\u00f3w\u00a0 zwierz\u0105t domowych: psa, kota, kr\u00f3lika, fretki, \u015bwinki morskiej itp.","og_url":"https:\/\/animalpark.pl\/produkt\/ap272\/","og_site_name":"Animal Park","article_modified_time":"2025-09-17T07:55:05+00:00","og_image":[{"width":1080,"height":1080,"url":"https:\/\/animalpark.pl\/wp-content\/uploads\/2025\/05\/AP217S.png","type":"image\/png"}],"twitter_card":"summary_large_image","twitter_misc":{"Est. reading time":"1 minute"},"schema":{"@context":"https:\/\/schema.org","@graph":[{"@type":"WebPage","@id":"https:\/\/animalpark.pl\/produkt\/ap272\/","url":"https:\/\/animalpark.pl\/produkt\/ap272\/","name":"AP272 - Animal Park","isPartOf":{"@id":"https:\/\/animalpark.pl\/#website"},"primaryImageOfPage":{"@id":"https:\/\/animalpark.pl\/produkt\/ap272\/#primaryimage"},"image":{"@id":"https:\/\/animalpark.pl\/produkt\/ap272\/#primaryimage"},"thumbnailUrl":"https:\/\/animalpark.pl\/wp-content\/uploads\/2025\/05\/AP217S.png","datePublished":"2025-05-13T08:41:31+00:00","dateModified":"2025-09-17T07:55:05+00:00","breadcrumb":{"@id":"https:\/\/animalpark.pl\/produkt\/ap272\/#breadcrumb"},"inLanguage":"en-US","potentialAction":[{"@type":"ReadAction","target":["https:\/\/animalpark.pl\/produkt\/ap272\/"]}]},{"@type":"ImageObject","inLanguage":"en-US","@id":"https:\/\/animalpark.pl\/produkt\/ap272\/#primaryimage","url":"https:\/\/animalpark.pl\/wp-content\/uploads\/2025\/05\/AP217S.png","contentUrl":"https:\/\/animalpark.pl\/wp-content\/uploads\/2025\/05\/AP217S.png","width":1080,"height":1080},{"@type":"BreadcrumbList","@id":"https:\/\/animalpark.pl\/produkt\/ap272\/#breadcrumb","itemListElement":[{"@type":"ListItem","position":1,"name":"Strona g\u0142\u00f3wna","item":"https:\/\/animalpark.pl\/en\/"},{"@type":"ListItem","position":2,"name":"Shop","item":"https:\/\/animalpark.pl\/en\/shop\/"},{"@type":"ListItem","position":3,"name":"AP272"}]},{"@type":"WebSite","@id":"https:\/\/animalpark.pl\/#website","url":"https:\/\/animalpark.pl\/","name":"Animal Park","description":"kremacja zwierz\u0105t, eutanazja psa, kota - Lublin, Warszawa, Katowice","potentialAction":[{"@type":"SearchAction","target":{"@type":"EntryPoint","urlTemplate":"https:\/\/animalpark.pl\/?s={search_term_string}"},"query-input":{"@type":"PropertyValueSpecification","valueRequired":true,"valueName":"search_term_string"}}],"inLanguage":"en-US"}]}},"_links":{"self":[{"href":"https:\/\/animalpark.pl\/en\/wp-json\/wp\/v2\/product\/1963","targetHints":{"allow":["GET"]}}],"collection":[{"href":"https:\/\/animalpark.pl\/en\/wp-json\/wp\/v2\/product"}],"about":[{"href":"https:\/\/animalpark.pl\/en\/wp-json\/wp\/v2\/types\/product"}],"wp:featuredmedia":[{"embeddable":true,"href":"https:\/\/animalpark.pl\/en\/wp-json\/wp\/v2\/media\/1539"}],"wp:attachment":[{"href":"https:\/\/animalpark.pl\/en\/wp-json\/wp\/v2\/media?parent=1963"}],"wp:term":[{"taxonomy":"product_brand","embeddable":true,"href":"https:\/\/animalpark.pl\/en\/wp-json\/wp\/v2\/product_brand?post=1963"},{"taxonomy":"product_cat","embeddable":true,"href":"https:\/\/animalpark.pl\/en\/wp-json\/wp\/v2\/product_cat?post=1963"},{"taxonomy":"product_tag","embeddable":true,"href":"https:\/\/animalpark.pl\/en\/wp-json\/wp\/v2\/product_tag?post=1963"}],"curies":[{"name":"wp","href":"https:\/\/api.w.org\/{rel}","templated":true}]}}