{"id":1958,"date":"2025-05-13T08:38:48","date_gmt":"2025-05-13T08:38:48","guid":{"rendered":"https:\/\/afzet.kylos.pl\/animal25\/?post_type=product&#038;p=1958"},"modified":"2025-09-17T09:04:00","modified_gmt":"2025-09-17T09:04:00","slug":"ap504","status":"publish","type":"product","link":"https:\/\/animalpark.pl\/en\/produkt\/ap504\/","title":{"rendered":"AP504"},"content":{"rendered":"<ul>\n<li><strong>Wymiary:<\/strong><br \/>\n<strong>dla zwierz\u0105t 2-10 kg (S)<\/strong> &#8211; 11,5 cm (d\u0142.) \u00d7 11,5 cm (szer.) \u00d7 14,5 cm (wys.)<br \/>\n<strong>dla zwierz\u0105t 10-25 kg (M)<\/strong> &#8211; 14 cm (d\u0142.) \u00d7 14 cm (szer.) \u00d7 17 cm (wys.)<br \/>\n<strong>dla zwierz\u0105t 25-40 kg (L)<\/strong> &#8211; 15 cm (d\u0142.) \u00d7 15 cm (szer.) \u00d7 19 cm (wys.)<\/li>\n<li><strong>Materia\u0142:<\/strong> Trwa\u0142y mosi\u0105dz<\/li>\n<li><strong>Zamykanie:<\/strong> Gwintowana pokrywa od g\u00f3ry\u2013 zapewnia bezpiecze\u0144stwo i szczelno\u015b\u0107<\/li>\n<li><strong>Ochrona:<\/strong> Pokryta specjaln\u0105 pow\u0142ok\u0105 GlossCoat\u2122 dla d\u0142ugowieczno\u015bci i po\u0142ysku<\/li>\n<li><strong>W zestawie:<\/strong> Czarny woreczek<\/li>\n<li><strong>Producent:<\/strong> Handcrafted with Love\u2122 przez LoveUrns\u00ae<\/li>\n<\/ul>\n","protected":false},"excerpt":{"rendered":"<p>Uczcij pami\u0119\u0107 swojego ukochanego pupila z klas\u0105 dzi\u0119ki urnie pami\u0105tkowej\u00a0<span style=\"font-weight: 400;\">AP504<\/span> w kolorze br\u0105zowym z wyko\u0144czeniem w szczotkowanym z\u0142ocie. Ta stylowa, r\u0119cznie wykonana urna zosta\u0142a zaprojektowana, by z godno\u015bci\u0105 przechowywa\u0107 prochy zwierz\u0105t domowych.<\/p>\n<p><strong>Idealna dla:<\/strong><\/p>\n<p>Ma\u0142ych i \u015brednich zwierz\u0105t \u2013 pies, kot, kr\u00f3lik, \u015bwinka morska, tch\u00f3rzofretka i inne.<\/p>\n<p><strong>\u2726 Personalizacja:<\/strong><\/p>\n<p>Istnieje mo\u017cliwo\u015b\u0107 wykonania personalizowanego graweru \u2013 1 linia tekstu, maksymalnie 10 znak\u00f3w. Dost\u0119pny wyb\u00f3r czcionek umo\u017cliwia dopasowanie stylu do Twoich uczu\u0107 i wspomnie\u0144. W celu zam\u00f3wienia graweru prosimy o wiadomo\u015b\u0107 na adres biuro@animalpark.pl<\/p>\n<p>Grawer dodatkowo p\u0142atny.<\/p>\n","protected":false},"featured_media":1538,"template":"","meta":{"_et_pb_use_builder":"","_et_pb_old_content":"","_et_gb_content_width":""},"product_brand":[],"product_cat":[36,37,38,39],"product_tag":[],"class_list":{"0":"post-1958","1":"product","2":"type-product","3":"status-publish","4":"has-post-thumbnail","6":"product_cat-dla-zwierzat-1-10kg","7":"product_cat-dla-zwierzat-10-25kg","8":"product_cat-dla-zwierzat-25-40kg","9":"product_cat-dla-zwierzat-40-60kg","11":"first","12":"instock","13":"shipping-taxable","14":"purchasable","15":"product-type-variable"},"yoast_head":"<!-- This site is optimized with the Yoast SEO plugin v25.8 - https:\/\/yoast.com\/wordpress\/plugins\/seo\/ -->\n<title>AP504 - Animal Park<\/title>\n<meta name=\"robots\" content=\"index, follow, max-snippet:-1, max-image-preview:large, max-video-preview:-1\" \/>\n<link rel=\"canonical\" href=\"https:\/\/animalpark.pl\/produkt\/ap504\/\" \/>\n<meta property=\"og:locale\" content=\"en_US\" \/>\n<meta property=\"og:type\" content=\"article\" \/>\n<meta property=\"og:title\" content=\"AP504 - Animal Park\" \/>\n<meta property=\"og:description\" content=\"Uczcij pami\u0119\u0107 swojego ukochanego pupila z klas\u0105 dzi\u0119ki urnie pami\u0105tkowej\u00a0AP504 w kolorze br\u0105zowym z wyko\u0144czeniem w szczotkowanym z\u0142ocie. Ta stylowa, r\u0119cznie wykonana urna zosta\u0142a zaprojektowana, by z godno\u015bci\u0105 przechowywa\u0107 prochy zwierz\u0105t domowych.  Idealna dla:  Ma\u0142ych i \u015brednich zwierz\u0105t \u2013 pies, kot, kr\u00f3lik, \u015bwinka morska, tch\u00f3rzofretka i inne.  \u2726 Personalizacja:  Istnieje mo\u017cliwo\u015b\u0107 wykonania personalizowanego graweru \u2013 1 linia tekstu, maksymalnie 10 znak\u00f3w. Dost\u0119pny wyb\u00f3r czcionek umo\u017cliwia dopasowanie stylu do Twoich uczu\u0107 i wspomnie\u0144. W celu zam\u00f3wienia graweru prosimy o wiadomo\u015b\u0107 na adres biuro@animalpark.pl  Grawer dodatkowo p\u0142atny.\" \/>\n<meta property=\"og:url\" content=\"https:\/\/animalpark.pl\/produkt\/ap504\/\" \/>\n<meta property=\"og:site_name\" content=\"Animal Park\" \/>\n<meta property=\"article:modified_time\" content=\"2025-09-17T09:04:00+00:00\" \/>\n<meta property=\"og:image\" content=\"https:\/\/animalpark.pl\/wp-content\/uploads\/2025\/05\/AP216S.png\" \/>\n\t<meta property=\"og:image:width\" content=\"1080\" \/>\n\t<meta property=\"og:image:height\" content=\"1080\" \/>\n\t<meta property=\"og:image:type\" content=\"image\/png\" \/>\n<meta name=\"twitter:card\" content=\"summary_large_image\" \/>\n<meta name=\"twitter:label1\" content=\"Est. reading time\" \/>\n\t<meta name=\"twitter:data1\" content=\"1 minute\" \/>\n<script type=\"application\/ld+json\" class=\"yoast-schema-graph\">{\"@context\":\"https:\/\/schema.org\",\"@graph\":[{\"@type\":\"WebPage\",\"@id\":\"https:\/\/animalpark.pl\/produkt\/ap504\/\",\"url\":\"https:\/\/animalpark.pl\/produkt\/ap504\/\",\"name\":\"AP504 - Animal Park\",\"isPartOf\":{\"@id\":\"https:\/\/animalpark.pl\/#website\"},\"primaryImageOfPage\":{\"@id\":\"https:\/\/animalpark.pl\/produkt\/ap504\/#primaryimage\"},\"image\":{\"@id\":\"https:\/\/animalpark.pl\/produkt\/ap504\/#primaryimage\"},\"thumbnailUrl\":\"https:\/\/animalpark.pl\/wp-content\/uploads\/2025\/05\/AP216S.png\",\"datePublished\":\"2025-05-13T08:38:48+00:00\",\"dateModified\":\"2025-09-17T09:04:00+00:00\",\"breadcrumb\":{\"@id\":\"https:\/\/animalpark.pl\/produkt\/ap504\/#breadcrumb\"},\"inLanguage\":\"en-US\",\"potentialAction\":[{\"@type\":\"ReadAction\",\"target\":[\"https:\/\/animalpark.pl\/produkt\/ap504\/\"]}]},{\"@type\":\"ImageObject\",\"inLanguage\":\"en-US\",\"@id\":\"https:\/\/animalpark.pl\/produkt\/ap504\/#primaryimage\",\"url\":\"https:\/\/animalpark.pl\/wp-content\/uploads\/2025\/05\/AP216S.png\",\"contentUrl\":\"https:\/\/animalpark.pl\/wp-content\/uploads\/2025\/05\/AP216S.png\",\"width\":1080,\"height\":1080},{\"@type\":\"BreadcrumbList\",\"@id\":\"https:\/\/animalpark.pl\/produkt\/ap504\/#breadcrumb\",\"itemListElement\":[{\"@type\":\"ListItem\",\"position\":1,\"name\":\"Strona g\u0142\u00f3wna\",\"item\":\"https:\/\/animalpark.pl\/en\/\"},{\"@type\":\"ListItem\",\"position\":2,\"name\":\"Shop\",\"item\":\"https:\/\/animalpark.pl\/en\/shop\/\"},{\"@type\":\"ListItem\",\"position\":3,\"name\":\"AP504\"}]},{\"@type\":\"WebSite\",\"@id\":\"https:\/\/animalpark.pl\/#website\",\"url\":\"https:\/\/animalpark.pl\/\",\"name\":\"Animal Park\",\"description\":\"kremacja zwierz\u0105t, eutanazja psa, kota - Lublin, Warszawa, Katowice\",\"potentialAction\":[{\"@type\":\"SearchAction\",\"target\":{\"@type\":\"EntryPoint\",\"urlTemplate\":\"https:\/\/animalpark.pl\/?s={search_term_string}\"},\"query-input\":{\"@type\":\"PropertyValueSpecification\",\"valueRequired\":true,\"valueName\":\"search_term_string\"}}],\"inLanguage\":\"en-US\"}]}<\/script>\n<!-- \/ Yoast SEO plugin. -->","yoast_head_json":{"title":"AP504 - Animal Park","robots":{"index":"index","follow":"follow","max-snippet":"max-snippet:-1","max-image-preview":"max-image-preview:large","max-video-preview":"max-video-preview:-1"},"canonical":"https:\/\/animalpark.pl\/produkt\/ap504\/","og_locale":"en_US","og_type":"article","og_title":"AP504 - Animal Park","og_description":"Uczcij pami\u0119\u0107 swojego ukochanego pupila z klas\u0105 dzi\u0119ki urnie pami\u0105tkowej\u00a0AP504 w kolorze br\u0105zowym z wyko\u0144czeniem w szczotkowanym z\u0142ocie. Ta stylowa, r\u0119cznie wykonana urna zosta\u0142a zaprojektowana, by z godno\u015bci\u0105 przechowywa\u0107 prochy zwierz\u0105t domowych.  Idealna dla:  Ma\u0142ych i \u015brednich zwierz\u0105t \u2013 pies, kot, kr\u00f3lik, \u015bwinka morska, tch\u00f3rzofretka i inne.  \u2726 Personalizacja:  Istnieje mo\u017cliwo\u015b\u0107 wykonania personalizowanego graweru \u2013 1 linia tekstu, maksymalnie 10 znak\u00f3w. Dost\u0119pny wyb\u00f3r czcionek umo\u017cliwia dopasowanie stylu do Twoich uczu\u0107 i wspomnie\u0144. W celu zam\u00f3wienia graweru prosimy o wiadomo\u015b\u0107 na adres biuro@animalpark.pl  Grawer dodatkowo p\u0142atny.","og_url":"https:\/\/animalpark.pl\/produkt\/ap504\/","og_site_name":"Animal Park","article_modified_time":"2025-09-17T09:04:00+00:00","og_image":[{"width":1080,"height":1080,"url":"https:\/\/animalpark.pl\/wp-content\/uploads\/2025\/05\/AP216S.png","type":"image\/png"}],"twitter_card":"summary_large_image","twitter_misc":{"Est. reading time":"1 minute"},"schema":{"@context":"https:\/\/schema.org","@graph":[{"@type":"WebPage","@id":"https:\/\/animalpark.pl\/produkt\/ap504\/","url":"https:\/\/animalpark.pl\/produkt\/ap504\/","name":"AP504 - Animal Park","isPartOf":{"@id":"https:\/\/animalpark.pl\/#website"},"primaryImageOfPage":{"@id":"https:\/\/animalpark.pl\/produkt\/ap504\/#primaryimage"},"image":{"@id":"https:\/\/animalpark.pl\/produkt\/ap504\/#primaryimage"},"thumbnailUrl":"https:\/\/animalpark.pl\/wp-content\/uploads\/2025\/05\/AP216S.png","datePublished":"2025-05-13T08:38:48+00:00","dateModified":"2025-09-17T09:04:00+00:00","breadcrumb":{"@id":"https:\/\/animalpark.pl\/produkt\/ap504\/#breadcrumb"},"inLanguage":"en-US","potentialAction":[{"@type":"ReadAction","target":["https:\/\/animalpark.pl\/produkt\/ap504\/"]}]},{"@type":"ImageObject","inLanguage":"en-US","@id":"https:\/\/animalpark.pl\/produkt\/ap504\/#primaryimage","url":"https:\/\/animalpark.pl\/wp-content\/uploads\/2025\/05\/AP216S.png","contentUrl":"https:\/\/animalpark.pl\/wp-content\/uploads\/2025\/05\/AP216S.png","width":1080,"height":1080},{"@type":"BreadcrumbList","@id":"https:\/\/animalpark.pl\/produkt\/ap504\/#breadcrumb","itemListElement":[{"@type":"ListItem","position":1,"name":"Strona g\u0142\u00f3wna","item":"https:\/\/animalpark.pl\/en\/"},{"@type":"ListItem","position":2,"name":"Shop","item":"https:\/\/animalpark.pl\/en\/shop\/"},{"@type":"ListItem","position":3,"name":"AP504"}]},{"@type":"WebSite","@id":"https:\/\/animalpark.pl\/#website","url":"https:\/\/animalpark.pl\/","name":"Animal Park","description":"kremacja zwierz\u0105t, eutanazja psa, kota - Lublin, Warszawa, Katowice","potentialAction":[{"@type":"SearchAction","target":{"@type":"EntryPoint","urlTemplate":"https:\/\/animalpark.pl\/?s={search_term_string}"},"query-input":{"@type":"PropertyValueSpecification","valueRequired":true,"valueName":"search_term_string"}}],"inLanguage":"en-US"}]}},"_links":{"self":[{"href":"https:\/\/animalpark.pl\/en\/wp-json\/wp\/v2\/product\/1958","targetHints":{"allow":["GET"]}}],"collection":[{"href":"https:\/\/animalpark.pl\/en\/wp-json\/wp\/v2\/product"}],"about":[{"href":"https:\/\/animalpark.pl\/en\/wp-json\/wp\/v2\/types\/product"}],"wp:featuredmedia":[{"embeddable":true,"href":"https:\/\/animalpark.pl\/en\/wp-json\/wp\/v2\/media\/1538"}],"wp:attachment":[{"href":"https:\/\/animalpark.pl\/en\/wp-json\/wp\/v2\/media?parent=1958"}],"wp:term":[{"taxonomy":"product_brand","embeddable":true,"href":"https:\/\/animalpark.pl\/en\/wp-json\/wp\/v2\/product_brand?post=1958"},{"taxonomy":"product_cat","embeddable":true,"href":"https:\/\/animalpark.pl\/en\/wp-json\/wp\/v2\/product_cat?post=1958"},{"taxonomy":"product_tag","embeddable":true,"href":"https:\/\/animalpark.pl\/en\/wp-json\/wp\/v2\/product_tag?post=1958"}],"curies":[{"name":"wp","href":"https:\/\/api.w.org\/{rel}","templated":true}]}}