{"id":1929,"date":"2025-05-13T08:14:57","date_gmt":"2025-05-13T08:14:57","guid":{"rendered":"https:\/\/afzet.kylos.pl\/animal25\/?post_type=product&#038;p=1929"},"modified":"2025-05-21T08:49:50","modified_gmt":"2025-05-21T08:49:50","slug":"eko01","status":"publish","type":"product","link":"https:\/\/animalpark.pl\/en\/produkt\/eko01\/","title":{"rendered":"EKO01"},"content":{"rendered":"","protected":false},"excerpt":{"rendered":"<p>Urny EKO produkowane s\u0105 przez specjalistyczne firmy, kt\u00f3re korzystaj\u0105 wy\u0142\u0105cznie z rozwi\u0105za\u0144 przyjaznych \u015brodowisku oraz w 100% biodegradowalnych materia\u0142\u00f3w organicznych. Do ich wyrobu wykorzystywane s\u0105 mi\u0119dzy innymi: ekstrakty ro\u015blinne, piasek, s\u00f3l morska, szk\u0142o, karton z recyklingu, naturalna \u017cywica czy wosk pszczeli. Po tym jak urna zostaje pochowana, prochy s\u0105 stopniowo uwalniane, w miar\u0119 rozk\u0142adania si\u0119 pojemnika. Ostatecznie ca\u0142a zawarto\u015b\u0107 urny wch\u0142ania si\u0119 do gleby, nie pozostawiaj\u0105c \u017cadnych toksycznych pozosta\u0142o\u015bci.<\/p>\n<p>W \u015brodku urny znajduje si\u0119 woreczek z celulozy, w kt\u00f3rym umieszczone s\u0105 prochy. Worek r\u00f3wnie\u017c rozk\u0142ada si\u0119 w glebie.<\/p>\n<p>Produkt bardzo delikatny, nie wysy\u0142amy firm\u0105 kuriersk\u0105. Odbi\u00f3r z siedziby lub dow\u00f3z osobisty za dodatkow\u0105 op\u0142at\u0105.<\/p>\n<p>&nbsp;<\/p>\n","protected":false},"featured_media":1439,"template":"","meta":{"_et_pb_use_builder":"","_et_pb_old_content":"","_et_gb_content_width":""},"product_brand":[],"product_cat":[32],"product_tag":[],"class_list":{"0":"post-1929","1":"product","2":"type-product","3":"status-publish","4":"has-post-thumbnail","6":"product_cat-urny-ekologiczne","8":"first","9":"instock","10":"shipping-taxable","11":"purchasable","12":"product-type-simple"},"yoast_head":"<!-- This site is optimized with the Yoast SEO plugin v25.8 - https:\/\/yoast.com\/wordpress\/plugins\/seo\/ -->\n<title>EKO01 - Animal Park<\/title>\n<meta name=\"robots\" content=\"index, follow, max-snippet:-1, max-image-preview:large, max-video-preview:-1\" \/>\n<link rel=\"canonical\" href=\"https:\/\/animalpark.pl\/produkt\/eko01\/\" \/>\n<meta property=\"og:locale\" content=\"en_US\" \/>\n<meta property=\"og:type\" content=\"article\" \/>\n<meta property=\"og:title\" content=\"EKO01 - Animal Park\" \/>\n<meta property=\"og:description\" content=\"Urny EKO produkowane s\u0105 przez specjalistyczne firmy, kt\u00f3re korzystaj\u0105 wy\u0142\u0105cznie z rozwi\u0105za\u0144 przyjaznych \u015brodowisku oraz w 100% biodegradowalnych materia\u0142\u00f3w organicznych. Do ich wyrobu wykorzystywane s\u0105 mi\u0119dzy innymi: ekstrakty ro\u015blinne, piasek, s\u00f3l morska, szk\u0142o, karton z recyklingu, naturalna \u017cywica czy wosk pszczeli. Po tym jak urna zostaje pochowana, prochy s\u0105 stopniowo uwalniane, w miar\u0119 rozk\u0142adania si\u0119 pojemnika. Ostatecznie ca\u0142a zawarto\u015b\u0107 urny wch\u0142ania si\u0119 do gleby, nie pozostawiaj\u0105c \u017cadnych toksycznych pozosta\u0142o\u015bci.  W \u015brodku urny znajduje si\u0119 woreczek z celulozy, w kt\u00f3rym umieszczone s\u0105 prochy. Worek r\u00f3wnie\u017c rozk\u0142ada si\u0119 w glebie.  Produkt bardzo delikatny, nie wysy\u0142amy firm\u0105 kuriersk\u0105. Odbi\u00f3r z siedziby lub dow\u00f3z osobisty za dodatkow\u0105 op\u0142at\u0105.  &nbsp;\" \/>\n<meta property=\"og:url\" content=\"https:\/\/animalpark.pl\/produkt\/eko01\/\" \/>\n<meta property=\"og:site_name\" content=\"Animal Park\" \/>\n<meta property=\"article:modified_time\" content=\"2025-05-21T08:49:50+00:00\" \/>\n<meta property=\"og:image\" content=\"https:\/\/animalpark.pl\/wp-content\/uploads\/2025\/05\/EKO01.jpg\" \/>\n\t<meta property=\"og:image:width\" content=\"800\" \/>\n\t<meta property=\"og:image:height\" content=\"800\" \/>\n\t<meta property=\"og:image:type\" content=\"image\/jpeg\" \/>\n<meta name=\"twitter:card\" content=\"summary_large_image\" \/>\n<script type=\"application\/ld+json\" class=\"yoast-schema-graph\">{\"@context\":\"https:\/\/schema.org\",\"@graph\":[{\"@type\":\"WebPage\",\"@id\":\"https:\/\/animalpark.pl\/produkt\/eko01\/\",\"url\":\"https:\/\/animalpark.pl\/produkt\/eko01\/\",\"name\":\"EKO01 - Animal Park\",\"isPartOf\":{\"@id\":\"https:\/\/animalpark.pl\/#website\"},\"primaryImageOfPage\":{\"@id\":\"https:\/\/animalpark.pl\/produkt\/eko01\/#primaryimage\"},\"image\":{\"@id\":\"https:\/\/animalpark.pl\/produkt\/eko01\/#primaryimage\"},\"thumbnailUrl\":\"https:\/\/animalpark.pl\/wp-content\/uploads\/2025\/05\/EKO01.jpg\",\"datePublished\":\"2025-05-13T08:14:57+00:00\",\"dateModified\":\"2025-05-21T08:49:50+00:00\",\"breadcrumb\":{\"@id\":\"https:\/\/animalpark.pl\/produkt\/eko01\/#breadcrumb\"},\"inLanguage\":\"en-US\",\"potentialAction\":[{\"@type\":\"ReadAction\",\"target\":[\"https:\/\/animalpark.pl\/produkt\/eko01\/\"]}]},{\"@type\":\"ImageObject\",\"inLanguage\":\"en-US\",\"@id\":\"https:\/\/animalpark.pl\/produkt\/eko01\/#primaryimage\",\"url\":\"https:\/\/animalpark.pl\/wp-content\/uploads\/2025\/05\/EKO01.jpg\",\"contentUrl\":\"https:\/\/animalpark.pl\/wp-content\/uploads\/2025\/05\/EKO01.jpg\",\"width\":800,\"height\":800},{\"@type\":\"BreadcrumbList\",\"@id\":\"https:\/\/animalpark.pl\/produkt\/eko01\/#breadcrumb\",\"itemListElement\":[{\"@type\":\"ListItem\",\"position\":1,\"name\":\"Strona g\u0142\u00f3wna\",\"item\":\"https:\/\/animalpark.pl\/en\/\"},{\"@type\":\"ListItem\",\"position\":2,\"name\":\"Shop\",\"item\":\"https:\/\/animalpark.pl\/en\/shop\/\"},{\"@type\":\"ListItem\",\"position\":3,\"name\":\"EKO01\"}]},{\"@type\":\"WebSite\",\"@id\":\"https:\/\/animalpark.pl\/#website\",\"url\":\"https:\/\/animalpark.pl\/\",\"name\":\"Animal Park\",\"description\":\"kremacja zwierz\u0105t, eutanazja psa, kota - Lublin, Warszawa, Katowice\",\"potentialAction\":[{\"@type\":\"SearchAction\",\"target\":{\"@type\":\"EntryPoint\",\"urlTemplate\":\"https:\/\/animalpark.pl\/?s={search_term_string}\"},\"query-input\":{\"@type\":\"PropertyValueSpecification\",\"valueRequired\":true,\"valueName\":\"search_term_string\"}}],\"inLanguage\":\"en-US\"}]}<\/script>\n<!-- \/ Yoast SEO plugin. -->","yoast_head_json":{"title":"EKO01 - Animal Park","robots":{"index":"index","follow":"follow","max-snippet":"max-snippet:-1","max-image-preview":"max-image-preview:large","max-video-preview":"max-video-preview:-1"},"canonical":"https:\/\/animalpark.pl\/produkt\/eko01\/","og_locale":"en_US","og_type":"article","og_title":"EKO01 - Animal Park","og_description":"Urny EKO produkowane s\u0105 przez specjalistyczne firmy, kt\u00f3re korzystaj\u0105 wy\u0142\u0105cznie z rozwi\u0105za\u0144 przyjaznych \u015brodowisku oraz w 100% biodegradowalnych materia\u0142\u00f3w organicznych. Do ich wyrobu wykorzystywane s\u0105 mi\u0119dzy innymi: ekstrakty ro\u015blinne, piasek, s\u00f3l morska, szk\u0142o, karton z recyklingu, naturalna \u017cywica czy wosk pszczeli. Po tym jak urna zostaje pochowana, prochy s\u0105 stopniowo uwalniane, w miar\u0119 rozk\u0142adania si\u0119 pojemnika. Ostatecznie ca\u0142a zawarto\u015b\u0107 urny wch\u0142ania si\u0119 do gleby, nie pozostawiaj\u0105c \u017cadnych toksycznych pozosta\u0142o\u015bci.  W \u015brodku urny znajduje si\u0119 woreczek z celulozy, w kt\u00f3rym umieszczone s\u0105 prochy. Worek r\u00f3wnie\u017c rozk\u0142ada si\u0119 w glebie.  Produkt bardzo delikatny, nie wysy\u0142amy firm\u0105 kuriersk\u0105. Odbi\u00f3r z siedziby lub dow\u00f3z osobisty za dodatkow\u0105 op\u0142at\u0105.  &nbsp;","og_url":"https:\/\/animalpark.pl\/produkt\/eko01\/","og_site_name":"Animal Park","article_modified_time":"2025-05-21T08:49:50+00:00","og_image":[{"width":800,"height":800,"url":"https:\/\/animalpark.pl\/wp-content\/uploads\/2025\/05\/EKO01.jpg","type":"image\/jpeg"}],"twitter_card":"summary_large_image","schema":{"@context":"https:\/\/schema.org","@graph":[{"@type":"WebPage","@id":"https:\/\/animalpark.pl\/produkt\/eko01\/","url":"https:\/\/animalpark.pl\/produkt\/eko01\/","name":"EKO01 - Animal Park","isPartOf":{"@id":"https:\/\/animalpark.pl\/#website"},"primaryImageOfPage":{"@id":"https:\/\/animalpark.pl\/produkt\/eko01\/#primaryimage"},"image":{"@id":"https:\/\/animalpark.pl\/produkt\/eko01\/#primaryimage"},"thumbnailUrl":"https:\/\/animalpark.pl\/wp-content\/uploads\/2025\/05\/EKO01.jpg","datePublished":"2025-05-13T08:14:57+00:00","dateModified":"2025-05-21T08:49:50+00:00","breadcrumb":{"@id":"https:\/\/animalpark.pl\/produkt\/eko01\/#breadcrumb"},"inLanguage":"en-US","potentialAction":[{"@type":"ReadAction","target":["https:\/\/animalpark.pl\/produkt\/eko01\/"]}]},{"@type":"ImageObject","inLanguage":"en-US","@id":"https:\/\/animalpark.pl\/produkt\/eko01\/#primaryimage","url":"https:\/\/animalpark.pl\/wp-content\/uploads\/2025\/05\/EKO01.jpg","contentUrl":"https:\/\/animalpark.pl\/wp-content\/uploads\/2025\/05\/EKO01.jpg","width":800,"height":800},{"@type":"BreadcrumbList","@id":"https:\/\/animalpark.pl\/produkt\/eko01\/#breadcrumb","itemListElement":[{"@type":"ListItem","position":1,"name":"Strona g\u0142\u00f3wna","item":"https:\/\/animalpark.pl\/en\/"},{"@type":"ListItem","position":2,"name":"Shop","item":"https:\/\/animalpark.pl\/en\/shop\/"},{"@type":"ListItem","position":3,"name":"EKO01"}]},{"@type":"WebSite","@id":"https:\/\/animalpark.pl\/#website","url":"https:\/\/animalpark.pl\/","name":"Animal Park","description":"kremacja zwierz\u0105t, eutanazja psa, kota - Lublin, Warszawa, Katowice","potentialAction":[{"@type":"SearchAction","target":{"@type":"EntryPoint","urlTemplate":"https:\/\/animalpark.pl\/?s={search_term_string}"},"query-input":{"@type":"PropertyValueSpecification","valueRequired":true,"valueName":"search_term_string"}}],"inLanguage":"en-US"}]}},"_links":{"self":[{"href":"https:\/\/animalpark.pl\/en\/wp-json\/wp\/v2\/product\/1929","targetHints":{"allow":["GET"]}}],"collection":[{"href":"https:\/\/animalpark.pl\/en\/wp-json\/wp\/v2\/product"}],"about":[{"href":"https:\/\/animalpark.pl\/en\/wp-json\/wp\/v2\/types\/product"}],"wp:featuredmedia":[{"embeddable":true,"href":"https:\/\/animalpark.pl\/en\/wp-json\/wp\/v2\/media\/1439"}],"wp:attachment":[{"href":"https:\/\/animalpark.pl\/en\/wp-json\/wp\/v2\/media?parent=1929"}],"wp:term":[{"taxonomy":"product_brand","embeddable":true,"href":"https:\/\/animalpark.pl\/en\/wp-json\/wp\/v2\/product_brand?post=1929"},{"taxonomy":"product_cat","embeddable":true,"href":"https:\/\/animalpark.pl\/en\/wp-json\/wp\/v2\/product_cat?post=1929"},{"taxonomy":"product_tag","embeddable":true,"href":"https:\/\/animalpark.pl\/en\/wp-json\/wp\/v2\/product_tag?post=1929"}],"curies":[{"name":"wp","href":"https:\/\/api.w.org\/{rel}","templated":true}]}}