{"id":1924,"date":"2025-05-13T08:08:33","date_gmt":"2025-05-13T08:08:33","guid":{"rendered":"https:\/\/afzet.kylos.pl\/animal25\/?post_type=product&#038;p=1924"},"modified":"2025-05-21T08:36:57","modified_gmt":"2025-05-21T08:36:57","slug":"drewno-natural","status":"publish","type":"product","link":"https:\/\/animalpark.pl\/en\/produkt\/drewno-natural\/","title":{"rendered":"Drewno natural"},"content":{"rendered":"","protected":false},"excerpt":{"rendered":"<p><strong>Drewniana urna\u2013 klasyka i szacunek w naturalnej formie<\/strong><\/p>\n<p>Nasza urna drewniana to eleganckie i ponadczasowe rozwi\u0105zanie do godnego przechowania proch\u00f3w ukochanego zwierz\u0119cia. Wykonana z wysokiej jako\u015bci drewna, kolor jasny \u2013 o ciep\u0142ym, naturalnym odcieniu.<\/p>\n<p>Z przodu ka\u017cdej urny znajduje si\u0119 wyt\u0142oczone logo firmy Animal Park, kt\u00f3re podkre\u015bla oryginalno\u015b\u0107 i jako\u015b\u0107 produktu.<\/p>\n<p>Na \u017cyczenie wykonujemy r\u00f3wnie\u017c personalizowany grawer \u2013 mo\u017ce to by\u0107 imi\u0119 pupila, data, cytat lub osobista dedykacja. Grawerunek sprawia, \u017ce urna staje si\u0119 jeszcze bardziej wyj\u0105tkowa i intymna.<\/p>\n<p>Koszt graweru: od 99 z\u0142 (w zale\u017cno\u015bci od d\u0142ugo\u015bci tekstu).<\/p>\n<p>To pi\u0119kna i trwa\u0142a forma upami\u0119tnienia \u2013 wykonana z sercem, by pom\u00f3c Ci zachowa\u0107 to, co najcenniejsze: pami\u0119\u0107.<\/p>\n","protected":false},"featured_media":1438,"template":"","meta":{"_et_pb_use_builder":"","_et_pb_old_content":"","_et_gb_content_width":""},"product_brand":[],"product_cat":[32],"product_tag":[],"class_list":{"0":"post-1924","1":"product","2":"type-product","3":"status-publish","4":"has-post-thumbnail","6":"product_cat-urny-ekologiczne","8":"first","9":"instock","10":"shipping-taxable","11":"purchasable","12":"product-type-variable"},"yoast_head":"<!-- This site is optimized with the Yoast SEO plugin v25.8 - https:\/\/yoast.com\/wordpress\/plugins\/seo\/ -->\n<title>Drewno natural - Animal Park<\/title>\n<meta name=\"robots\" content=\"index, follow, max-snippet:-1, max-image-preview:large, max-video-preview:-1\" \/>\n<link rel=\"canonical\" href=\"https:\/\/animalpark.pl\/produkt\/drewno-natural\/\" \/>\n<meta property=\"og:locale\" content=\"en_US\" \/>\n<meta property=\"og:type\" content=\"article\" \/>\n<meta property=\"og:title\" content=\"Drewno natural - Animal Park\" \/>\n<meta property=\"og:description\" content=\"Drewniana urna\u2013 klasyka i szacunek w naturalnej formie  Nasza urna drewniana to eleganckie i ponadczasowe rozwi\u0105zanie do godnego przechowania proch\u00f3w ukochanego zwierz\u0119cia. Wykonana z wysokiej jako\u015bci drewna, kolor jasny \u2013 o ciep\u0142ym, naturalnym odcieniu.  Z przodu ka\u017cdej urny znajduje si\u0119 wyt\u0142oczone logo firmy Animal Park, kt\u00f3re podkre\u015bla oryginalno\u015b\u0107 i jako\u015b\u0107 produktu.  Na \u017cyczenie wykonujemy r\u00f3wnie\u017c personalizowany grawer \u2013 mo\u017ce to by\u0107 imi\u0119 pupila, data, cytat lub osobista dedykacja. Grawerunek sprawia, \u017ce urna staje si\u0119 jeszcze bardziej wyj\u0105tkowa i intymna.  Koszt graweru: od 99 z\u0142 (w zale\u017cno\u015bci od d\u0142ugo\u015bci tekstu).  To pi\u0119kna i trwa\u0142a forma upami\u0119tnienia \u2013 wykonana z sercem, by pom\u00f3c Ci zachowa\u0107 to, co najcenniejsze: pami\u0119\u0107.\" \/>\n<meta property=\"og:url\" content=\"https:\/\/animalpark.pl\/produkt\/drewno-natural\/\" \/>\n<meta property=\"og:site_name\" content=\"Animal Park\" \/>\n<meta property=\"article:modified_time\" content=\"2025-05-21T08:36:57+00:00\" \/>\n<meta property=\"og:image\" content=\"https:\/\/animalpark.pl\/wp-content\/uploads\/2025\/05\/Drewno_natural_set.png\" \/>\n\t<meta property=\"og:image:width\" content=\"1080\" \/>\n\t<meta property=\"og:image:height\" content=\"1080\" \/>\n\t<meta property=\"og:image:type\" content=\"image\/png\" \/>\n<meta name=\"twitter:card\" content=\"summary_large_image\" \/>\n<script type=\"application\/ld+json\" class=\"yoast-schema-graph\">{\"@context\":\"https:\/\/schema.org\",\"@graph\":[{\"@type\":\"WebPage\",\"@id\":\"https:\/\/animalpark.pl\/produkt\/drewno-natural\/\",\"url\":\"https:\/\/animalpark.pl\/produkt\/drewno-natural\/\",\"name\":\"Drewno natural - Animal Park\",\"isPartOf\":{\"@id\":\"https:\/\/animalpark.pl\/#website\"},\"primaryImageOfPage\":{\"@id\":\"https:\/\/animalpark.pl\/produkt\/drewno-natural\/#primaryimage\"},\"image\":{\"@id\":\"https:\/\/animalpark.pl\/produkt\/drewno-natural\/#primaryimage\"},\"thumbnailUrl\":\"https:\/\/animalpark.pl\/wp-content\/uploads\/2025\/05\/Drewno_natural_set.png\",\"datePublished\":\"2025-05-13T08:08:33+00:00\",\"dateModified\":\"2025-05-21T08:36:57+00:00\",\"breadcrumb\":{\"@id\":\"https:\/\/animalpark.pl\/produkt\/drewno-natural\/#breadcrumb\"},\"inLanguage\":\"en-US\",\"potentialAction\":[{\"@type\":\"ReadAction\",\"target\":[\"https:\/\/animalpark.pl\/produkt\/drewno-natural\/\"]}]},{\"@type\":\"ImageObject\",\"inLanguage\":\"en-US\",\"@id\":\"https:\/\/animalpark.pl\/produkt\/drewno-natural\/#primaryimage\",\"url\":\"https:\/\/animalpark.pl\/wp-content\/uploads\/2025\/05\/Drewno_natural_set.png\",\"contentUrl\":\"https:\/\/animalpark.pl\/wp-content\/uploads\/2025\/05\/Drewno_natural_set.png\",\"width\":1080,\"height\":1080},{\"@type\":\"BreadcrumbList\",\"@id\":\"https:\/\/animalpark.pl\/produkt\/drewno-natural\/#breadcrumb\",\"itemListElement\":[{\"@type\":\"ListItem\",\"position\":1,\"name\":\"Strona g\u0142\u00f3wna\",\"item\":\"https:\/\/animalpark.pl\/en\/\"},{\"@type\":\"ListItem\",\"position\":2,\"name\":\"Shop\",\"item\":\"https:\/\/animalpark.pl\/en\/shop\/\"},{\"@type\":\"ListItem\",\"position\":3,\"name\":\"Drewno natural\"}]},{\"@type\":\"WebSite\",\"@id\":\"https:\/\/animalpark.pl\/#website\",\"url\":\"https:\/\/animalpark.pl\/\",\"name\":\"Animal Park\",\"description\":\"kremacja zwierz\u0105t, eutanazja psa, kota - Lublin, Warszawa, Katowice\",\"potentialAction\":[{\"@type\":\"SearchAction\",\"target\":{\"@type\":\"EntryPoint\",\"urlTemplate\":\"https:\/\/animalpark.pl\/?s={search_term_string}\"},\"query-input\":{\"@type\":\"PropertyValueSpecification\",\"valueRequired\":true,\"valueName\":\"search_term_string\"}}],\"inLanguage\":\"en-US\"}]}<\/script>\n<!-- \/ Yoast SEO plugin. -->","yoast_head_json":{"title":"Drewno natural - Animal Park","robots":{"index":"index","follow":"follow","max-snippet":"max-snippet:-1","max-image-preview":"max-image-preview:large","max-video-preview":"max-video-preview:-1"},"canonical":"https:\/\/animalpark.pl\/produkt\/drewno-natural\/","og_locale":"en_US","og_type":"article","og_title":"Drewno natural - Animal Park","og_description":"Drewniana urna\u2013 klasyka i szacunek w naturalnej formie  Nasza urna drewniana to eleganckie i ponadczasowe rozwi\u0105zanie do godnego przechowania proch\u00f3w ukochanego zwierz\u0119cia. Wykonana z wysokiej jako\u015bci drewna, kolor jasny \u2013 o ciep\u0142ym, naturalnym odcieniu.  Z przodu ka\u017cdej urny znajduje si\u0119 wyt\u0142oczone logo firmy Animal Park, kt\u00f3re podkre\u015bla oryginalno\u015b\u0107 i jako\u015b\u0107 produktu.  Na \u017cyczenie wykonujemy r\u00f3wnie\u017c personalizowany grawer \u2013 mo\u017ce to by\u0107 imi\u0119 pupila, data, cytat lub osobista dedykacja. Grawerunek sprawia, \u017ce urna staje si\u0119 jeszcze bardziej wyj\u0105tkowa i intymna.  Koszt graweru: od 99 z\u0142 (w zale\u017cno\u015bci od d\u0142ugo\u015bci tekstu).  To pi\u0119kna i trwa\u0142a forma upami\u0119tnienia \u2013 wykonana z sercem, by pom\u00f3c Ci zachowa\u0107 to, co najcenniejsze: pami\u0119\u0107.","og_url":"https:\/\/animalpark.pl\/produkt\/drewno-natural\/","og_site_name":"Animal Park","article_modified_time":"2025-05-21T08:36:57+00:00","og_image":[{"width":1080,"height":1080,"url":"https:\/\/animalpark.pl\/wp-content\/uploads\/2025\/05\/Drewno_natural_set.png","type":"image\/png"}],"twitter_card":"summary_large_image","schema":{"@context":"https:\/\/schema.org","@graph":[{"@type":"WebPage","@id":"https:\/\/animalpark.pl\/produkt\/drewno-natural\/","url":"https:\/\/animalpark.pl\/produkt\/drewno-natural\/","name":"Drewno natural - Animal Park","isPartOf":{"@id":"https:\/\/animalpark.pl\/#website"},"primaryImageOfPage":{"@id":"https:\/\/animalpark.pl\/produkt\/drewno-natural\/#primaryimage"},"image":{"@id":"https:\/\/animalpark.pl\/produkt\/drewno-natural\/#primaryimage"},"thumbnailUrl":"https:\/\/animalpark.pl\/wp-content\/uploads\/2025\/05\/Drewno_natural_set.png","datePublished":"2025-05-13T08:08:33+00:00","dateModified":"2025-05-21T08:36:57+00:00","breadcrumb":{"@id":"https:\/\/animalpark.pl\/produkt\/drewno-natural\/#breadcrumb"},"inLanguage":"en-US","potentialAction":[{"@type":"ReadAction","target":["https:\/\/animalpark.pl\/produkt\/drewno-natural\/"]}]},{"@type":"ImageObject","inLanguage":"en-US","@id":"https:\/\/animalpark.pl\/produkt\/drewno-natural\/#primaryimage","url":"https:\/\/animalpark.pl\/wp-content\/uploads\/2025\/05\/Drewno_natural_set.png","contentUrl":"https:\/\/animalpark.pl\/wp-content\/uploads\/2025\/05\/Drewno_natural_set.png","width":1080,"height":1080},{"@type":"BreadcrumbList","@id":"https:\/\/animalpark.pl\/produkt\/drewno-natural\/#breadcrumb","itemListElement":[{"@type":"ListItem","position":1,"name":"Strona g\u0142\u00f3wna","item":"https:\/\/animalpark.pl\/en\/"},{"@type":"ListItem","position":2,"name":"Shop","item":"https:\/\/animalpark.pl\/en\/shop\/"},{"@type":"ListItem","position":3,"name":"Drewno natural"}]},{"@type":"WebSite","@id":"https:\/\/animalpark.pl\/#website","url":"https:\/\/animalpark.pl\/","name":"Animal Park","description":"kremacja zwierz\u0105t, eutanazja psa, kota - Lublin, Warszawa, Katowice","potentialAction":[{"@type":"SearchAction","target":{"@type":"EntryPoint","urlTemplate":"https:\/\/animalpark.pl\/?s={search_term_string}"},"query-input":{"@type":"PropertyValueSpecification","valueRequired":true,"valueName":"search_term_string"}}],"inLanguage":"en-US"}]}},"_links":{"self":[{"href":"https:\/\/animalpark.pl\/en\/wp-json\/wp\/v2\/product\/1924","targetHints":{"allow":["GET"]}}],"collection":[{"href":"https:\/\/animalpark.pl\/en\/wp-json\/wp\/v2\/product"}],"about":[{"href":"https:\/\/animalpark.pl\/en\/wp-json\/wp\/v2\/types\/product"}],"wp:featuredmedia":[{"embeddable":true,"href":"https:\/\/animalpark.pl\/en\/wp-json\/wp\/v2\/media\/1438"}],"wp:attachment":[{"href":"https:\/\/animalpark.pl\/en\/wp-json\/wp\/v2\/media?parent=1924"}],"wp:term":[{"taxonomy":"product_brand","embeddable":true,"href":"https:\/\/animalpark.pl\/en\/wp-json\/wp\/v2\/product_brand?post=1924"},{"taxonomy":"product_cat","embeddable":true,"href":"https:\/\/animalpark.pl\/en\/wp-json\/wp\/v2\/product_cat?post=1924"},{"taxonomy":"product_tag","embeddable":true,"href":"https:\/\/animalpark.pl\/en\/wp-json\/wp\/v2\/product_tag?post=1924"}],"curies":[{"name":"wp","href":"https:\/\/api.w.org\/{rel}","templated":true}]}}