{"id":1902,"date":"2025-05-13T07:47:48","date_gmt":"2025-05-13T07:47:48","guid":{"rendered":"https:\/\/afzet.kylos.pl\/animal25\/?post_type=product&#038;p=1902"},"modified":"2025-05-21T06:54:01","modified_gmt":"2025-05-21T06:54:01","slug":"ap1200","status":"publish","type":"product","link":"https:\/\/animalpark.pl\/en\/produkt\/ap1200\/","title":{"rendered":"AP1200 &#8211; Wisiorek Motyl Pami\u0119ci"},"content":{"rendered":"<ul>\n<li><strong>Pojemno\u015b\u0107:<\/strong> Symboliczna ilo\u015b\u0107 proch\u00f3w<\/li>\n<li><strong>Wysoko\u015b\u0107:<\/strong> 1,6 cm<\/li>\n<li><strong>Szeroko\u015b\u0107:<\/strong> 1,9 cm<\/li>\n<li><strong>Grubo\u015b\u0107:<\/strong> 0,6 cm<\/li>\n<li><strong>Wyko\u0144czenie:<\/strong> L\u015bni\u0105ce, z wysokim po\u0142yskiem<\/li>\n<li><strong>Mo\u017cliwo\u015b\u0107 personalizacji:<\/strong> Nie<\/li>\n<li><strong>Akcesoria:<\/strong> Zawiera \u0142a\u0144cuszek<\/li>\n<\/ul>\n","protected":false},"excerpt":{"rendered":"<p>Motyl od wiek\u00f3w symbolizuje przemian\u0119, delikatno\u015b\u0107 i nie\u015bmiertelno\u015b\u0107 duszy. Ten subtelny wisiorek w kszta\u0142cie motyla to nie tylko ozdoba, ale r\u00f3wnie\u017c pe\u0142na znaczenia pami\u0105tka po ukochanym czworonogu.<\/p>\n<p>Bi\u017cuteria wykonana jest z wysokiej jako\u015bci srebra pr\u00f3by 925, co oznacza, \u017ce zawiera co najmniej 92,5% czystego srebra, a pozosta\u0142e 7,5% to stop wzmacniaj\u0105cy. Pokryty pow\u0142ok\u0105 RhodiumCoat\u2122 \u2013 dla wi\u0119kszej trwa\u0142o\u015bci i po\u0142ysku. R\u0119cznie wykonany z mi\u0142o\u015bci\u0105 przez LoveUrns.<\/p>\n","protected":false},"featured_media":1333,"template":"","meta":{"_et_pb_use_builder":"","_et_pb_old_content":"","_et_gb_content_width":""},"product_brand":[],"product_cat":[31],"product_tag":[],"class_list":{"0":"post-1902","1":"product","2":"type-product","3":"status-publish","4":"has-post-thumbnail","6":"product_cat-bizuteria-funeralna","8":"first","9":"instock","10":"shipping-taxable","11":"purchasable","12":"product-type-simple"},"yoast_head":"<!-- This site is optimized with the Yoast SEO plugin v25.8 - https:\/\/yoast.com\/wordpress\/plugins\/seo\/ -->\n<title>AP1200 - Wisiorek Motyl Pami\u0119ci - Animal Park<\/title>\n<meta name=\"robots\" content=\"index, follow, max-snippet:-1, max-image-preview:large, max-video-preview:-1\" \/>\n<link rel=\"canonical\" href=\"https:\/\/animalpark.pl\/produkt\/ap1200\/\" \/>\n<meta property=\"og:locale\" content=\"en_US\" \/>\n<meta property=\"og:type\" content=\"article\" \/>\n<meta property=\"og:title\" content=\"AP1200 - Wisiorek Motyl Pami\u0119ci - Animal Park\" \/>\n<meta property=\"og:description\" content=\"Motyl od wiek\u00f3w symbolizuje przemian\u0119, delikatno\u015b\u0107 i nie\u015bmiertelno\u015b\u0107 duszy. Ten subtelny wisiorek w kszta\u0142cie motyla to nie tylko ozdoba, ale r\u00f3wnie\u017c pe\u0142na znaczenia pami\u0105tka po ukochanym czworonogu.  Bi\u017cuteria wykonana jest z wysokiej jako\u015bci srebra pr\u00f3by 925, co oznacza, \u017ce zawiera co najmniej 92,5% czystego srebra, a pozosta\u0142e 7,5% to stop wzmacniaj\u0105cy. Pokryty pow\u0142ok\u0105 RhodiumCoat\u2122 \u2013 dla wi\u0119kszej trwa\u0142o\u015bci i po\u0142ysku. R\u0119cznie wykonany z mi\u0142o\u015bci\u0105 przez LoveUrns.\" \/>\n<meta property=\"og:url\" content=\"https:\/\/animalpark.pl\/produkt\/ap1200\/\" \/>\n<meta property=\"og:site_name\" content=\"Animal Park\" \/>\n<meta property=\"article:modified_time\" content=\"2025-05-21T06:54:01+00:00\" \/>\n<meta property=\"og:image\" content=\"https:\/\/animalpark.pl\/wp-content\/uploads\/2025\/05\/AP1200.png\" \/>\n\t<meta property=\"og:image:width\" content=\"1080\" \/>\n\t<meta property=\"og:image:height\" content=\"1080\" \/>\n\t<meta property=\"og:image:type\" content=\"image\/png\" \/>\n<meta name=\"twitter:card\" content=\"summary_large_image\" \/>\n<script type=\"application\/ld+json\" class=\"yoast-schema-graph\">{\"@context\":\"https:\/\/schema.org\",\"@graph\":[{\"@type\":\"WebPage\",\"@id\":\"https:\/\/animalpark.pl\/produkt\/ap1200\/\",\"url\":\"https:\/\/animalpark.pl\/produkt\/ap1200\/\",\"name\":\"AP1200 - Wisiorek Motyl Pami\u0119ci - Animal Park\",\"isPartOf\":{\"@id\":\"https:\/\/animalpark.pl\/#website\"},\"primaryImageOfPage\":{\"@id\":\"https:\/\/animalpark.pl\/produkt\/ap1200\/#primaryimage\"},\"image\":{\"@id\":\"https:\/\/animalpark.pl\/produkt\/ap1200\/#primaryimage\"},\"thumbnailUrl\":\"https:\/\/animalpark.pl\/wp-content\/uploads\/2025\/05\/AP1200.png\",\"datePublished\":\"2025-05-13T07:47:48+00:00\",\"dateModified\":\"2025-05-21T06:54:01+00:00\",\"breadcrumb\":{\"@id\":\"https:\/\/animalpark.pl\/produkt\/ap1200\/#breadcrumb\"},\"inLanguage\":\"en-US\",\"potentialAction\":[{\"@type\":\"ReadAction\",\"target\":[\"https:\/\/animalpark.pl\/produkt\/ap1200\/\"]}]},{\"@type\":\"ImageObject\",\"inLanguage\":\"en-US\",\"@id\":\"https:\/\/animalpark.pl\/produkt\/ap1200\/#primaryimage\",\"url\":\"https:\/\/animalpark.pl\/wp-content\/uploads\/2025\/05\/AP1200.png\",\"contentUrl\":\"https:\/\/animalpark.pl\/wp-content\/uploads\/2025\/05\/AP1200.png\",\"width\":1080,\"height\":1080},{\"@type\":\"BreadcrumbList\",\"@id\":\"https:\/\/animalpark.pl\/produkt\/ap1200\/#breadcrumb\",\"itemListElement\":[{\"@type\":\"ListItem\",\"position\":1,\"name\":\"Strona g\u0142\u00f3wna\",\"item\":\"https:\/\/animalpark.pl\/en\/\"},{\"@type\":\"ListItem\",\"position\":2,\"name\":\"Shop\",\"item\":\"https:\/\/animalpark.pl\/en\/shop\/\"},{\"@type\":\"ListItem\",\"position\":3,\"name\":\"AP1200 &#8211; Wisiorek Motyl Pami\u0119ci\"}]},{\"@type\":\"WebSite\",\"@id\":\"https:\/\/animalpark.pl\/#website\",\"url\":\"https:\/\/animalpark.pl\/\",\"name\":\"Animal Park\",\"description\":\"kremacja zwierz\u0105t, eutanazja psa, kota - Lublin, Warszawa, Katowice\",\"potentialAction\":[{\"@type\":\"SearchAction\",\"target\":{\"@type\":\"EntryPoint\",\"urlTemplate\":\"https:\/\/animalpark.pl\/?s={search_term_string}\"},\"query-input\":{\"@type\":\"PropertyValueSpecification\",\"valueRequired\":true,\"valueName\":\"search_term_string\"}}],\"inLanguage\":\"en-US\"}]}<\/script>\n<!-- \/ Yoast SEO plugin. -->","yoast_head_json":{"title":"AP1200 - Wisiorek Motyl Pami\u0119ci - Animal Park","robots":{"index":"index","follow":"follow","max-snippet":"max-snippet:-1","max-image-preview":"max-image-preview:large","max-video-preview":"max-video-preview:-1"},"canonical":"https:\/\/animalpark.pl\/produkt\/ap1200\/","og_locale":"en_US","og_type":"article","og_title":"AP1200 - Wisiorek Motyl Pami\u0119ci - Animal Park","og_description":"Motyl od wiek\u00f3w symbolizuje przemian\u0119, delikatno\u015b\u0107 i nie\u015bmiertelno\u015b\u0107 duszy. Ten subtelny wisiorek w kszta\u0142cie motyla to nie tylko ozdoba, ale r\u00f3wnie\u017c pe\u0142na znaczenia pami\u0105tka po ukochanym czworonogu.  Bi\u017cuteria wykonana jest z wysokiej jako\u015bci srebra pr\u00f3by 925, co oznacza, \u017ce zawiera co najmniej 92,5% czystego srebra, a pozosta\u0142e 7,5% to stop wzmacniaj\u0105cy. Pokryty pow\u0142ok\u0105 RhodiumCoat\u2122 \u2013 dla wi\u0119kszej trwa\u0142o\u015bci i po\u0142ysku. R\u0119cznie wykonany z mi\u0142o\u015bci\u0105 przez LoveUrns.","og_url":"https:\/\/animalpark.pl\/produkt\/ap1200\/","og_site_name":"Animal Park","article_modified_time":"2025-05-21T06:54:01+00:00","og_image":[{"width":1080,"height":1080,"url":"https:\/\/animalpark.pl\/wp-content\/uploads\/2025\/05\/AP1200.png","type":"image\/png"}],"twitter_card":"summary_large_image","schema":{"@context":"https:\/\/schema.org","@graph":[{"@type":"WebPage","@id":"https:\/\/animalpark.pl\/produkt\/ap1200\/","url":"https:\/\/animalpark.pl\/produkt\/ap1200\/","name":"AP1200 - Wisiorek Motyl Pami\u0119ci - Animal Park","isPartOf":{"@id":"https:\/\/animalpark.pl\/#website"},"primaryImageOfPage":{"@id":"https:\/\/animalpark.pl\/produkt\/ap1200\/#primaryimage"},"image":{"@id":"https:\/\/animalpark.pl\/produkt\/ap1200\/#primaryimage"},"thumbnailUrl":"https:\/\/animalpark.pl\/wp-content\/uploads\/2025\/05\/AP1200.png","datePublished":"2025-05-13T07:47:48+00:00","dateModified":"2025-05-21T06:54:01+00:00","breadcrumb":{"@id":"https:\/\/animalpark.pl\/produkt\/ap1200\/#breadcrumb"},"inLanguage":"en-US","potentialAction":[{"@type":"ReadAction","target":["https:\/\/animalpark.pl\/produkt\/ap1200\/"]}]},{"@type":"ImageObject","inLanguage":"en-US","@id":"https:\/\/animalpark.pl\/produkt\/ap1200\/#primaryimage","url":"https:\/\/animalpark.pl\/wp-content\/uploads\/2025\/05\/AP1200.png","contentUrl":"https:\/\/animalpark.pl\/wp-content\/uploads\/2025\/05\/AP1200.png","width":1080,"height":1080},{"@type":"BreadcrumbList","@id":"https:\/\/animalpark.pl\/produkt\/ap1200\/#breadcrumb","itemListElement":[{"@type":"ListItem","position":1,"name":"Strona g\u0142\u00f3wna","item":"https:\/\/animalpark.pl\/en\/"},{"@type":"ListItem","position":2,"name":"Shop","item":"https:\/\/animalpark.pl\/en\/shop\/"},{"@type":"ListItem","position":3,"name":"AP1200 &#8211; Wisiorek Motyl Pami\u0119ci"}]},{"@type":"WebSite","@id":"https:\/\/animalpark.pl\/#website","url":"https:\/\/animalpark.pl\/","name":"Animal Park","description":"kremacja zwierz\u0105t, eutanazja psa, kota - Lublin, Warszawa, Katowice","potentialAction":[{"@type":"SearchAction","target":{"@type":"EntryPoint","urlTemplate":"https:\/\/animalpark.pl\/?s={search_term_string}"},"query-input":{"@type":"PropertyValueSpecification","valueRequired":true,"valueName":"search_term_string"}}],"inLanguage":"en-US"}]}},"_links":{"self":[{"href":"https:\/\/animalpark.pl\/en\/wp-json\/wp\/v2\/product\/1902","targetHints":{"allow":["GET"]}}],"collection":[{"href":"https:\/\/animalpark.pl\/en\/wp-json\/wp\/v2\/product"}],"about":[{"href":"https:\/\/animalpark.pl\/en\/wp-json\/wp\/v2\/types\/product"}],"wp:featuredmedia":[{"embeddable":true,"href":"https:\/\/animalpark.pl\/en\/wp-json\/wp\/v2\/media\/1333"}],"wp:attachment":[{"href":"https:\/\/animalpark.pl\/en\/wp-json\/wp\/v2\/media?parent=1902"}],"wp:term":[{"taxonomy":"product_brand","embeddable":true,"href":"https:\/\/animalpark.pl\/en\/wp-json\/wp\/v2\/product_brand?post=1902"},{"taxonomy":"product_cat","embeddable":true,"href":"https:\/\/animalpark.pl\/en\/wp-json\/wp\/v2\/product_cat?post=1902"},{"taxonomy":"product_tag","embeddable":true,"href":"https:\/\/animalpark.pl\/en\/wp-json\/wp\/v2\/product_tag?post=1902"}],"curies":[{"name":"wp","href":"https:\/\/api.w.org\/{rel}","templated":true}]}}