{"id":1898,"date":"2025-05-13T07:44:13","date_gmt":"2025-05-13T07:44:13","guid":{"rendered":"https:\/\/afzet.kylos.pl\/animal25\/?post_type=product&#038;p=1898"},"modified":"2025-09-17T07:07:02","modified_gmt":"2025-09-17T07:07:02","slug":"ap2100","status":"publish","type":"product","link":"https:\/\/animalpark.pl\/en\/produkt\/ap2100\/","title":{"rendered":"AP2100 &#8211; Koralik do bransoletki \u2013 Pies"},"content":{"rendered":"<ul>\n<li><strong>Pojemno\u015b\u0107:<\/strong> Symboliczna ilo\u015b\u0107 proch\u00f3w<\/li>\n<li><strong>Wysoko\u015b\u0107:<\/strong> 1,1 cm<\/li>\n<li><strong>Szeroko\u015b\u0107:<\/strong> 1,0 cm<\/li>\n<li><strong>Grubo\u015b\u0107:<\/strong> 1,5 cm<\/li>\n<li><strong>Wyko\u0144czenie:<\/strong> L\u015bni\u0105ce, z wysokim po\u0142yskiem<\/li>\n<li><strong>Mo\u017cliwo\u015b\u0107 personalizacji:<\/strong> Nie<\/li>\n<li><strong>Akcesoria:<\/strong> Produkt nie zawiera bransoletki<\/li>\n<\/ul>\n","protected":false},"excerpt":{"rendered":"<p>Uroczy koralik pami\u0119ci w kszta\u0142cie psa to wyj\u0105tkowa forma upami\u0119tnienia wiernego przyjaciela, kt\u00f3ry na zawsze pozosta\u0142 w Twoim sercu. Starannie wykonany ze srebra pr\u00f3by 925, przedstawia psa z delikatnymi detalami, kt\u00f3re oddaj\u0105 jego charakter i ciep\u0142o.<\/p>\n","protected":false},"featured_media":1329,"template":"","meta":{"_et_pb_use_builder":"","_et_pb_old_content":"","_et_gb_content_width":""},"product_brand":[],"product_cat":[31],"product_tag":[],"class_list":{"0":"post-1898","1":"product","2":"type-product","3":"status-publish","4":"has-post-thumbnail","6":"product_cat-bizuteria-funeralna","8":"first","9":"instock","10":"shipping-taxable","11":"purchasable","12":"product-type-simple"},"yoast_head":"<!-- This site is optimized with the Yoast SEO plugin v25.8 - https:\/\/yoast.com\/wordpress\/plugins\/seo\/ -->\n<title>AP2100 - Koralik do bransoletki \u2013 Pies - Animal Park<\/title>\n<meta name=\"robots\" content=\"index, follow, max-snippet:-1, max-image-preview:large, max-video-preview:-1\" \/>\n<link rel=\"canonical\" href=\"https:\/\/animalpark.pl\/produkt\/ap2100\/\" \/>\n<meta property=\"og:locale\" content=\"en_US\" \/>\n<meta property=\"og:type\" content=\"article\" \/>\n<meta property=\"og:title\" content=\"AP2100 - Koralik do bransoletki \u2013 Pies - Animal Park\" \/>\n<meta property=\"og:description\" content=\"Uroczy koralik pami\u0119ci w kszta\u0142cie psa to wyj\u0105tkowa forma upami\u0119tnienia wiernego przyjaciela, kt\u00f3ry na zawsze pozosta\u0142 w Twoim sercu. Starannie wykonany ze srebra pr\u00f3by 925, przedstawia psa z delikatnymi detalami, kt\u00f3re oddaj\u0105 jego charakter i ciep\u0142o.\" \/>\n<meta property=\"og:url\" content=\"https:\/\/animalpark.pl\/produkt\/ap2100\/\" \/>\n<meta property=\"og:site_name\" content=\"Animal Park\" \/>\n<meta property=\"article:modified_time\" content=\"2025-09-17T07:07:02+00:00\" \/>\n<meta property=\"og:image\" content=\"https:\/\/animalpark.pl\/wp-content\/uploads\/2025\/05\/AP011.png\" \/>\n\t<meta property=\"og:image:width\" content=\"1080\" \/>\n\t<meta property=\"og:image:height\" content=\"1080\" \/>\n\t<meta property=\"og:image:type\" content=\"image\/png\" \/>\n<meta name=\"twitter:card\" content=\"summary_large_image\" \/>\n<meta name=\"twitter:label1\" content=\"Est. reading time\" \/>\n\t<meta name=\"twitter:data1\" content=\"1 minute\" \/>\n<script type=\"application\/ld+json\" class=\"yoast-schema-graph\">{\"@context\":\"https:\/\/schema.org\",\"@graph\":[{\"@type\":\"WebPage\",\"@id\":\"https:\/\/animalpark.pl\/produkt\/ap2100\/\",\"url\":\"https:\/\/animalpark.pl\/produkt\/ap2100\/\",\"name\":\"AP2100 - Koralik do bransoletki \u2013 Pies - Animal Park\",\"isPartOf\":{\"@id\":\"https:\/\/animalpark.pl\/#website\"},\"primaryImageOfPage\":{\"@id\":\"https:\/\/animalpark.pl\/produkt\/ap2100\/#primaryimage\"},\"image\":{\"@id\":\"https:\/\/animalpark.pl\/produkt\/ap2100\/#primaryimage\"},\"thumbnailUrl\":\"https:\/\/animalpark.pl\/wp-content\/uploads\/2025\/05\/AP011.png\",\"datePublished\":\"2025-05-13T07:44:13+00:00\",\"dateModified\":\"2025-09-17T07:07:02+00:00\",\"breadcrumb\":{\"@id\":\"https:\/\/animalpark.pl\/produkt\/ap2100\/#breadcrumb\"},\"inLanguage\":\"en-US\",\"potentialAction\":[{\"@type\":\"ReadAction\",\"target\":[\"https:\/\/animalpark.pl\/produkt\/ap2100\/\"]}]},{\"@type\":\"ImageObject\",\"inLanguage\":\"en-US\",\"@id\":\"https:\/\/animalpark.pl\/produkt\/ap2100\/#primaryimage\",\"url\":\"https:\/\/animalpark.pl\/wp-content\/uploads\/2025\/05\/AP011.png\",\"contentUrl\":\"https:\/\/animalpark.pl\/wp-content\/uploads\/2025\/05\/AP011.png\",\"width\":1080,\"height\":1080},{\"@type\":\"BreadcrumbList\",\"@id\":\"https:\/\/animalpark.pl\/produkt\/ap2100\/#breadcrumb\",\"itemListElement\":[{\"@type\":\"ListItem\",\"position\":1,\"name\":\"Strona g\u0142\u00f3wna\",\"item\":\"https:\/\/animalpark.pl\/en\/\"},{\"@type\":\"ListItem\",\"position\":2,\"name\":\"Shop\",\"item\":\"https:\/\/animalpark.pl\/en\/shop\/\"},{\"@type\":\"ListItem\",\"position\":3,\"name\":\"AP2100 &#8211; Koralik do bransoletki \u2013 Pies\"}]},{\"@type\":\"WebSite\",\"@id\":\"https:\/\/animalpark.pl\/#website\",\"url\":\"https:\/\/animalpark.pl\/\",\"name\":\"Animal Park\",\"description\":\"kremacja zwierz\u0105t, eutanazja psa, kota - Lublin, Warszawa, Katowice\",\"potentialAction\":[{\"@type\":\"SearchAction\",\"target\":{\"@type\":\"EntryPoint\",\"urlTemplate\":\"https:\/\/animalpark.pl\/?s={search_term_string}\"},\"query-input\":{\"@type\":\"PropertyValueSpecification\",\"valueRequired\":true,\"valueName\":\"search_term_string\"}}],\"inLanguage\":\"en-US\"}]}<\/script>\n<!-- \/ Yoast SEO plugin. -->","yoast_head_json":{"title":"AP2100 - Koralik do bransoletki \u2013 Pies - Animal Park","robots":{"index":"index","follow":"follow","max-snippet":"max-snippet:-1","max-image-preview":"max-image-preview:large","max-video-preview":"max-video-preview:-1"},"canonical":"https:\/\/animalpark.pl\/produkt\/ap2100\/","og_locale":"en_US","og_type":"article","og_title":"AP2100 - Koralik do bransoletki \u2013 Pies - Animal Park","og_description":"Uroczy koralik pami\u0119ci w kszta\u0142cie psa to wyj\u0105tkowa forma upami\u0119tnienia wiernego przyjaciela, kt\u00f3ry na zawsze pozosta\u0142 w Twoim sercu. Starannie wykonany ze srebra pr\u00f3by 925, przedstawia psa z delikatnymi detalami, kt\u00f3re oddaj\u0105 jego charakter i ciep\u0142o.","og_url":"https:\/\/animalpark.pl\/produkt\/ap2100\/","og_site_name":"Animal Park","article_modified_time":"2025-09-17T07:07:02+00:00","og_image":[{"width":1080,"height":1080,"url":"https:\/\/animalpark.pl\/wp-content\/uploads\/2025\/05\/AP011.png","type":"image\/png"}],"twitter_card":"summary_large_image","twitter_misc":{"Est. reading time":"1 minute"},"schema":{"@context":"https:\/\/schema.org","@graph":[{"@type":"WebPage","@id":"https:\/\/animalpark.pl\/produkt\/ap2100\/","url":"https:\/\/animalpark.pl\/produkt\/ap2100\/","name":"AP2100 - Koralik do bransoletki \u2013 Pies - Animal Park","isPartOf":{"@id":"https:\/\/animalpark.pl\/#website"},"primaryImageOfPage":{"@id":"https:\/\/animalpark.pl\/produkt\/ap2100\/#primaryimage"},"image":{"@id":"https:\/\/animalpark.pl\/produkt\/ap2100\/#primaryimage"},"thumbnailUrl":"https:\/\/animalpark.pl\/wp-content\/uploads\/2025\/05\/AP011.png","datePublished":"2025-05-13T07:44:13+00:00","dateModified":"2025-09-17T07:07:02+00:00","breadcrumb":{"@id":"https:\/\/animalpark.pl\/produkt\/ap2100\/#breadcrumb"},"inLanguage":"en-US","potentialAction":[{"@type":"ReadAction","target":["https:\/\/animalpark.pl\/produkt\/ap2100\/"]}]},{"@type":"ImageObject","inLanguage":"en-US","@id":"https:\/\/animalpark.pl\/produkt\/ap2100\/#primaryimage","url":"https:\/\/animalpark.pl\/wp-content\/uploads\/2025\/05\/AP011.png","contentUrl":"https:\/\/animalpark.pl\/wp-content\/uploads\/2025\/05\/AP011.png","width":1080,"height":1080},{"@type":"BreadcrumbList","@id":"https:\/\/animalpark.pl\/produkt\/ap2100\/#breadcrumb","itemListElement":[{"@type":"ListItem","position":1,"name":"Strona g\u0142\u00f3wna","item":"https:\/\/animalpark.pl\/en\/"},{"@type":"ListItem","position":2,"name":"Shop","item":"https:\/\/animalpark.pl\/en\/shop\/"},{"@type":"ListItem","position":3,"name":"AP2100 &#8211; Koralik do bransoletki \u2013 Pies"}]},{"@type":"WebSite","@id":"https:\/\/animalpark.pl\/#website","url":"https:\/\/animalpark.pl\/","name":"Animal Park","description":"kremacja zwierz\u0105t, eutanazja psa, kota - Lublin, Warszawa, Katowice","potentialAction":[{"@type":"SearchAction","target":{"@type":"EntryPoint","urlTemplate":"https:\/\/animalpark.pl\/?s={search_term_string}"},"query-input":{"@type":"PropertyValueSpecification","valueRequired":true,"valueName":"search_term_string"}}],"inLanguage":"en-US"}]}},"_links":{"self":[{"href":"https:\/\/animalpark.pl\/en\/wp-json\/wp\/v2\/product\/1898","targetHints":{"allow":["GET"]}}],"collection":[{"href":"https:\/\/animalpark.pl\/en\/wp-json\/wp\/v2\/product"}],"about":[{"href":"https:\/\/animalpark.pl\/en\/wp-json\/wp\/v2\/types\/product"}],"wp:featuredmedia":[{"embeddable":true,"href":"https:\/\/animalpark.pl\/en\/wp-json\/wp\/v2\/media\/1329"}],"wp:attachment":[{"href":"https:\/\/animalpark.pl\/en\/wp-json\/wp\/v2\/media?parent=1898"}],"wp:term":[{"taxonomy":"product_brand","embeddable":true,"href":"https:\/\/animalpark.pl\/en\/wp-json\/wp\/v2\/product_brand?post=1898"},{"taxonomy":"product_cat","embeddable":true,"href":"https:\/\/animalpark.pl\/en\/wp-json\/wp\/v2\/product_cat?post=1898"},{"taxonomy":"product_tag","embeddable":true,"href":"https:\/\/animalpark.pl\/en\/wp-json\/wp\/v2\/product_tag?post=1898"}],"curies":[{"name":"wp","href":"https:\/\/api.w.org\/{rel}","templated":true}]}}