{"id":1891,"date":"2025-05-13T07:34:06","date_gmt":"2025-05-13T07:34:06","guid":{"rendered":"https:\/\/afzet.kylos.pl\/animal25\/?post_type=product&#038;p=1891"},"modified":"2025-09-17T06:44:27","modified_gmt":"2025-09-17T06:44:27","slug":"ap207","status":"publish","type":"product","link":"https:\/\/animalpark.pl\/en\/produkt\/ap207\/","title":{"rendered":"AP207 &#8211; Wisiorek na prochy"},"content":{"rendered":"<ul>\n<li><strong>Pojemno\u015b\u0107:<\/strong> Symboliczna ilo\u015b\u0107 proch\u00f3w<\/li>\n<li><strong>Wysoko\u015b\u0107:<\/strong> 1,9 cm<\/li>\n<li><strong>Szeroko\u015b\u0107:<\/strong> 1,2 cm<\/li>\n<li><strong>Grubo\u015b\u0107:<\/strong> 1,1 cm<\/li>\n<li><strong>Waga<\/strong>: 4,6 g<\/li>\n<li><strong>Wyko\u0144czenie:<\/strong> L\u015bni\u0105ce, z wysokim po\u0142yskiem<\/li>\n<li><strong>Mo\u017cliwo\u015b\u0107 personalizacji:<\/strong> Tak, mo\u017cliwo\u015b\u0107 grawerunku we w\u0142asnym zakresie<\/li>\n<li><strong>Akcesoria:<\/strong> Produkt nie zawiera \u0142a\u0144cuszka \u2013 mo\u017cliwo\u015b\u0107 dokupienia osobno<\/li>\n<\/ul>\n","protected":false},"excerpt":{"rendered":"<p>Bi\u017cuteria z kolekcji Atlantis Memorials jest wykonywana r\u0119cznie ze wzgl\u0119du na swoje specyficzne detale i kszta\u0142ty. Wyr\u00f3\u017cnia si\u0119 perfekcyjnym wyko\u0144czeniem, dzi\u0119ki czemu nie wida\u0107 od razu, \u017ce jest to bi\u017cuteria funeralna.<\/p>\n<p>Kszta\u0142t \u0142zy wyra\u017ca smutek po stracie, ale te\u017c oczyszczenie i mi\u0142o\u015b\u0107, kt\u00f3ra nie przemija. Cztery \u0142apy symbolizuj\u0105 codzienne spacery i wiern\u0105 obecno\u015b\u0107, jak\u0105 pies wnosi\u0142 w ka\u017cdy dzie\u0144.<\/p>\n<p>Bi\u017cuteria zosta\u0142a zaprojektowana z my\u015bl\u0105 o osobach, kt\u00f3re chc\u0105 mie\u0107 cz\u0105stk\u0119 swojego czworono\u017cnego przyjaciela. To dyskretna i pi\u0119kna forma upami\u0119tnienia czworono\u017cnego przyjaciela \u2013 zawsze blisko serca, zawsze w pami\u0119ci.<\/p>\n<p>Bi\u017cuteria wykonana jest z wysokiej jako\u015bci srebra pr\u00f3by 925, co oznacza, \u017ce zawiera co najmniej 92,5% czystego srebra, a pozosta\u0142e 7,5% to stop wzmacniaj\u0105cy.<\/p>\n","protected":false},"featured_media":1292,"template":"","meta":{"_et_pb_use_builder":"","_et_pb_old_content":"","_et_gb_content_width":""},"product_brand":[],"product_cat":[31],"product_tag":[],"class_list":{"0":"post-1891","1":"product","2":"type-product","3":"status-publish","4":"has-post-thumbnail","6":"product_cat-bizuteria-funeralna","8":"first","9":"instock","10":"shipping-taxable","11":"purchasable","12":"product-type-simple"},"yoast_head":"<!-- This site is optimized with the Yoast SEO plugin v25.8 - https:\/\/yoast.com\/wordpress\/plugins\/seo\/ -->\n<title>AP207 - Wisiorek na prochy - Animal Park<\/title>\n<meta name=\"robots\" content=\"index, follow, max-snippet:-1, max-image-preview:large, max-video-preview:-1\" \/>\n<link rel=\"canonical\" href=\"https:\/\/animalpark.pl\/produkt\/ap207\/\" \/>\n<meta property=\"og:locale\" content=\"en_US\" \/>\n<meta property=\"og:type\" content=\"article\" \/>\n<meta property=\"og:title\" content=\"AP207 - Wisiorek na prochy - Animal Park\" \/>\n<meta property=\"og:description\" content=\"Bi\u017cuteria z kolekcji Atlantis Memorials jest wykonywana r\u0119cznie ze wzgl\u0119du na swoje specyficzne detale i kszta\u0142ty. Wyr\u00f3\u017cnia si\u0119 perfekcyjnym wyko\u0144czeniem, dzi\u0119ki czemu nie wida\u0107 od razu, \u017ce jest to bi\u017cuteria funeralna.  Kszta\u0142t \u0142zy wyra\u017ca smutek po stracie, ale te\u017c oczyszczenie i mi\u0142o\u015b\u0107, kt\u00f3ra nie przemija. Cztery \u0142apy symbolizuj\u0105 codzienne spacery i wiern\u0105 obecno\u015b\u0107, jak\u0105 pies wnosi\u0142 w ka\u017cdy dzie\u0144.  Bi\u017cuteria zosta\u0142a zaprojektowana z my\u015bl\u0105 o osobach, kt\u00f3re chc\u0105 mie\u0107 cz\u0105stk\u0119 swojego czworono\u017cnego przyjaciela. To dyskretna i pi\u0119kna forma upami\u0119tnienia czworono\u017cnego przyjaciela \u2013 zawsze blisko serca, zawsze w pami\u0119ci.  Bi\u017cuteria wykonana jest z wysokiej jako\u015bci srebra pr\u00f3by 925, co oznacza, \u017ce zawiera co najmniej 92,5% czystego srebra, a pozosta\u0142e 7,5% to stop wzmacniaj\u0105cy.\" \/>\n<meta property=\"og:url\" content=\"https:\/\/animalpark.pl\/produkt\/ap207\/\" \/>\n<meta property=\"og:site_name\" content=\"Animal Park\" \/>\n<meta property=\"article:modified_time\" content=\"2025-09-17T06:44:27+00:00\" \/>\n<meta property=\"og:image\" content=\"https:\/\/animalpark.pl\/wp-content\/uploads\/2025\/05\/AP004.png\" \/>\n\t<meta property=\"og:image:width\" content=\"1080\" \/>\n\t<meta property=\"og:image:height\" content=\"1080\" \/>\n\t<meta property=\"og:image:type\" content=\"image\/png\" \/>\n<meta name=\"twitter:card\" content=\"summary_large_image\" \/>\n<meta name=\"twitter:label1\" content=\"Est. reading time\" \/>\n\t<meta name=\"twitter:data1\" content=\"1 minute\" \/>\n<script type=\"application\/ld+json\" class=\"yoast-schema-graph\">{\"@context\":\"https:\/\/schema.org\",\"@graph\":[{\"@type\":\"WebPage\",\"@id\":\"https:\/\/animalpark.pl\/produkt\/ap207\/\",\"url\":\"https:\/\/animalpark.pl\/produkt\/ap207\/\",\"name\":\"AP207 - Wisiorek na prochy - Animal Park\",\"isPartOf\":{\"@id\":\"https:\/\/animalpark.pl\/#website\"},\"primaryImageOfPage\":{\"@id\":\"https:\/\/animalpark.pl\/produkt\/ap207\/#primaryimage\"},\"image\":{\"@id\":\"https:\/\/animalpark.pl\/produkt\/ap207\/#primaryimage\"},\"thumbnailUrl\":\"https:\/\/animalpark.pl\/wp-content\/uploads\/2025\/05\/AP004.png\",\"datePublished\":\"2025-05-13T07:34:06+00:00\",\"dateModified\":\"2025-09-17T06:44:27+00:00\",\"breadcrumb\":{\"@id\":\"https:\/\/animalpark.pl\/produkt\/ap207\/#breadcrumb\"},\"inLanguage\":\"en-US\",\"potentialAction\":[{\"@type\":\"ReadAction\",\"target\":[\"https:\/\/animalpark.pl\/produkt\/ap207\/\"]}]},{\"@type\":\"ImageObject\",\"inLanguage\":\"en-US\",\"@id\":\"https:\/\/animalpark.pl\/produkt\/ap207\/#primaryimage\",\"url\":\"https:\/\/animalpark.pl\/wp-content\/uploads\/2025\/05\/AP004.png\",\"contentUrl\":\"https:\/\/animalpark.pl\/wp-content\/uploads\/2025\/05\/AP004.png\",\"width\":1080,\"height\":1080},{\"@type\":\"BreadcrumbList\",\"@id\":\"https:\/\/animalpark.pl\/produkt\/ap207\/#breadcrumb\",\"itemListElement\":[{\"@type\":\"ListItem\",\"position\":1,\"name\":\"Strona g\u0142\u00f3wna\",\"item\":\"https:\/\/animalpark.pl\/en\/\"},{\"@type\":\"ListItem\",\"position\":2,\"name\":\"Shop\",\"item\":\"https:\/\/animalpark.pl\/en\/shop\/\"},{\"@type\":\"ListItem\",\"position\":3,\"name\":\"AP207 &#8211; Wisiorek na prochy\"}]},{\"@type\":\"WebSite\",\"@id\":\"https:\/\/animalpark.pl\/#website\",\"url\":\"https:\/\/animalpark.pl\/\",\"name\":\"Animal Park\",\"description\":\"kremacja zwierz\u0105t, eutanazja psa, kota - Lublin, Warszawa, Katowice\",\"potentialAction\":[{\"@type\":\"SearchAction\",\"target\":{\"@type\":\"EntryPoint\",\"urlTemplate\":\"https:\/\/animalpark.pl\/?s={search_term_string}\"},\"query-input\":{\"@type\":\"PropertyValueSpecification\",\"valueRequired\":true,\"valueName\":\"search_term_string\"}}],\"inLanguage\":\"en-US\"}]}<\/script>\n<!-- \/ Yoast SEO plugin. -->","yoast_head_json":{"title":"AP207 - Wisiorek na prochy - Animal Park","robots":{"index":"index","follow":"follow","max-snippet":"max-snippet:-1","max-image-preview":"max-image-preview:large","max-video-preview":"max-video-preview:-1"},"canonical":"https:\/\/animalpark.pl\/produkt\/ap207\/","og_locale":"en_US","og_type":"article","og_title":"AP207 - Wisiorek na prochy - Animal Park","og_description":"Bi\u017cuteria z kolekcji Atlantis Memorials jest wykonywana r\u0119cznie ze wzgl\u0119du na swoje specyficzne detale i kszta\u0142ty. Wyr\u00f3\u017cnia si\u0119 perfekcyjnym wyko\u0144czeniem, dzi\u0119ki czemu nie wida\u0107 od razu, \u017ce jest to bi\u017cuteria funeralna.  Kszta\u0142t \u0142zy wyra\u017ca smutek po stracie, ale te\u017c oczyszczenie i mi\u0142o\u015b\u0107, kt\u00f3ra nie przemija. Cztery \u0142apy symbolizuj\u0105 codzienne spacery i wiern\u0105 obecno\u015b\u0107, jak\u0105 pies wnosi\u0142 w ka\u017cdy dzie\u0144.  Bi\u017cuteria zosta\u0142a zaprojektowana z my\u015bl\u0105 o osobach, kt\u00f3re chc\u0105 mie\u0107 cz\u0105stk\u0119 swojego czworono\u017cnego przyjaciela. To dyskretna i pi\u0119kna forma upami\u0119tnienia czworono\u017cnego przyjaciela \u2013 zawsze blisko serca, zawsze w pami\u0119ci.  Bi\u017cuteria wykonana jest z wysokiej jako\u015bci srebra pr\u00f3by 925, co oznacza, \u017ce zawiera co najmniej 92,5% czystego srebra, a pozosta\u0142e 7,5% to stop wzmacniaj\u0105cy.","og_url":"https:\/\/animalpark.pl\/produkt\/ap207\/","og_site_name":"Animal Park","article_modified_time":"2025-09-17T06:44:27+00:00","og_image":[{"width":1080,"height":1080,"url":"https:\/\/animalpark.pl\/wp-content\/uploads\/2025\/05\/AP004.png","type":"image\/png"}],"twitter_card":"summary_large_image","twitter_misc":{"Est. reading time":"1 minute"},"schema":{"@context":"https:\/\/schema.org","@graph":[{"@type":"WebPage","@id":"https:\/\/animalpark.pl\/produkt\/ap207\/","url":"https:\/\/animalpark.pl\/produkt\/ap207\/","name":"AP207 - Wisiorek na prochy - Animal Park","isPartOf":{"@id":"https:\/\/animalpark.pl\/#website"},"primaryImageOfPage":{"@id":"https:\/\/animalpark.pl\/produkt\/ap207\/#primaryimage"},"image":{"@id":"https:\/\/animalpark.pl\/produkt\/ap207\/#primaryimage"},"thumbnailUrl":"https:\/\/animalpark.pl\/wp-content\/uploads\/2025\/05\/AP004.png","datePublished":"2025-05-13T07:34:06+00:00","dateModified":"2025-09-17T06:44:27+00:00","breadcrumb":{"@id":"https:\/\/animalpark.pl\/produkt\/ap207\/#breadcrumb"},"inLanguage":"en-US","potentialAction":[{"@type":"ReadAction","target":["https:\/\/animalpark.pl\/produkt\/ap207\/"]}]},{"@type":"ImageObject","inLanguage":"en-US","@id":"https:\/\/animalpark.pl\/produkt\/ap207\/#primaryimage","url":"https:\/\/animalpark.pl\/wp-content\/uploads\/2025\/05\/AP004.png","contentUrl":"https:\/\/animalpark.pl\/wp-content\/uploads\/2025\/05\/AP004.png","width":1080,"height":1080},{"@type":"BreadcrumbList","@id":"https:\/\/animalpark.pl\/produkt\/ap207\/#breadcrumb","itemListElement":[{"@type":"ListItem","position":1,"name":"Strona g\u0142\u00f3wna","item":"https:\/\/animalpark.pl\/en\/"},{"@type":"ListItem","position":2,"name":"Shop","item":"https:\/\/animalpark.pl\/en\/shop\/"},{"@type":"ListItem","position":3,"name":"AP207 &#8211; Wisiorek na prochy"}]},{"@type":"WebSite","@id":"https:\/\/animalpark.pl\/#website","url":"https:\/\/animalpark.pl\/","name":"Animal Park","description":"kremacja zwierz\u0105t, eutanazja psa, kota - Lublin, Warszawa, Katowice","potentialAction":[{"@type":"SearchAction","target":{"@type":"EntryPoint","urlTemplate":"https:\/\/animalpark.pl\/?s={search_term_string}"},"query-input":{"@type":"PropertyValueSpecification","valueRequired":true,"valueName":"search_term_string"}}],"inLanguage":"en-US"}]}},"_links":{"self":[{"href":"https:\/\/animalpark.pl\/en\/wp-json\/wp\/v2\/product\/1891","targetHints":{"allow":["GET"]}}],"collection":[{"href":"https:\/\/animalpark.pl\/en\/wp-json\/wp\/v2\/product"}],"about":[{"href":"https:\/\/animalpark.pl\/en\/wp-json\/wp\/v2\/types\/product"}],"wp:featuredmedia":[{"embeddable":true,"href":"https:\/\/animalpark.pl\/en\/wp-json\/wp\/v2\/media\/1292"}],"wp:attachment":[{"href":"https:\/\/animalpark.pl\/en\/wp-json\/wp\/v2\/media?parent=1891"}],"wp:term":[{"taxonomy":"product_brand","embeddable":true,"href":"https:\/\/animalpark.pl\/en\/wp-json\/wp\/v2\/product_brand?post=1891"},{"taxonomy":"product_cat","embeddable":true,"href":"https:\/\/animalpark.pl\/en\/wp-json\/wp\/v2\/product_cat?post=1891"},{"taxonomy":"product_tag","embeddable":true,"href":"https:\/\/animalpark.pl\/en\/wp-json\/wp\/v2\/product_tag?post=1891"}],"curies":[{"name":"wp","href":"https:\/\/api.w.org\/{rel}","templated":true}]}}