{"id":3275,"date":"2025-04-30T07:00:40","date_gmt":"2025-04-30T07:00:40","guid":{"rendered":"https:\/\/afzet.kylos.pl\/animal25\/cremation\/the-moment-of-farewell\/"},"modified":"2025-07-07T13:14:43","modified_gmt":"2025-07-07T13:14:43","slug":"the-moment-of-farewell","status":"publish","type":"page","link":"https:\/\/animalpark.pl\/en\/cremation\/the-moment-of-farewell\/","title":{"rendered":"The Moment of Farewell"},"content":{"rendered":"<p>[et_pb_section fb_built=&#8221;1&#8243; _builder_version=&#8221;4.27.4&#8243; _module_preset=&#8221;default&#8221; global_colors_info=&#8221;{}&#8221; theme_builder_area=&#8221;post_content&#8221;][et_pb_row _builder_version=&#8221;4.27.4&#8243; _module_preset=&#8221;default&#8221; width=&#8221;100%&#8221; global_colors_info=&#8221;{}&#8221; theme_builder_area=&#8221;post_content&#8221;][et_pb_column type=&#8221;4_4&#8243; _builder_version=&#8221;4.27.4&#8243; _module_preset=&#8221;default&#8221; global_colors_info=&#8221;{}&#8221; theme_builder_area=&#8221;post_content&#8221;][et_pb_text _builder_version=&#8221;4.27.4&#8243; _module_preset=&#8221;default&#8221; text_font=&#8221;&#8211;et_global_heading_font||||||||&#8221; text_text_color=&#8221;#563d25&#8243; header_font=&#8221;&#8211;et_global_body_font||||||||&#8221; header_text_align=&#8221;center&#8221; header_text_color=&#8221;#563d25&#8243; header_2_font=&#8221;&#8211;et_global_body_font||||||||&#8221; header_2_text_align=&#8221;center&#8221; header_2_text_color=&#8221;#563d25&#8243; header_3_font=&#8221;&#8211;et_global_body_font||||||||&#8221; header_3_text_color=&#8221;#563d25&#8243; header_4_font=&#8221;&#8211;et_global_body_font||||||||&#8221; header_4_text_color=&#8221;#563d25&#8243; header_5_font=&#8221;&#8211;et_global_body_font||||||||&#8221; header_5_text_color=&#8221;#563d25&#8243; header_6_font=&#8221;&#8211;et_global_body_font||||||||&#8221; header_6_text_color=&#8221;#563d25&#8243; custom_margin=&#8221;0px||||false|false&#8221; custom_css_free_form=&#8221;\/* Dodanie margines\u00f3w i ograniczenie szeroko\u015bci tylko do tekstu *\/||.entry-content {||    margin: 0 auto;||    max-width: 900px; \/* Ustaw odpowiedni\u0105 szeroko\u015b\u0107 *\/||    padding: 0 15px; \/* Dodaj marginesy wewn\u0119trzne *\/||}||||\/* Kolor linii poziomych tabeli *\/||#tablepress-1 td, #tablepress-1 th, ||#tablepress-3 td, #tablepress-3 th {||    border: 1px solid #CEAB86 !important;||}||||\/* Usuwanie pionowych linii *\/||#tablepress-1 td, #tablepress-1 th,||#tablepress-3 td, #tablepress-3 th {||    border-left: none !important;||    border-right: none !important;||}||||\/* Usuwanie linii wewn\u0119trznych *\/||#tablepress-1 td, #tablepress-1 th,||#tablepress-3 td, #tablepress-3 th {||    border-bottom: none !important;||}||||\/* Dodanie dolnej linii tylko do ostatnich kom\u00f3rek *\/||#tablepress-1 tr:last-child td, #tablepress-3 tr:last-child td {||    border-bottom: 1px solid #CEAB86 !important;||}||||\/* Co druga kom\u00f3rka w wierszu ma ciemniejsze t\u0142o *\/||#tablepress-3 tr:nth-child(even) td {||    background-color: #F9F9F9;||}||||\/* Po najechaniu na ca\u0142\u0105 lini\u0119 tabeli *\/||#tablepress-3 tr:hover {||    background-color: #F3F3F3;||}||||||&#8221; global_colors_info=&#8221;{}&#8221; theme_builder_area=&#8221;post_content&#8221;]<\/p>\n<div class=\"entry-meta entry-meta-top\">\n<p>The bond we share with our pets makes their passing incredibly difficult. Especially when medicine no longer helps, and we are faced with the painful decision to end their suffering. In such moments, we often turn to a veterinarian who has cared for our pet throughout its life \u2014 someone we trust. It is the veterinarian who can guide you through this difficult decision with empathy and professionalism.   <\/p>\n<\/div>\n<p>[\/et_pb_text][\/et_pb_column][\/et_pb_row][\/et_pb_section]<\/p>\n","protected":false},"excerpt":{"rendered":"<p>The bond we share with our pets makes their passing incredibly difficult. Especially when medicine no longer helps, and we are faced with the painful decision to end their suffering. In such moments, we often turn to a veterinarian who has cared for our pet throughout its life \u2014 someone we trust. It is the [&hellip;]<\/p>\n","protected":false},"author":2,"featured_media":0,"parent":3241,"menu_order":0,"comment_status":"closed","ping_status":"closed","template":"","meta":{"_et_pb_use_builder":"on","_et_pb_old_content":"","_et_gb_content_width":"","footnotes":""},"class_list":["post-3275","page","type-page","status-publish","hentry"],"yoast_head":"<!-- This site is optimized with the Yoast SEO plugin v25.8 - https:\/\/yoast.com\/wordpress\/plugins\/seo\/ -->\n<title>The Moment of Farewell - Animal Park<\/title>\n<meta name=\"robots\" content=\"index, follow, max-snippet:-1, max-image-preview:large, max-video-preview:-1\" \/>\n<link rel=\"canonical\" href=\"https:\/\/animalpark.pl\/kremacja\/czas-pozegnania\/\" \/>\n<meta property=\"og:locale\" content=\"en_US\" \/>\n<meta property=\"og:type\" content=\"article\" \/>\n<meta property=\"og:title\" content=\"The Moment of Farewell - Animal Park\" \/>\n<meta property=\"og:description\" content=\"The bond we share with our pets makes their passing incredibly difficult. Especially when medicine no longer helps, and we are faced with the painful decision to end their suffering. In such moments, we often turn to a veterinarian who has cared for our pet throughout its life \u2014 someone we trust. It is the [&hellip;]\" \/>\n<meta property=\"og:url\" content=\"https:\/\/animalpark.pl\/kremacja\/czas-pozegnania\/\" \/>\n<meta property=\"og:site_name\" content=\"Animal Park\" \/>\n<meta property=\"article:modified_time\" content=\"2025-07-07T13:14:43+00:00\" \/>\n<meta name=\"twitter:card\" content=\"summary_large_image\" \/>\n<meta name=\"twitter:label1\" content=\"Est. reading time\" \/>\n\t<meta name=\"twitter:data1\" content=\"2 minutes\" \/>\n<script type=\"application\/ld+json\" class=\"yoast-schema-graph\">{\"@context\":\"https:\/\/schema.org\",\"@graph\":[{\"@type\":\"WebPage\",\"@id\":\"https:\/\/animalpark.pl\/kremacja\/czas-pozegnania\/\",\"url\":\"https:\/\/animalpark.pl\/kremacja\/czas-pozegnania\/\",\"name\":\"The Moment of Farewell - Animal Park\",\"isPartOf\":{\"@id\":\"https:\/\/animalpark.pl\/#website\"},\"datePublished\":\"2025-04-30T07:00:40+00:00\",\"dateModified\":\"2025-07-07T13:14:43+00:00\",\"breadcrumb\":{\"@id\":\"https:\/\/animalpark.pl\/kremacja\/czas-pozegnania\/#breadcrumb\"},\"inLanguage\":\"en-US\",\"potentialAction\":[{\"@type\":\"ReadAction\",\"target\":[\"https:\/\/animalpark.pl\/kremacja\/czas-pozegnania\/\"]}]},{\"@type\":\"BreadcrumbList\",\"@id\":\"https:\/\/animalpark.pl\/kremacja\/czas-pozegnania\/#breadcrumb\",\"itemListElement\":[{\"@type\":\"ListItem\",\"position\":1,\"name\":\"Strona g\u0142\u00f3wna\",\"item\":\"https:\/\/animalpark.pl\/en\/\"},{\"@type\":\"ListItem\",\"position\":2,\"name\":\"Cremation\",\"item\":\"https:\/\/animalpark.pl\/en\/cremation\/\"},{\"@type\":\"ListItem\",\"position\":3,\"name\":\"The Moment of Farewell\"}]},{\"@type\":\"WebSite\",\"@id\":\"https:\/\/animalpark.pl\/#website\",\"url\":\"https:\/\/animalpark.pl\/\",\"name\":\"Animal Park\",\"description\":\"kremacja zwierz\u0105t, eutanazja psa, kota - Lublin, Warszawa, Katowice\",\"potentialAction\":[{\"@type\":\"SearchAction\",\"target\":{\"@type\":\"EntryPoint\",\"urlTemplate\":\"https:\/\/animalpark.pl\/?s={search_term_string}\"},\"query-input\":{\"@type\":\"PropertyValueSpecification\",\"valueRequired\":true,\"valueName\":\"search_term_string\"}}],\"inLanguage\":\"en-US\"}]}<\/script>\n<!-- \/ Yoast SEO plugin. -->","yoast_head_json":{"title":"The Moment of Farewell - Animal Park","robots":{"index":"index","follow":"follow","max-snippet":"max-snippet:-1","max-image-preview":"max-image-preview:large","max-video-preview":"max-video-preview:-1"},"canonical":"https:\/\/animalpark.pl\/kremacja\/czas-pozegnania\/","og_locale":"en_US","og_type":"article","og_title":"The Moment of Farewell - Animal Park","og_description":"The bond we share with our pets makes their passing incredibly difficult. Especially when medicine no longer helps, and we are faced with the painful decision to end their suffering. In such moments, we often turn to a veterinarian who has cared for our pet throughout its life \u2014 someone we trust. It is the [&hellip;]","og_url":"https:\/\/animalpark.pl\/kremacja\/czas-pozegnania\/","og_site_name":"Animal Park","article_modified_time":"2025-07-07T13:14:43+00:00","twitter_card":"summary_large_image","twitter_misc":{"Est. reading time":"2 minutes"},"schema":{"@context":"https:\/\/schema.org","@graph":[{"@type":"WebPage","@id":"https:\/\/animalpark.pl\/kremacja\/czas-pozegnania\/","url":"https:\/\/animalpark.pl\/kremacja\/czas-pozegnania\/","name":"The Moment of Farewell - Animal Park","isPartOf":{"@id":"https:\/\/animalpark.pl\/#website"},"datePublished":"2025-04-30T07:00:40+00:00","dateModified":"2025-07-07T13:14:43+00:00","breadcrumb":{"@id":"https:\/\/animalpark.pl\/kremacja\/czas-pozegnania\/#breadcrumb"},"inLanguage":"en-US","potentialAction":[{"@type":"ReadAction","target":["https:\/\/animalpark.pl\/kremacja\/czas-pozegnania\/"]}]},{"@type":"BreadcrumbList","@id":"https:\/\/animalpark.pl\/kremacja\/czas-pozegnania\/#breadcrumb","itemListElement":[{"@type":"ListItem","position":1,"name":"Strona g\u0142\u00f3wna","item":"https:\/\/animalpark.pl\/en\/"},{"@type":"ListItem","position":2,"name":"Cremation","item":"https:\/\/animalpark.pl\/en\/cremation\/"},{"@type":"ListItem","position":3,"name":"The Moment of Farewell"}]},{"@type":"WebSite","@id":"https:\/\/animalpark.pl\/#website","url":"https:\/\/animalpark.pl\/","name":"Animal Park","description":"kremacja zwierz\u0105t, eutanazja psa, kota - Lublin, Warszawa, Katowice","potentialAction":[{"@type":"SearchAction","target":{"@type":"EntryPoint","urlTemplate":"https:\/\/animalpark.pl\/?s={search_term_string}"},"query-input":{"@type":"PropertyValueSpecification","valueRequired":true,"valueName":"search_term_string"}}],"inLanguage":"en-US"}]}},"_links":{"self":[{"href":"https:\/\/animalpark.pl\/en\/wp-json\/wp\/v2\/pages\/3275","targetHints":{"allow":["GET"]}}],"collection":[{"href":"https:\/\/animalpark.pl\/en\/wp-json\/wp\/v2\/pages"}],"about":[{"href":"https:\/\/animalpark.pl\/en\/wp-json\/wp\/v2\/types\/page"}],"author":[{"embeddable":true,"href":"https:\/\/animalpark.pl\/en\/wp-json\/wp\/v2\/users\/2"}],"replies":[{"embeddable":true,"href":"https:\/\/animalpark.pl\/en\/wp-json\/wp\/v2\/comments?post=3275"}],"version-history":[{"count":5,"href":"https:\/\/animalpark.pl\/en\/wp-json\/wp\/v2\/pages\/3275\/revisions"}],"predecessor-version":[{"id":3300,"href":"https:\/\/animalpark.pl\/en\/wp-json\/wp\/v2\/pages\/3275\/revisions\/3300"}],"up":[{"embeddable":true,"href":"https:\/\/animalpark.pl\/en\/wp-json\/wp\/v2\/pages\/3241"}],"wp:attachment":[{"href":"https:\/\/animalpark.pl\/en\/wp-json\/wp\/v2\/media?parent=3275"}],"curies":[{"name":"wp","href":"https:\/\/api.w.org\/{rel}","templated":true}]}}