{"id":3272,"date":"2025-04-30T07:01:29","date_gmt":"2025-04-30T07:01:29","guid":{"rendered":"https:\/\/afzet.kylos.pl\/animal25\/cremation\/pricing-individual-cremation\/"},"modified":"2025-07-01T09:05:06","modified_gmt":"2025-07-01T09:05:06","slug":"pricing-individual-cremation","status":"publish","type":"page","link":"https:\/\/animalpark.pl\/en\/cremation\/pricing-individual-cremation\/","title":{"rendered":"Pricing \u2013 Individual Cremation"},"content":{"rendered":"<p>[et_pb_section fb_built=&#8221;1&#8243; _builder_version=&#8221;4.27.4&#8243; _module_preset=&#8221;default&#8221; global_colors_info=&#8221;{}&#8221; theme_builder_area=&#8221;post_content&#8221;][et_pb_row _builder_version=&#8221;4.27.4&#8243; _module_preset=&#8221;default&#8221; width=&#8221;100%&#8221; global_colors_info=&#8221;{}&#8221; theme_builder_area=&#8221;post_content&#8221;][et_pb_column type=&#8221;4_4&#8243; _builder_version=&#8221;4.27.4&#8243; _module_preset=&#8221;default&#8221; global_colors_info=&#8221;{}&#8221; theme_builder_area=&#8221;post_content&#8221;][et_pb_text _builder_version=&#8221;4.27.4&#8243; _module_preset=&#8221;default&#8221; text_font=&#8221;&#8211;et_global_heading_font||||||||&#8221; text_text_color=&#8221;#563d25&#8243; header_font=&#8221;&#8211;et_global_body_font||||||||&#8221; header_text_align=&#8221;center&#8221; header_text_color=&#8221;#563d25&#8243; header_2_font=&#8221;&#8211;et_global_body_font||||||||&#8221; header_2_text_align=&#8221;center&#8221; header_2_text_color=&#8221;#563d25&#8243; header_3_font=&#8221;&#8211;et_global_body_font||||||||&#8221; header_3_text_color=&#8221;#563d25&#8243; header_4_font=&#8221;&#8211;et_global_body_font||||||||&#8221; header_4_text_color=&#8221;#563d25&#8243; header_5_font=&#8221;&#8211;et_global_body_font||||||||&#8221; header_5_text_color=&#8221;#563d25&#8243; header_6_font=&#8221;&#8211;et_global_body_font||||||||&#8221; header_6_text_color=&#8221;#563d25&#8243; custom_margin=&#8221;0px||||false|false&#8221; hover_enabled=&#8221;0&#8243; custom_css_free_form=&#8221;\/* Dodanie margines\u00f3w i ograniczenie szeroko\u015bci tylko do tekstu *\/||.entry-content {||    margin: 0 auto;||    max-width: 900px; \/* Ustaw odpowiedni\u0105 szeroko\u015b\u0107 *\/||    padding: 0 15px; \/* Dodaj marginesy wewn\u0119trzne *\/||}||||\/* Kolor linii poziomych tabeli *\/||#tablepress-1 td, #tablepress-1 th, ||#tablepress-3 td, #tablepress-3 th {||    border: 1px solid #CEAB86 !important;||}||||\/* Usuwanie pionowych linii *\/||#tablepress-1 td, #tablepress-1 th,||#tablepress-3 td, #tablepress-3 th {||    border-left: none !important;||    border-right: none !important;||}||||\/* Usuwanie linii wewn\u0119trznych *\/||#tablepress-1 td, #tablepress-1 th,||#tablepress-3 td, #tablepress-3 th {||    border-bottom: none !important;||}||||\/* Dodanie dolnej linii tylko do ostatnich kom\u00f3rek *\/||#tablepress-1 tr:last-child td, #tablepress-3 tr:last-child td {||    border-bottom: 1px solid #CEAB86 !important;||}||||\/* Co druga kom\u00f3rka w wierszu ma ciemniejsze t\u0142o *\/||#tablepress-3 tr:nth-child(even) td {||    background-color: #F9F9F9;||}||||\/* Po najechaniu na ca\u0142\u0105 lini\u0119 tabeli *\/||#tablepress-3 tr:hover {||    background-color: #F3F3F3;||}||||||&#8221; global_colors_info=&#8221;{}&#8221; theme_builder_area=&#8221;post_content&#8221; sticky_enabled=&#8221;0&#8243;]<\/p>\n<p>Cena kremacji indywidualnej jest zr\u00f3\u017cnicowana i zale\u017cy od wielko\u015bci zwierz\u0119cia:<\/p>\n<table id=\"tablepress-1\" class=\"tablepress tablepress-id-1\">\n<tbody>\n<tr class=\"row-1\">\n<td class=\"column-1\">Animal Size<\/td>\n<td class=\"column-2\" style=\"text-align: right;\">Weight<\/td>\n<td class=\"column-3\" style=\"text-align: center;\">Price<\/td>\n<\/tr>\n<tr class=\"row-2\">\n<td class=\"column-1\">Small<\/td>\n<td class=\"column-2\" style=\"text-align: right;\">&lt;10 kg<\/td>\n<td class=\"column-3\" style=\"text-align: center;\">850 z\u0142<\/td>\n<\/tr>\n<tr class=\"row-3\">\n<td class=\"column-1\">Medium<\/td>\n<td class=\"column-2\" style=\"text-align: right;\">10 kg- 25 kg<\/td>\n<td class=\"column-3\" style=\"text-align: center;\">950 z\u0142<\/td>\n<\/tr>\n<tr class=\"row-4\">\n<td class=\"column-1\">Large<\/td>\n<td class=\"column-2\" style=\"text-align: right;\">25 kg &#8211; 40 kg<\/td>\n<td class=\"column-3\" style=\"text-align: center;\">1050 z\u0142<\/td>\n<\/tr>\n<tr class=\"row-5\">\n<td class=\"column-1\">Very Large<\/td>\n<td class=\"column-2\" style=\"text-align: right;\">40 kg &#8211; 60 kg<\/td>\n<td class=\"column-3\" style=\"text-align: center;\">1150 z\u0142<\/td>\n<\/tr>\n<tr class=\"row-6\">\n<td class=\"column-1\">Giant<\/td>\n<td class=\"column-2\" style=\"text-align: right;\">60 kg &gt;<\/td>\n<td class=\"column-3\" style=\"text-align: center;\">1250 z\u0142<\/td>\n<\/tr>\n<tr class=\"row-7\">\n<td colspan=\"3\" class=\"column-1\">Please note: Cremation outside standard working hours or on public holidays carries an additional fee of 250 PLN.<\/td>\n<\/tr>\n<\/tbody>\n<\/table>\n<p><strong><\/strong><\/p>\n<p><strong>We offer a 30% discount on cremation for:<\/strong><\/p>\n<ul style=\"list-style: none; padding-left: 0; margin-top: 12px;\">\n<li style=\"position: relative; padding-left: 28px; line-height: 1.6;\"><span style=\"color: #ceab86; position: absolute; left: 0; font-size: 24px; line-height: 1;\">\u2022<\/span> lekarzy weterynarii, technik\u00f3w oraz os\u00f3b z personelu pracuj\u0105cego w praktyce weterynaryjnej,<\/li>\n<li style=\"position: relative; padding-left: 28px; line-height: 1.6;\"><span style=\"color: #ceab86; position: absolute; left: 0; font-size: 24px; line-height: 1;\">\u2022<\/span> Owners of dogs that served in the police, military, border guard, or other public service units, upon presentation of appropriate documentation<\/li>\n<\/ul>\n<p>[\/et_pb_text][\/et_pb_column][\/et_pb_row][\/et_pb_section]<\/p>\n","protected":false},"excerpt":{"rendered":"<p>Cena kremacji indywidualnej jest zr\u00f3\u017cnicowana i zale\u017cy od wielko\u015bci zwierz\u0119cia: Animal Size Weight Price Small &lt;10 kg 850 z\u0142 Medium 10 kg- 25 kg 950 z\u0142 Large 25 kg &#8211; 40 kg 1050 z\u0142 Very Large 40 kg &#8211; 60 kg 1150 z\u0142 Giant 60 kg &gt; 1250 z\u0142 Please note: Cremation outside standard working [&hellip;]<\/p>\n","protected":false},"author":2,"featured_media":0,"parent":3241,"menu_order":0,"comment_status":"closed","ping_status":"closed","template":"","meta":{"_et_pb_use_builder":"on","_et_pb_old_content":"","_et_gb_content_width":"","footnotes":""},"class_list":["post-3272","page","type-page","status-publish","hentry"],"yoast_head":"<!-- This site is optimized with the Yoast SEO plugin v25.8 - https:\/\/yoast.com\/wordpress\/plugins\/seo\/ -->\n<title>Pricing \u2013 Individual Cremation - Animal Park<\/title>\n<meta name=\"robots\" content=\"index, follow, max-snippet:-1, max-image-preview:large, max-video-preview:-1\" \/>\n<link rel=\"canonical\" href=\"https:\/\/animalpark.pl\/kremacja\/cennik\/\" \/>\n<meta property=\"og:locale\" content=\"en_US\" \/>\n<meta property=\"og:type\" content=\"article\" \/>\n<meta property=\"og:title\" content=\"Pricing \u2013 Individual Cremation - Animal Park\" \/>\n<meta property=\"og:description\" content=\"Cena kremacji indywidualnej jest zr\u00f3\u017cnicowana i zale\u017cy od wielko\u015bci zwierz\u0119cia: Animal Size Weight Price Small &lt;10 kg 850 z\u0142 Medium 10 kg- 25 kg 950 z\u0142 Large 25 kg - 40 kg 1050 z\u0142 Very Large 40 kg - 60 kg 1150 z\u0142 Giant 60 kg &gt; 1250 z\u0142 Please note: Cremation outside standard working [&hellip;]\" \/>\n<meta property=\"og:url\" content=\"https:\/\/animalpark.pl\/kremacja\/cennik\/\" \/>\n<meta property=\"og:site_name\" content=\"Animal Park\" \/>\n<meta property=\"article:modified_time\" content=\"2025-07-01T09:05:06+00:00\" \/>\n<meta name=\"twitter:card\" content=\"summary_large_image\" \/>\n<meta name=\"twitter:label1\" content=\"Est. reading time\" \/>\n\t<meta name=\"twitter:data1\" content=\"2 minutes\" \/>\n<script type=\"application\/ld+json\" class=\"yoast-schema-graph\">{\"@context\":\"https:\/\/schema.org\",\"@graph\":[{\"@type\":\"WebPage\",\"@id\":\"https:\/\/animalpark.pl\/kremacja\/cennik\/\",\"url\":\"https:\/\/animalpark.pl\/kremacja\/cennik\/\",\"name\":\"Pricing \u2013 Individual Cremation - Animal Park\",\"isPartOf\":{\"@id\":\"https:\/\/animalpark.pl\/#website\"},\"datePublished\":\"2025-04-30T07:01:29+00:00\",\"dateModified\":\"2025-07-01T09:05:06+00:00\",\"breadcrumb\":{\"@id\":\"https:\/\/animalpark.pl\/kremacja\/cennik\/#breadcrumb\"},\"inLanguage\":\"en-US\",\"potentialAction\":[{\"@type\":\"ReadAction\",\"target\":[\"https:\/\/animalpark.pl\/kremacja\/cennik\/\"]}]},{\"@type\":\"BreadcrumbList\",\"@id\":\"https:\/\/animalpark.pl\/kremacja\/cennik\/#breadcrumb\",\"itemListElement\":[{\"@type\":\"ListItem\",\"position\":1,\"name\":\"Strona g\u0142\u00f3wna\",\"item\":\"https:\/\/animalpark.pl\/en\/\"},{\"@type\":\"ListItem\",\"position\":2,\"name\":\"Cremation\",\"item\":\"https:\/\/animalpark.pl\/en\/cremation\/\"},{\"@type\":\"ListItem\",\"position\":3,\"name\":\"Pricing \u2013 Individual Cremation\"}]},{\"@type\":\"WebSite\",\"@id\":\"https:\/\/animalpark.pl\/#website\",\"url\":\"https:\/\/animalpark.pl\/\",\"name\":\"Animal Park\",\"description\":\"kremacja zwierz\u0105t, eutanazja psa, kota - Lublin, Warszawa, Katowice\",\"potentialAction\":[{\"@type\":\"SearchAction\",\"target\":{\"@type\":\"EntryPoint\",\"urlTemplate\":\"https:\/\/animalpark.pl\/?s={search_term_string}\"},\"query-input\":{\"@type\":\"PropertyValueSpecification\",\"valueRequired\":true,\"valueName\":\"search_term_string\"}}],\"inLanguage\":\"en-US\"}]}<\/script>\n<!-- \/ Yoast SEO plugin. -->","yoast_head_json":{"title":"Pricing \u2013 Individual Cremation - Animal Park","robots":{"index":"index","follow":"follow","max-snippet":"max-snippet:-1","max-image-preview":"max-image-preview:large","max-video-preview":"max-video-preview:-1"},"canonical":"https:\/\/animalpark.pl\/kremacja\/cennik\/","og_locale":"en_US","og_type":"article","og_title":"Pricing \u2013 Individual Cremation - Animal Park","og_description":"Cena kremacji indywidualnej jest zr\u00f3\u017cnicowana i zale\u017cy od wielko\u015bci zwierz\u0119cia: Animal Size Weight Price Small &lt;10 kg 850 z\u0142 Medium 10 kg- 25 kg 950 z\u0142 Large 25 kg - 40 kg 1050 z\u0142 Very Large 40 kg - 60 kg 1150 z\u0142 Giant 60 kg &gt; 1250 z\u0142 Please note: Cremation outside standard working [&hellip;]","og_url":"https:\/\/animalpark.pl\/kremacja\/cennik\/","og_site_name":"Animal Park","article_modified_time":"2025-07-01T09:05:06+00:00","twitter_card":"summary_large_image","twitter_misc":{"Est. reading time":"2 minutes"},"schema":{"@context":"https:\/\/schema.org","@graph":[{"@type":"WebPage","@id":"https:\/\/animalpark.pl\/kremacja\/cennik\/","url":"https:\/\/animalpark.pl\/kremacja\/cennik\/","name":"Pricing \u2013 Individual Cremation - Animal Park","isPartOf":{"@id":"https:\/\/animalpark.pl\/#website"},"datePublished":"2025-04-30T07:01:29+00:00","dateModified":"2025-07-01T09:05:06+00:00","breadcrumb":{"@id":"https:\/\/animalpark.pl\/kremacja\/cennik\/#breadcrumb"},"inLanguage":"en-US","potentialAction":[{"@type":"ReadAction","target":["https:\/\/animalpark.pl\/kremacja\/cennik\/"]}]},{"@type":"BreadcrumbList","@id":"https:\/\/animalpark.pl\/kremacja\/cennik\/#breadcrumb","itemListElement":[{"@type":"ListItem","position":1,"name":"Strona g\u0142\u00f3wna","item":"https:\/\/animalpark.pl\/en\/"},{"@type":"ListItem","position":2,"name":"Cremation","item":"https:\/\/animalpark.pl\/en\/cremation\/"},{"@type":"ListItem","position":3,"name":"Pricing \u2013 Individual Cremation"}]},{"@type":"WebSite","@id":"https:\/\/animalpark.pl\/#website","url":"https:\/\/animalpark.pl\/","name":"Animal Park","description":"kremacja zwierz\u0105t, eutanazja psa, kota - Lublin, Warszawa, Katowice","potentialAction":[{"@type":"SearchAction","target":{"@type":"EntryPoint","urlTemplate":"https:\/\/animalpark.pl\/?s={search_term_string}"},"query-input":{"@type":"PropertyValueSpecification","valueRequired":true,"valueName":"search_term_string"}}],"inLanguage":"en-US"}]}},"_links":{"self":[{"href":"https:\/\/animalpark.pl\/en\/wp-json\/wp\/v2\/pages\/3272","targetHints":{"allow":["GET"]}}],"collection":[{"href":"https:\/\/animalpark.pl\/en\/wp-json\/wp\/v2\/pages"}],"about":[{"href":"https:\/\/animalpark.pl\/en\/wp-json\/wp\/v2\/types\/page"}],"author":[{"embeddable":true,"href":"https:\/\/animalpark.pl\/en\/wp-json\/wp\/v2\/users\/2"}],"replies":[{"embeddable":true,"href":"https:\/\/animalpark.pl\/en\/wp-json\/wp\/v2\/comments?post=3272"}],"version-history":[{"count":2,"href":"https:\/\/animalpark.pl\/en\/wp-json\/wp\/v2\/pages\/3272\/revisions"}],"predecessor-version":[{"id":3274,"href":"https:\/\/animalpark.pl\/en\/wp-json\/wp\/v2\/pages\/3272\/revisions\/3274"}],"up":[{"embeddable":true,"href":"https:\/\/animalpark.pl\/en\/wp-json\/wp\/v2\/pages\/3241"}],"wp:attachment":[{"href":"https:\/\/animalpark.pl\/en\/wp-json\/wp\/v2\/media?parent=3272"}],"curies":[{"name":"wp","href":"https:\/\/api.w.org\/{rel}","templated":true}]}}