{"id":3256,"date":"2025-04-30T07:06:00","date_gmt":"2025-04-30T07:06:00","guid":{"rendered":"https:\/\/afzet.kylos.pl\/animal25\/contact\/customer-service-point-mazowieckie-region\/"},"modified":"2025-07-01T08:16:55","modified_gmt":"2025-07-01T08:16:55","slug":"customer-service-point-mazowieckie-region","status":"publish","type":"page","link":"https:\/\/animalpark.pl\/en\/contact\/customer-service-point-mazowieckie-region\/","title":{"rendered":"Customer Service Point \u2013 Mazowieckie Region"},"content":{"rendered":"<p>[et_pb_section fb_built=&#8221;1&#8243; _builder_version=&#8221;4.27.4&#8243; _module_preset=&#8221;default&#8221; global_colors_info=&#8221;{}&#8221; theme_builder_area=&#8221;et_body_layout&#8221;][et_pb_row _builder_version=&#8221;4.27.4&#8243; _module_preset=&#8221;default&#8221; width=&#8221;100%&#8221; global_colors_info=&#8221;{}&#8221; theme_builder_area=&#8221;et_body_layout&#8221;][et_pb_column type=&#8221;4_4&#8243; _builder_version=&#8221;4.27.4&#8243; _module_preset=&#8221;default&#8221; global_colors_info=&#8221;{}&#8221; theme_builder_area=&#8221;et_body_layout&#8221;][et_pb_text _builder_version=&#8221;4.27.4&#8243; _module_preset=&#8221;default&#8221; text_font=&#8221;&#8211;et_global_heading_font||||||||&#8221; text_text_color=&#8221;#563d25&#8243; header_font=&#8221;&#8211;et_global_body_font||||||||&#8221; header_text_align=&#8221;center&#8221; header_text_color=&#8221;#563d25&#8243; header_2_font=&#8221;&#8211;et_global_body_font||||||||&#8221; header_2_text_align=&#8221;center&#8221; header_2_text_color=&#8221;#563d25&#8243; header_3_font=&#8221;&#8211;et_global_body_font||||||||&#8221; header_3_text_color=&#8221;#563d25&#8243; header_4_font=&#8221;&#8211;et_global_body_font||||||||&#8221; header_4_text_color=&#8221;#563d25&#8243; header_5_font=&#8221;&#8211;et_global_body_font||||||||&#8221; header_5_text_color=&#8221;#563d25&#8243; header_6_font=&#8221;&#8211;et_global_body_font||||||||&#8221; header_6_text_color=&#8221;#563d25&#8243; custom_margin=&#8221;0px||||false|false&#8221; hover_enabled=&#8221;0&#8243; custom_css_free_form=&#8221;\/* Dodanie margines\u00f3w i ograniczenie szeroko\u015bci tylko do tekstu *\/||.entry-content {||    margin: 0 auto;||    max-width: 900px; \/* Ustaw odpowiedni\u0105 szeroko\u015b\u0107 *\/||    padding: 0 15px; \/* Dodaj marginesy wewn\u0119trzne *\/||}||||\/* Kolor linii poziomych tabeli *\/||#tablepress-1 td, #tablepress-1 th, ||#tablepress-3 td, #tablepress-3 th {||    border: 1px solid #CEAB86 !important;||}||||\/* Usuwanie pionowych linii *\/||#tablepress-1 td, #tablepress-1 th,||#tablepress-3 td, #tablepress-3 th {||    border-left: none !important;||    border-right: none !important;||}||||\/* Usuwanie linii wewn\u0119trznych *\/||#tablepress-1 td, #tablepress-1 th,||#tablepress-3 td, #tablepress-3 th {||    border-bottom: none !important;||}||||\/* Dodanie dolnej linii tylko do ostatnich kom\u00f3rek *\/||#tablepress-1 tr:last-child td, #tablepress-3 tr:last-child td {||    border-bottom: 1px solid #CEAB86 !important;||}||||\/* Co druga kom\u00f3rka w wierszu ma ciemniejsze t\u0142o *\/||#tablepress-3 tr:nth-child(even) td {||    background-color: #F9F9F9;||}||||\/* Po najechaniu na ca\u0142\u0105 lini\u0119 tabeli *\/||#tablepress-3 tr:hover {||    background-color: #F3F3F3;||}||||||&#8221; global_colors_info=&#8221;{}&#8221; theme_builder_area=&#8221;et_body_layout&#8221; sticky_enabled=&#8221;0&#8243;]<\/p>\n<div class=\"entry-content\">\n<div id=\"pl-15\" class=\"panel-layout\">\n<div id=\"pg-15-0\" class=\"panel-grid panel-no-style\">\n<div id=\"pgc-15-0-0\" class=\"panel-grid-cell\">\n<div id=\"panel-15-0-0-0\" class=\"so-panel widget widget_siteorigin-panels-builder panel-first-child panel-last-child widgetopts-SO\" data-index=\"0\">\n<div id=\"pl-w678e5bdeccfad\" class=\"panel-layout\">\n<div id=\"pg-w678e5bdeccfad-1\" class=\"panel-grid panel-no-style\">\n<div id=\"pgc-w678e5bdeccfad-1-0\" class=\"panel-grid-cell\">\n<div id=\"panel-w678e5bdeccfad-1-0-0\" class=\"so-panel widget widget_sow-editor panel-first-child panel-last-child widgetopts-SO\" data-index=\"0\">\n<div class=\"so-widget-sow-editor so-widget-sow-editor-base\">\n<div class=\"siteorigin-widget-tinymce textwidget\">\n<p style=\"text-align: center;\">We\u2019re pleased to announce the opening of our stationary Customer Service Point in the Mazowieckie Voivodeship,<\/p>\n<p style=\"text-align: center;\">in cooperation with OIOMVET 24-Hour Veterinary Clinic. At the clinic, you can:<br \/>Arrange all formalities related to your pet\u2019s cremation Discuss details with medical staff, access euthanasia services (performed by licensed veterinarians)<br \/>, complete all necessary documentation, tag your pet\u2019s body with an individual identification band<\/p>\n<p style=\"text-align: center;\">The location also includes a refrigerated unit for safe storage before transport to the crematorium.<\/p>\n<p style=\"text-align: center;\"><span>Punkt Obs\u0142ugi Klienta \u2013 woj. mazowieckie <\/span><\/p>\n<p style=\"text-align: center;\"><span>Al. Kalin 55\/5, 05-500 Piaseczno<\/span><\/p>\n<p style=\"text-align: center;\">tel: 692 910 910<br \/>e-mail:<span> <\/span><a href=\"https:\/\/web.archive.org\/web\/20250331100210\/mailto:biuro@animalpark.pl\">biuro@animalpark.pl<\/a><\/p>\n<\/div>\n<\/div>\n<\/div>\n<\/div>\n<\/div>\n<\/div>\n<\/div>\n<\/div>\n<\/div>\n<\/div>\n<\/div>\n<p>[\/et_pb_text][\/et_pb_column][\/et_pb_row][\/et_pb_section]<\/p>\n","protected":false},"excerpt":{"rendered":"<p>We\u2019re pleased to announce the opening of our stationary Customer Service Point in the Mazowieckie Voivodeship, in cooperation with OIOMVET 24-Hour Veterinary Clinic. At the clinic, you can:Arrange all formalities related to your pet\u2019s cremation Discuss details with medical staff, access euthanasia services (performed by licensed veterinarians), complete all necessary documentation, tag your pet\u2019s body [&hellip;]<\/p>\n","protected":false},"author":2,"featured_media":0,"parent":3244,"menu_order":0,"comment_status":"closed","ping_status":"closed","template":"","meta":{"_et_pb_use_builder":"on","_et_pb_old_content":"","_et_gb_content_width":"","footnotes":""},"class_list":["post-3256","page","type-page","status-publish","hentry"],"yoast_head":"<!-- This site is optimized with the Yoast SEO plugin v25.8 - https:\/\/yoast.com\/wordpress\/plugins\/seo\/ -->\n<title>Customer Service Point \u2013 Mazowieckie Region - Animal Park<\/title>\n<meta name=\"robots\" content=\"index, follow, max-snippet:-1, max-image-preview:large, max-video-preview:-1\" \/>\n<link rel=\"canonical\" href=\"https:\/\/animalpark.pl\/en\/contact\/customer-service-point-mazowieckie-region\/\" \/>\n<meta property=\"og:locale\" content=\"en_US\" \/>\n<meta property=\"og:type\" content=\"article\" \/>\n<meta property=\"og:title\" content=\"Customer Service Point \u2013 Mazowieckie Region - Animal Park\" \/>\n<meta property=\"og:description\" content=\"We\u2019re pleased to announce the opening of our stationary Customer Service Point in the Mazowieckie Voivodeship, in cooperation with OIOMVET 24-Hour Veterinary Clinic. At the clinic, you can:Arrange all formalities related to your pet\u2019s cremation Discuss details with medical staff, access euthanasia services (performed by licensed veterinarians), complete all necessary documentation, tag your pet\u2019s body [&hellip;]\" \/>\n<meta property=\"og:url\" content=\"https:\/\/animalpark.pl\/en\/contact\/customer-service-point-mazowieckie-region\/\" \/>\n<meta property=\"og:site_name\" content=\"Animal Park\" \/>\n<meta property=\"article:modified_time\" content=\"2025-07-01T08:16:55+00:00\" \/>\n<meta name=\"twitter:card\" content=\"summary_large_image\" \/>\n<meta name=\"twitter:label1\" content=\"Est. reading time\" \/>\n\t<meta name=\"twitter:data1\" content=\"2 minutes\" \/>\n<script type=\"application\/ld+json\" class=\"yoast-schema-graph\">{\"@context\":\"https:\/\/schema.org\",\"@graph\":[{\"@type\":\"WebPage\",\"@id\":\"https:\/\/animalpark.pl\/en\/contact\/customer-service-point-mazowieckie-region\/\",\"url\":\"https:\/\/animalpark.pl\/en\/contact\/customer-service-point-mazowieckie-region\/\",\"name\":\"Customer Service Point \u2013 Mazowieckie Region - Animal Park\",\"isPartOf\":{\"@id\":\"https:\/\/animalpark.pl\/#website\"},\"datePublished\":\"2025-04-30T07:06:00+00:00\",\"dateModified\":\"2025-07-01T08:16:55+00:00\",\"breadcrumb\":{\"@id\":\"https:\/\/animalpark.pl\/en\/contact\/customer-service-point-mazowieckie-region\/#breadcrumb\"},\"inLanguage\":\"en-US\",\"potentialAction\":[{\"@type\":\"ReadAction\",\"target\":[\"https:\/\/animalpark.pl\/en\/contact\/customer-service-point-mazowieckie-region\/\"]}]},{\"@type\":\"BreadcrumbList\",\"@id\":\"https:\/\/animalpark.pl\/en\/contact\/customer-service-point-mazowieckie-region\/#breadcrumb\",\"itemListElement\":[{\"@type\":\"ListItem\",\"position\":1,\"name\":\"Strona g\u0142\u00f3wna\",\"item\":\"https:\/\/animalpark.pl\/en\/\"},{\"@type\":\"ListItem\",\"position\":2,\"name\":\"Contact\",\"item\":\"https:\/\/animalpark.pl\/en\/contact\/\"},{\"@type\":\"ListItem\",\"position\":3,\"name\":\"Customer Service Point \u2013 Mazowieckie Region\"}]},{\"@type\":\"WebSite\",\"@id\":\"https:\/\/animalpark.pl\/#website\",\"url\":\"https:\/\/animalpark.pl\/\",\"name\":\"Animal Park\",\"description\":\"kremacja zwierz\u0105t, eutanazja psa, kota - Lublin, Warszawa, Katowice\",\"potentialAction\":[{\"@type\":\"SearchAction\",\"target\":{\"@type\":\"EntryPoint\",\"urlTemplate\":\"https:\/\/animalpark.pl\/?s={search_term_string}\"},\"query-input\":{\"@type\":\"PropertyValueSpecification\",\"valueRequired\":true,\"valueName\":\"search_term_string\"}}],\"inLanguage\":\"en-US\"}]}<\/script>\n<!-- \/ Yoast SEO plugin. -->","yoast_head_json":{"title":"Customer Service Point \u2013 Mazowieckie Region - Animal Park","robots":{"index":"index","follow":"follow","max-snippet":"max-snippet:-1","max-image-preview":"max-image-preview:large","max-video-preview":"max-video-preview:-1"},"canonical":"https:\/\/animalpark.pl\/en\/contact\/customer-service-point-mazowieckie-region\/","og_locale":"en_US","og_type":"article","og_title":"Customer Service Point \u2013 Mazowieckie Region - Animal Park","og_description":"We\u2019re pleased to announce the opening of our stationary Customer Service Point in the Mazowieckie Voivodeship, in cooperation with OIOMVET 24-Hour Veterinary Clinic. At the clinic, you can:Arrange all formalities related to your pet\u2019s cremation Discuss details with medical staff, access euthanasia services (performed by licensed veterinarians), complete all necessary documentation, tag your pet\u2019s body [&hellip;]","og_url":"https:\/\/animalpark.pl\/en\/contact\/customer-service-point-mazowieckie-region\/","og_site_name":"Animal Park","article_modified_time":"2025-07-01T08:16:55+00:00","twitter_card":"summary_large_image","twitter_misc":{"Est. reading time":"2 minutes"},"schema":{"@context":"https:\/\/schema.org","@graph":[{"@type":"WebPage","@id":"https:\/\/animalpark.pl\/en\/contact\/customer-service-point-mazowieckie-region\/","url":"https:\/\/animalpark.pl\/en\/contact\/customer-service-point-mazowieckie-region\/","name":"Customer Service Point \u2013 Mazowieckie Region - Animal Park","isPartOf":{"@id":"https:\/\/animalpark.pl\/#website"},"datePublished":"2025-04-30T07:06:00+00:00","dateModified":"2025-07-01T08:16:55+00:00","breadcrumb":{"@id":"https:\/\/animalpark.pl\/en\/contact\/customer-service-point-mazowieckie-region\/#breadcrumb"},"inLanguage":"en-US","potentialAction":[{"@type":"ReadAction","target":["https:\/\/animalpark.pl\/en\/contact\/customer-service-point-mazowieckie-region\/"]}]},{"@type":"BreadcrumbList","@id":"https:\/\/animalpark.pl\/en\/contact\/customer-service-point-mazowieckie-region\/#breadcrumb","itemListElement":[{"@type":"ListItem","position":1,"name":"Strona g\u0142\u00f3wna","item":"https:\/\/animalpark.pl\/en\/"},{"@type":"ListItem","position":2,"name":"Contact","item":"https:\/\/animalpark.pl\/en\/contact\/"},{"@type":"ListItem","position":3,"name":"Customer Service Point \u2013 Mazowieckie Region"}]},{"@type":"WebSite","@id":"https:\/\/animalpark.pl\/#website","url":"https:\/\/animalpark.pl\/","name":"Animal Park","description":"kremacja zwierz\u0105t, eutanazja psa, kota - Lublin, Warszawa, Katowice","potentialAction":[{"@type":"SearchAction","target":{"@type":"EntryPoint","urlTemplate":"https:\/\/animalpark.pl\/?s={search_term_string}"},"query-input":{"@type":"PropertyValueSpecification","valueRequired":true,"valueName":"search_term_string"}}],"inLanguage":"en-US"}]}},"_links":{"self":[{"href":"https:\/\/animalpark.pl\/en\/wp-json\/wp\/v2\/pages\/3256","targetHints":{"allow":["GET"]}}],"collection":[{"href":"https:\/\/animalpark.pl\/en\/wp-json\/wp\/v2\/pages"}],"about":[{"href":"https:\/\/animalpark.pl\/en\/wp-json\/wp\/v2\/types\/page"}],"author":[{"embeddable":true,"href":"https:\/\/animalpark.pl\/en\/wp-json\/wp\/v2\/users\/2"}],"replies":[{"embeddable":true,"href":"https:\/\/animalpark.pl\/en\/wp-json\/wp\/v2\/comments?post=3256"}],"version-history":[{"count":2,"href":"https:\/\/animalpark.pl\/en\/wp-json\/wp\/v2\/pages\/3256\/revisions"}],"predecessor-version":[{"id":3258,"href":"https:\/\/animalpark.pl\/en\/wp-json\/wp\/v2\/pages\/3256\/revisions\/3258"}],"up":[{"embeddable":true,"href":"https:\/\/animalpark.pl\/en\/wp-json\/wp\/v2\/pages\/3244"}],"wp:attachment":[{"href":"https:\/\/animalpark.pl\/en\/wp-json\/wp\/v2\/media?parent=3256"}],"curies":[{"name":"wp","href":"https:\/\/api.w.org\/{rel}","templated":true}]}}