{"id":3253,"date":"2025-04-30T07:05:44","date_gmt":"2025-04-30T07:05:44","guid":{"rendered":"https:\/\/afzet.kylos.pl\/animal25\/contact\/mikolow-branch-sunthern-poland-region\/"},"modified":"2025-07-01T08:06:57","modified_gmt":"2025-07-01T08:06:57","slug":"mikolow-branch-sunthern-poland-region","status":"publish","type":"page","link":"https:\/\/animalpark.pl\/en\/contact\/mikolow-branch-sunthern-poland-region\/","title":{"rendered":"Miko\u0142\u00f3w Branch \u2013 Sunthern Poland Region"},"content":{"rendered":"<p>[et_pb_section fb_built=&#8221;1&#8243; _builder_version=&#8221;4.27.4&#8243; _module_preset=&#8221;default&#8221; global_colors_info=&#8221;{}&#8221; theme_builder_area=&#8221;et_body_layout&#8221;][et_pb_row _builder_version=&#8221;4.27.4&#8243; _module_preset=&#8221;default&#8221; width=&#8221;100%&#8221; global_colors_info=&#8221;{}&#8221; theme_builder_area=&#8221;et_body_layout&#8221;][et_pb_column type=&#8221;4_4&#8243; _builder_version=&#8221;4.27.4&#8243; _module_preset=&#8221;default&#8221; global_colors_info=&#8221;{}&#8221; theme_builder_area=&#8221;et_body_layout&#8221;][et_pb_text _builder_version=&#8221;4.27.4&#8243; _module_preset=&#8221;default&#8221; text_font=&#8221;&#8211;et_global_heading_font||||||||&#8221; text_text_color=&#8221;#563d25&#8243; header_font=&#8221;&#8211;et_global_body_font||||||||&#8221; header_text_align=&#8221;center&#8221; header_text_color=&#8221;#563d25&#8243; header_2_font=&#8221;&#8211;et_global_body_font||||||||&#8221; header_2_text_align=&#8221;center&#8221; header_2_text_color=&#8221;#563d25&#8243; header_3_font=&#8221;&#8211;et_global_body_font||||||||&#8221; header_3_text_color=&#8221;#563d25&#8243; header_4_font=&#8221;&#8211;et_global_body_font||||||||&#8221; header_4_text_color=&#8221;#563d25&#8243; header_5_font=&#8221;&#8211;et_global_body_font||||||||&#8221; header_5_text_color=&#8221;#563d25&#8243; header_6_font=&#8221;&#8211;et_global_body_font||||||||&#8221; header_6_text_color=&#8221;#563d25&#8243; custom_margin=&#8221;0px||||false|false&#8221; hover_enabled=&#8221;0&#8243; custom_css_free_form=&#8221;\/* Dodanie margines\u00f3w i ograniczenie szeroko\u015bci tylko do tekstu *\/||.entry-content {||    margin: 0 auto;||    max-width: 900px; \/* Ustaw odpowiedni\u0105 szeroko\u015b\u0107 *\/||    padding: 0 15px; \/* Dodaj marginesy wewn\u0119trzne *\/||}||||\/* Kolor linii poziomych tabeli *\/||#tablepress-1 td, #tablepress-1 th, ||#tablepress-3 td, #tablepress-3 th {||    border: 1px solid #CEAB86 !important;||}||||\/* Usuwanie pionowych linii *\/||#tablepress-1 td, #tablepress-1 th,||#tablepress-3 td, #tablepress-3 th {||    border-left: none !important;||    border-right: none !important;||}||||\/* Usuwanie linii wewn\u0119trznych *\/||#tablepress-1 td, #tablepress-1 th,||#tablepress-3 td, #tablepress-3 th {||    border-bottom: none !important;||}||||\/* Dodanie dolnej linii tylko do ostatnich kom\u00f3rek *\/||#tablepress-1 tr:last-child td, #tablepress-3 tr:last-child td {||    border-bottom: 1px solid #CEAB86 !important;||}||||\/* Co druga kom\u00f3rka w wierszu ma ciemniejsze t\u0142o *\/||#tablepress-3 tr:nth-child(even) td {||    background-color: #F9F9F9;||}||||\/* Po najechaniu na ca\u0142\u0105 lini\u0119 tabeli *\/||#tablepress-3 tr:hover {||    background-color: #F3F3F3;||}||||||&#8221; global_colors_info=&#8221;{}&#8221; theme_builder_area=&#8221;et_body_layout&#8221; sticky_enabled=&#8221;0&#8243;]<\/p>\n<div class=\"entry-content\">\n<div id=\"pl-15\" class=\"panel-layout\">\n<div id=\"pg-15-0\" class=\"panel-grid panel-no-style\">\n<div id=\"pgc-15-0-0\" class=\"panel-grid-cell\">\n<div id=\"panel-15-0-0-0\" class=\"so-panel widget widget_siteorigin-panels-builder panel-first-child panel-last-child widgetopts-SO\" data-index=\"0\">\n<div id=\"pl-w678e5bdeccfad\" class=\"panel-layout\">\n<div id=\"pg-w678e5bdeccfad-1\" class=\"panel-grid panel-no-style\">\n<div id=\"pgc-w678e5bdeccfad-1-0\" class=\"panel-grid-cell\">\n<div id=\"panel-w678e5bdeccfad-1-0-0\" class=\"so-panel widget widget_sow-editor panel-first-child panel-last-child widgetopts-SO\" data-index=\"0\">\n<div class=\"so-widget-sow-editor so-widget-sow-editor-base\">\n<div class=\"siteorigin-widget-tinymce textwidget\">\n<div class=\"sow-icon-container sow-container-none\" title=\"e-mail\">\n<p class=\"sow-icon-image\" style=\"text-align: center;\">ul. Fitelberga 46, 43-195 Miko\u0142\u00f3w<br \/>tel: 735 019 019<br \/>e-mail:<span> <\/span><a href=\"https:\/\/web.archive.org\/web\/20250331100321\/mailto:slask@animalpark.pl\">slask@animalpark.pl<\/a><\/p>\n<\/div>\n<\/div>\n<\/div>\n<\/div>\n<\/div>\n<\/div>\n<\/div>\n<\/div>\n<\/div>\n<\/div>\n<\/div>\n<\/div>\n<p>[\/et_pb_text][et_pb_text _builder_version=&#8221;4.27.4&#8243; _module_preset=&#8221;default&#8221; text_font=&#8221;&#8211;et_global_heading_font||||||||&#8221; text_text_color=&#8221;#563d25&#8243; header_font=&#8221;&#8211;et_global_body_font||||||||&#8221; header_text_align=&#8221;center&#8221; header_text_color=&#8221;#563d25&#8243; header_2_font=&#8221;&#8211;et_global_body_font||||||||&#8221; header_2_text_align=&#8221;center&#8221; header_2_text_color=&#8221;#563d25&#8243; header_3_font=&#8221;&#8211;et_global_body_font||||||||&#8221; header_3_text_color=&#8221;#563d25&#8243; header_4_font=&#8221;&#8211;et_global_body_font||||||||&#8221; header_4_text_color=&#8221;#563d25&#8243; header_5_font=&#8221;&#8211;et_global_body_font||||||||&#8221; header_5_text_color=&#8221;#563d25&#8243; header_6_font=&#8221;&#8211;et_global_body_font||||||||&#8221; header_6_text_color=&#8221;#563d25&#8243; custom_margin=&#8221;0px||||false|false&#8221; hover_enabled=&#8221;0&#8243; custom_css_free_form=&#8221;\/* Dodanie margines\u00f3w i ograniczenie szeroko\u015bci tylko do tekstu *\/||.entry-content {||    margin: 0 auto;||    max-width: 900px; \/* Ustaw odpowiedni\u0105 szeroko\u015b\u0107 *\/||    padding: 0 15px; \/* Dodaj marginesy wewn\u0119trzne *\/||}||||\/* Kolor linii poziomych tabeli *\/||#tablepress-1 td, #tablepress-1 th, ||#tablepress-3 td, #tablepress-3 th {||    border: 1px solid #CEAB86 !important;||}||||\/* Usuwanie pionowych linii *\/||#tablepress-1 td, #tablepress-1 th,||#tablepress-3 td, #tablepress-3 th {||    border-left: none !important;||    border-right: none !important;||}||||\/* Usuwanie linii wewn\u0119trznych *\/||#tablepress-1 td, #tablepress-1 th,||#tablepress-3 td, #tablepress-3 th {||    border-bottom: none !important;||}||||\/* Dodanie dolnej linii tylko do ostatnich kom\u00f3rek *\/||#tablepress-1 tr:last-child td, #tablepress-3 tr:last-child td {||    border-bottom: 1px solid #CEAB86 !important;||}||||\/* Co druga kom\u00f3rka w wierszu ma ciemniejsze t\u0142o *\/||#tablepress-3 tr:nth-child(even) td {||    background-color: #F9F9F9;||}||||\/* Po najechaniu na ca\u0142\u0105 lini\u0119 tabeli *\/||#tablepress-3 tr:hover {||    background-color: #F3F3F3;||}||||||&#8221; global_colors_info=&#8221;{}&#8221; theme_builder_area=&#8221;et_body_layout&#8221; sticky_enabled=&#8221;0&#8243;]<\/p>\n<div style=\"display: flex; justify-content: center; margin: 20px 0;\">\n  <iframe src=\"https:\/\/www.google.com\/maps\/embed?pb=!1m18!1m12!1m3!1d1860.1559799567378!2d18.856153294482247!3d50.16547333772979!2m3!1f0!2f0!3f0!3m2!1i1024!2i768!4f13.1!3m3!1m2!1s0x4716cb2830cc786d%3A0x3d8d1b29fb654ee7!2zQW5pbWFsIFBhcmsgxZpsxIVzaw!5e0!3m2!1spl!2spl!4v1746782421872!5m2!1spl!2spl\" width=\"800\" height=\"350\" style=\"border:0;\" allowfullscreen=\"\" loading=\"lazy\" referrerpolicy=\"no-referrer-when-downgrade\"><br \/>\n  <\/iframe>\n<\/div>\n<p>[\/et_pb_text][et_pb_text _builder_version=&#8221;4.27.4&#8243; _module_preset=&#8221;default&#8221; text_font=&#8221;&#8211;et_global_heading_font||||||||&#8221; text_text_color=&#8221;#563d25&#8243; header_font=&#8221;&#8211;et_global_body_font||||||||&#8221; header_text_align=&#8221;center&#8221; header_text_color=&#8221;#563d25&#8243; header_2_font=&#8221;&#8211;et_global_body_font||||||||&#8221; header_2_text_align=&#8221;center&#8221; header_2_text_color=&#8221;#563d25&#8243; header_3_font=&#8221;&#8211;et_global_body_font||||||||&#8221; header_3_text_color=&#8221;#563d25&#8243; header_4_font=&#8221;&#8211;et_global_body_font||||||||&#8221; header_4_text_color=&#8221;#563d25&#8243; header_5_font=&#8221;&#8211;et_global_body_font||||||||&#8221; header_5_text_color=&#8221;#563d25&#8243; header_6_font=&#8221;&#8211;et_global_body_font||||||||&#8221; header_6_text_color=&#8221;#563d25&#8243; custom_margin=&#8221;0px||||false|false&#8221; hover_enabled=&#8221;0&#8243; custom_css_free_form=&#8221;\/* Dodanie margines\u00f3w i ograniczenie szeroko\u015bci tylko do tekstu *\/||.entry-content {||    margin: 0 auto;||    max-width: 900px; \/* Ustaw odpowiedni\u0105 szeroko\u015b\u0107 *\/||    padding: 0 15px; \/* Dodaj marginesy wewn\u0119trzne *\/||}||||\/* Kolor linii poziomych tabeli *\/||#tablepress-1 td, #tablepress-1 th, ||#tablepress-3 td, #tablepress-3 th {||    border: 1px solid #CEAB86 !important;||}||||\/* Usuwanie pionowych linii *\/||#tablepress-1 td, #tablepress-1 th,||#tablepress-3 td, #tablepress-3 th {||    border-left: none !important;||    border-right: none !important;||}||||\/* Usuwanie linii wewn\u0119trznych *\/||#tablepress-1 td, #tablepress-1 th,||#tablepress-3 td, #tablepress-3 th {||    border-bottom: none !important;||}||||\/* Dodanie dolnej linii tylko do ostatnich kom\u00f3rek *\/||#tablepress-1 tr:last-child td, #tablepress-3 tr:last-child td {||    border-bottom: 1px solid #CEAB86 !important;||}||||\/* Co druga kom\u00f3rka w wierszu ma ciemniejsze t\u0142o *\/||#tablepress-3 tr:nth-child(even) td {||    background-color: #F9F9F9;||}||||\/* Po najechaniu na ca\u0142\u0105 lini\u0119 tabeli *\/||#tablepress-3 tr:hover {||    background-color: #F3F3F3;||}||||||&#8221; global_colors_info=&#8221;{}&#8221; theme_builder_area=&#8221;et_body_layout&#8221; sticky_enabled=&#8221;0&#8243;]<\/p>\n<div class=\"entry-content\">\n<div id=\"pl-15\" class=\"panel-layout\">\n<div id=\"pg-15-0\" class=\"panel-grid panel-no-style\">\n<div id=\"pgc-15-0-0\" class=\"panel-grid-cell\">\n<div id=\"panel-15-0-0-0\" class=\"so-panel widget widget_siteorigin-panels-builder panel-first-child panel-last-child widgetopts-SO\" data-index=\"0\">\n<div id=\"pl-w678e5bdeccfad\" class=\"panel-layout\">\n<div id=\"pg-w678e5bdeccfad-1\" class=\"panel-grid panel-no-style\">\n<div id=\"pgc-w678e5bdeccfad-1-0\" class=\"panel-grid-cell\">\n<div id=\"panel-w678e5bdeccfad-1-0-0\" class=\"so-panel widget widget_sow-editor panel-first-child panel-last-child widgetopts-SO\" data-index=\"0\">\n<div class=\"so-widget-sow-editor so-widget-sow-editor-base\">\n<div class=\"siteorigin-widget-tinymce textwidget\">\n<p style=\"text-align: center;\">Phone availability: Daily, 8:00 AM \u2013 8:00 PM<\/p>\n<p align=\"center\" style=\"text-align: center;\">We schedule cremation appointments by phone 735019019<\/p>\n<p style=\"text-align: center;\">Transport on Sundays, holidays,   and after 4:00 PM (Mon\u2013Sat) are subject to availability and incur an<span> <\/span><strong>additional fee from 250 PLN.<\/strong><\/p>\n<p style=\"text-align: center;\"><b>Bank Account (Lublin):<\/b><\/p>\n<p style=\"text-align: center;\">56 1020 2528 0000 0202 0435 0567<br \/>Adres: Animal Park \u2013 Miko\u0142\u00f3w<\/p>\n<\/div>\n<\/div>\n<\/div>\n<\/div>\n<\/div>\n<\/div>\n<\/div>\n<\/div>\n<\/div>\n<\/div>\n<\/div>\n<p>[\/et_pb_text][\/et_pb_column][\/et_pb_row][\/et_pb_section]<\/p>\n","protected":false},"excerpt":{"rendered":"<p>ul. Fitelberga 46, 43-195 Miko\u0142\u00f3wtel: 735 019 019e-mail: slask@animalpark.pl Phone availability: Daily, 8:00 AM \u2013 8:00 PM We schedule cremation appointments by phone 735019019 Transport on Sundays, holidays, and after 4:00 PM (Mon\u2013Sat) are subject to availability and incur an additional fee from 250 PLN. Bank Account (Lublin): 56 1020 2528 0000 0202 0435 0567Adres: [&hellip;]<\/p>\n","protected":false},"author":2,"featured_media":0,"parent":3244,"menu_order":0,"comment_status":"closed","ping_status":"closed","template":"","meta":{"_et_pb_use_builder":"on","_et_pb_old_content":"","_et_gb_content_width":"","footnotes":""},"class_list":["post-3253","page","type-page","status-publish","hentry"],"yoast_head":"<!-- This site is optimized with the Yoast SEO plugin v25.8 - https:\/\/yoast.com\/wordpress\/plugins\/seo\/ -->\n<title>Miko\u0142\u00f3w Branch \u2013 Sunthern Poland Region - Animal Park<\/title>\n<meta name=\"robots\" content=\"index, follow, max-snippet:-1, max-image-preview:large, max-video-preview:-1\" \/>\n<link rel=\"canonical\" href=\"https:\/\/animalpark.pl\/en\/contact\/mikolow-branch-sunthern-poland-region\/\" \/>\n<meta property=\"og:locale\" content=\"en_US\" \/>\n<meta property=\"og:type\" content=\"article\" \/>\n<meta property=\"og:title\" content=\"Miko\u0142\u00f3w Branch \u2013 Sunthern Poland Region - Animal Park\" \/>\n<meta property=\"og:description\" content=\"ul. Fitelberga 46, 43-195 Miko\u0142\u00f3wtel: 735 019 019e-mail: slask@animalpark.pl Phone availability: Daily, 8:00 AM \u2013 8:00 PM We schedule cremation appointments by phone 735019019 Transport on Sundays, holidays, and after 4:00 PM (Mon\u2013Sat) are subject to availability and incur an additional fee from 250 PLN. Bank Account (Lublin): 56 1020 2528 0000 0202 0435 0567Adres: [&hellip;]\" \/>\n<meta property=\"og:url\" content=\"https:\/\/animalpark.pl\/en\/contact\/mikolow-branch-sunthern-poland-region\/\" \/>\n<meta property=\"og:site_name\" content=\"Animal Park\" \/>\n<meta property=\"article:modified_time\" content=\"2025-07-01T08:06:57+00:00\" \/>\n<meta name=\"twitter:card\" content=\"summary_large_image\" \/>\n<meta name=\"twitter:label1\" content=\"Est. reading time\" \/>\n\t<meta name=\"twitter:data1\" content=\"4 minutes\" \/>\n<script type=\"application\/ld+json\" class=\"yoast-schema-graph\">{\"@context\":\"https:\/\/schema.org\",\"@graph\":[{\"@type\":\"WebPage\",\"@id\":\"https:\/\/animalpark.pl\/en\/contact\/mikolow-branch-sunthern-poland-region\/\",\"url\":\"https:\/\/animalpark.pl\/en\/contact\/mikolow-branch-sunthern-poland-region\/\",\"name\":\"Miko\u0142\u00f3w Branch \u2013 Sunthern Poland Region - Animal Park\",\"isPartOf\":{\"@id\":\"https:\/\/animalpark.pl\/#website\"},\"datePublished\":\"2025-04-30T07:05:44+00:00\",\"dateModified\":\"2025-07-01T08:06:57+00:00\",\"breadcrumb\":{\"@id\":\"https:\/\/animalpark.pl\/en\/contact\/mikolow-branch-sunthern-poland-region\/#breadcrumb\"},\"inLanguage\":\"en-US\",\"potentialAction\":[{\"@type\":\"ReadAction\",\"target\":[\"https:\/\/animalpark.pl\/en\/contact\/mikolow-branch-sunthern-poland-region\/\"]}]},{\"@type\":\"BreadcrumbList\",\"@id\":\"https:\/\/animalpark.pl\/en\/contact\/mikolow-branch-sunthern-poland-region\/#breadcrumb\",\"itemListElement\":[{\"@type\":\"ListItem\",\"position\":1,\"name\":\"Strona g\u0142\u00f3wna\",\"item\":\"https:\/\/animalpark.pl\/en\/\"},{\"@type\":\"ListItem\",\"position\":2,\"name\":\"Contact\",\"item\":\"https:\/\/animalpark.pl\/en\/contact\/\"},{\"@type\":\"ListItem\",\"position\":3,\"name\":\"Miko\u0142\u00f3w Branch \u2013 Sunthern Poland Region\"}]},{\"@type\":\"WebSite\",\"@id\":\"https:\/\/animalpark.pl\/#website\",\"url\":\"https:\/\/animalpark.pl\/\",\"name\":\"Animal Park\",\"description\":\"kremacja zwierz\u0105t, eutanazja psa, kota - Lublin, Warszawa, Katowice\",\"potentialAction\":[{\"@type\":\"SearchAction\",\"target\":{\"@type\":\"EntryPoint\",\"urlTemplate\":\"https:\/\/animalpark.pl\/?s={search_term_string}\"},\"query-input\":{\"@type\":\"PropertyValueSpecification\",\"valueRequired\":true,\"valueName\":\"search_term_string\"}}],\"inLanguage\":\"en-US\"}]}<\/script>\n<!-- \/ Yoast SEO plugin. -->","yoast_head_json":{"title":"Miko\u0142\u00f3w Branch \u2013 Sunthern Poland Region - Animal Park","robots":{"index":"index","follow":"follow","max-snippet":"max-snippet:-1","max-image-preview":"max-image-preview:large","max-video-preview":"max-video-preview:-1"},"canonical":"https:\/\/animalpark.pl\/en\/contact\/mikolow-branch-sunthern-poland-region\/","og_locale":"en_US","og_type":"article","og_title":"Miko\u0142\u00f3w Branch \u2013 Sunthern Poland Region - Animal Park","og_description":"ul. Fitelberga 46, 43-195 Miko\u0142\u00f3wtel: 735 019 019e-mail: slask@animalpark.pl Phone availability: Daily, 8:00 AM \u2013 8:00 PM We schedule cremation appointments by phone 735019019 Transport on Sundays, holidays, and after 4:00 PM (Mon\u2013Sat) are subject to availability and incur an additional fee from 250 PLN. Bank Account (Lublin): 56 1020 2528 0000 0202 0435 0567Adres: [&hellip;]","og_url":"https:\/\/animalpark.pl\/en\/contact\/mikolow-branch-sunthern-poland-region\/","og_site_name":"Animal Park","article_modified_time":"2025-07-01T08:06:57+00:00","twitter_card":"summary_large_image","twitter_misc":{"Est. reading time":"4 minutes"},"schema":{"@context":"https:\/\/schema.org","@graph":[{"@type":"WebPage","@id":"https:\/\/animalpark.pl\/en\/contact\/mikolow-branch-sunthern-poland-region\/","url":"https:\/\/animalpark.pl\/en\/contact\/mikolow-branch-sunthern-poland-region\/","name":"Miko\u0142\u00f3w Branch \u2013 Sunthern Poland Region - Animal Park","isPartOf":{"@id":"https:\/\/animalpark.pl\/#website"},"datePublished":"2025-04-30T07:05:44+00:00","dateModified":"2025-07-01T08:06:57+00:00","breadcrumb":{"@id":"https:\/\/animalpark.pl\/en\/contact\/mikolow-branch-sunthern-poland-region\/#breadcrumb"},"inLanguage":"en-US","potentialAction":[{"@type":"ReadAction","target":["https:\/\/animalpark.pl\/en\/contact\/mikolow-branch-sunthern-poland-region\/"]}]},{"@type":"BreadcrumbList","@id":"https:\/\/animalpark.pl\/en\/contact\/mikolow-branch-sunthern-poland-region\/#breadcrumb","itemListElement":[{"@type":"ListItem","position":1,"name":"Strona g\u0142\u00f3wna","item":"https:\/\/animalpark.pl\/en\/"},{"@type":"ListItem","position":2,"name":"Contact","item":"https:\/\/animalpark.pl\/en\/contact\/"},{"@type":"ListItem","position":3,"name":"Miko\u0142\u00f3w Branch \u2013 Sunthern Poland Region"}]},{"@type":"WebSite","@id":"https:\/\/animalpark.pl\/#website","url":"https:\/\/animalpark.pl\/","name":"Animal Park","description":"kremacja zwierz\u0105t, eutanazja psa, kota - Lublin, Warszawa, Katowice","potentialAction":[{"@type":"SearchAction","target":{"@type":"EntryPoint","urlTemplate":"https:\/\/animalpark.pl\/?s={search_term_string}"},"query-input":{"@type":"PropertyValueSpecification","valueRequired":true,"valueName":"search_term_string"}}],"inLanguage":"en-US"}]}},"_links":{"self":[{"href":"https:\/\/animalpark.pl\/en\/wp-json\/wp\/v2\/pages\/3253","targetHints":{"allow":["GET"]}}],"collection":[{"href":"https:\/\/animalpark.pl\/en\/wp-json\/wp\/v2\/pages"}],"about":[{"href":"https:\/\/animalpark.pl\/en\/wp-json\/wp\/v2\/types\/page"}],"author":[{"embeddable":true,"href":"https:\/\/animalpark.pl\/en\/wp-json\/wp\/v2\/users\/2"}],"replies":[{"embeddable":true,"href":"https:\/\/animalpark.pl\/en\/wp-json\/wp\/v2\/comments?post=3253"}],"version-history":[{"count":2,"href":"https:\/\/animalpark.pl\/en\/wp-json\/wp\/v2\/pages\/3253\/revisions"}],"predecessor-version":[{"id":3255,"href":"https:\/\/animalpark.pl\/en\/wp-json\/wp\/v2\/pages\/3253\/revisions\/3255"}],"up":[{"embeddable":true,"href":"https:\/\/animalpark.pl\/en\/wp-json\/wp\/v2\/pages\/3244"}],"wp:attachment":[{"href":"https:\/\/animalpark.pl\/en\/wp-json\/wp\/v2\/media?parent=3253"}],"curies":[{"name":"wp","href":"https:\/\/api.w.org\/{rel}","templated":true}]}}