{"id":3241,"date":"2025-04-30T06:54:54","date_gmt":"2025-04-30T06:54:54","guid":{"rendered":"https:\/\/afzet.kylos.pl\/animal25\/cremation\/"},"modified":"2025-07-09T10:26:11","modified_gmt":"2025-07-09T10:26:11","slug":"cremation","status":"publish","type":"page","link":"https:\/\/animalpark.pl\/en\/cremation\/","title":{"rendered":"Cremation"},"content":{"rendered":"<p>[et_pb_section fb_built=&#8221;1&#8243; _builder_version=&#8221;4.27.4&#8243; _module_preset=&#8221;default&#8221; global_colors_info=&#8221;{}&#8221; theme_builder_area=&#8221;post_content&#8221;][et_pb_row _builder_version=&#8221;4.27.4&#8243; _module_preset=&#8221;default&#8221; width=&#8221;100%&#8221; global_colors_info=&#8221;{}&#8221; theme_builder_area=&#8221;post_content&#8221;][et_pb_column type=&#8221;4_4&#8243; _builder_version=&#8221;4.27.4&#8243; _module_preset=&#8221;default&#8221; global_colors_info=&#8221;{}&#8221; theme_builder_area=&#8221;post_content&#8221;][et_pb_text _builder_version=&#8221;4.27.4&#8243; _module_preset=&#8221;default&#8221; text_font=&#8221;&#8211;et_global_heading_font||||||||&#8221; text_text_color=&#8221;#563d25&#8243; header_font=&#8221;&#8211;et_global_body_font||||||||&#8221; header_text_align=&#8221;center&#8221; header_text_color=&#8221;#563d25&#8243; header_2_font=&#8221;&#8211;et_global_body_font||||||||&#8221; header_2_text_align=&#8221;center&#8221; header_2_text_color=&#8221;#563d25&#8243; header_3_font=&#8221;&#8211;et_global_body_font||||||||&#8221; header_3_text_color=&#8221;#563d25&#8243; header_4_font=&#8221;&#8211;et_global_body_font||||||||&#8221; header_4_text_color=&#8221;#563d25&#8243; header_5_font=&#8221;&#8211;et_global_body_font||||||||&#8221; header_5_text_color=&#8221;#563d25&#8243; header_6_font=&#8221;&#8211;et_global_body_font||||||||&#8221; header_6_text_color=&#8221;#563d25&#8243; custom_margin=&#8221;0px||||false|false&#8221; custom_css_free_form=&#8221;\/* Dodanie margines\u00f3w i ograniczenie szeroko\u015bci tylko do tekstu *\/||.entry-content {||    margin: 0 auto;||    max-width: 900px; \/* Ustaw odpowiedni\u0105 szeroko\u015b\u0107 *\/||    padding: 0 15px; \/* Dodaj marginesy wewn\u0119trzne *\/||}||||\/* Kolor linii poziomych tabeli *\/||#tablepress-1 td, #tablepress-1 th, ||#tablepress-3 td, #tablepress-3 th {||    border: 1px solid #CEAB86 !important;||}||||\/* Usuwanie pionowych linii *\/||#tablepress-1 td, #tablepress-1 th,||#tablepress-3 td, #tablepress-3 th {||    border-left: none !important;||    border-right: none !important;||}||||\/* Usuwanie linii wewn\u0119trznych *\/||#tablepress-1 td, #tablepress-1 th,||#tablepress-3 td, #tablepress-3 th {||    border-bottom: none !important;||}||||\/* Dodanie dolnej linii tylko do ostatnich kom\u00f3rek *\/||#tablepress-1 tr:last-child td, #tablepress-3 tr:last-child td {||    border-bottom: 1px solid #CEAB86 !important;||}||||\/* Co druga kom\u00f3rka w wierszu ma ciemniejsze t\u0142o *\/||#tablepress-3 tr:nth-child(even) td {||    background-color: #F9F9F9;||}||||\/* Po najechaniu na ca\u0142\u0105 lini\u0119 tabeli *\/||#tablepress-3 tr:hover {||    background-color: #F3F3F3;||}||||||&#8221; global_colors_info=&#8221;{}&#8221; theme_builder_area=&#8221;post_content&#8221;]<\/p>\n<div class=\"entry-meta entry-meta-top\"><\/div>\n<div class=\"entry-content\">\n<p align=\"justify\">When we welcome a pet into our home, they become much more than just an animal \u2013 they become a friend, a true family member. We share joy and sadness, good times and bad. We take full responsibility for their wellbeing, offering them unconditional love and care. This special bond lasts until the very end of their life. That is why, when the time for farewell comes, we are here to help you say goodbye with dignity.    <\/p>\n<p align=\"justify\"><strong>The Moment of Farewell<\/strong><\/p>\n<p align=\"justify\">The bond we share with our pets makes their passing incredibly difficult. Especially when medicine no longer helps, and we are faced with the painful decision to end their suffering. In such moments, we often turn to a veterinarian who has cared for our pet throughout its life \u2014 someone we trust. It is the veterinarian who can guide you through this difficult decision with empathy and professionalism.   <\/p>\n<p align=\"justify\"><strong>Individual Cremation at Animal Park\u00ae<\/strong><\/p>\n<p align=\"justify\">Individual cremation means that <strong>your pet<\/strong> is cremated alone in a dedicated chamber. This option is chosen by pet owners who wish to keep the ashes of their beloved companion. Depending on the animal\u2019s size, the process takes between one and four hours. The complete remains are carefully collected and placed into an urn selected by the owner. Please note that during individual cremation, only the body of the animal is cremated \u2014 personal items such as blankets, toys, or collars are not included. We are not responsible for items left at veterinary clinics. Any belongings received along with the pet are donated to local animal shelters and cannot be returned.     <\/p>\n<p align=\"justify\">Owners are welcome to attend their pet\u2019s final farewell. After the cremation is completed, we provide the ashes in an urn along with an official <strong>Animal Park\u00ae<\/strong> certificate, which includes the date of cremation and the signature of the person responsible for the cremation process. <\/p>\n<p align=\"justify\">If you are unable or prefer not to attend, we can prepare a short video of the cremation&#8217;s start upon request.<\/p>\n<p align=\"center\"><strong>Pricing \u2013 Individual Cremation<\/strong><\/p>\n<p align=\"center\"><span>Cena kremacji indywidualnej jest zr\u00f3\u017cnicowana i zale\u017cy od wielko\u015bci zwierz\u0119cia:<\/span><\/p>\n<table id=\"tablepress-1\" class=\"tablepress tablepress-id-1\">\n<tbody>\n<tr class=\"row-1\">\n<td class=\"column-1\">Animal Size<\/td>\n<td class=\"column-2\">Weight<\/td>\n<td class=\"column-3\">Price<\/td>\n<\/tr>\n<tr class=\"row-2\">\n<td class=\"column-1\">Small<\/td>\n<td class=\"column-2\">&lt;10 kg<\/td>\n<td class=\"column-3\">850 z\u0142<\/td>\n<\/tr>\n<tr class=\"row-3\">\n<td class=\"column-1\">Medium<\/td>\n<td class=\"column-2\">10 kg- 25 kg<\/td>\n<td class=\"column-3\">950 z\u0142<\/td>\n<\/tr>\n<tr class=\"row-4\">\n<td class=\"column-1\">Large<\/td>\n<td class=\"column-2\">25 kg &#8211; 40 kg<\/td>\n<td class=\"column-3\">1050 z\u0142<\/td>\n<\/tr>\n<tr class=\"row-5\">\n<td class=\"column-1\">Very Large<\/td>\n<td class=\"column-2\">40 kg &#8211; 60 kg<\/td>\n<td class=\"column-3\">1150 z\u0142<\/td>\n<\/tr>\n<tr class=\"row-6\">\n<td class=\"column-1\">Giant<\/td>\n<td class=\"column-2\">60 kg &gt;<\/td>\n<td class=\"column-3\">1250 z\u0142<\/td>\n<\/tr>\n<tr class=\"row-7\">\n<td colspan=\"3\" class=\"column-1\">Please note: Cremation outside standard working hours or on public holidays carries an additional fee of 250 PLN.<\/td>\n<\/tr>\n<\/tbody>\n<\/table>\n<p align=\"left\"><span>Urns and memorial items can be collected in person at our headquarters, or we can deliver them via courier or by a staff member for an additional fee.<\/span><\/p>\n<p align=\"justify\"><strong>We offer a 30% discount on cremation for:<\/strong><\/p>\n<ul style=\"list-style: none; padding-left: 0; margin-top: 12px;\">\n<li style=\"position: relative; padding-left: 28px; line-height: 1.6;\"><span style=\"color: #ceab86; position: absolute; left: 0; font-size: 24px; line-height: 1;\">\u2022<\/span> Veterinarians who are pet owners<\/li>\n<li style=\"position: relative; padding-left: 28px; line-height: 1.6;\"><span style=\"color: #ceab86; position: absolute; left: 0; font-size: 24px; line-height: 1;\">\u2022<\/span> Owners of dogs that served in the police, military, border guard, or other public service units, upon presentation of appropriate documentation<\/li>\n<\/ul>\n<p align=\"justify\"><span>We offer a 20% discount for:<br \/>Veterinary technicians and staff of veterinary practices that partner with Animal Park\u00ae<\/span><\/p>\n<p align=\"justify\"><strong>We provide free transport from veterinary clinics in the following provinces:<\/strong><\/p>\n<ul style=\"list-style: none; padding-left: 0; margin-top: 12px;\">\n<li style=\"position: relative; padding-left: 28px; line-height: 1.6;\"><span style=\"color: #ceab86; position: absolute; left: 0; font-size: 24px; line-height: 1;\">\u2022<\/span> lubelskiego,<\/li>\n<li style=\"position: relative; padding-left: 28px; line-height: 1.6;\"><span style=\"color: #ceab86; position: absolute; left: 0; font-size: 24px; line-height: 1;\">\u2022<\/span> \u0142\u00f3dzkiego,<\/li>\n<li style=\"position: relative; padding-left: 28px; line-height: 1.6;\"><span style=\"color: #ceab86; position: absolute; left: 0; font-size: 24px; line-height: 1;\">\u2022<\/span> mazowieckiego,<\/li>\n<li style=\"position: relative; padding-left: 28px; line-height: 1.6;\"><span style=\"color: #ceab86; position: absolute; left: 0; font-size: 24px; line-height: 1;\">\u2022<\/span> ma\u0142opolskiego,<\/li>\n<li style=\"position: relative; padding-left: 28px; line-height: 1.6;\"><span style=\"color: #ceab86; position: absolute; left: 0; font-size: 24px; line-height: 1;\">\u2022<\/span> opolskiego,<\/li>\n<li style=\"position: relative; padding-left: 28px; line-height: 1.6;\"><span style=\"color: #ceab86; position: absolute; left: 0; font-size: 24px; line-height: 1;\">\u2022<\/span> \u015bl\u0105skiego,<\/li>\n<li style=\"position: relative; padding-left: 28px; line-height: 1.6;\"><span style=\"color: #ceab86; position: absolute; left: 0; font-size: 24px; line-height: 1;\">\u2022<\/span> \u015bwi\u0119tokrzyskiego,<\/li>\n<li style=\"position: relative; padding-left: 28px; line-height: 1.6;\"><span style=\"color: #ceab86; position: absolute; left: 0; font-size: 24px; line-height: 1;\">\u2022<\/span> and Wroc\u0142awia.<\/li>\n<\/ul>\n<p align=\"left\"><span>Transportation from outside these areas or directly from the owner\u2019s home is priced individually.<\/span><\/p>\n<p align=\"justify\"><strong>Przechowywanie zwierz\u0119cia w ch\u0142odni<\/strong><\/p>\n<p align=\"justify\"><span>W przypadku kremacji indywidualnej nie pobieramy dodatkowej op\u0142aty za przechowanie zw\u0142ok w ch\u0142odni.<\/span><\/p>\n<p align=\"justify\"><strong>Identification &amp; Transparency<\/strong><\/p>\n<p align=\"justify\"><span>Each pet is assigned a unique ID from the moment of pickup, which remains with them until the ashes are returned to the owner. This ensures full transparency and peace of mind throughout the process. <\/span><\/p>\n<p align=\"justify\"><span>W <\/span><strong><span>Animal Park<\/span><\/strong><strong><sup><span>\u00ae<\/span><\/sup><\/strong><span> your pet\u2019s body is registered and stored in our facility by the team member who assisted with transportation. Upon request, they will keep you informed about each stage of the cremation process. <\/span><\/p>\n<p align=\"justify\">Urns and keepsakes can be picked up in person or delivered to the address you provide via courier or by one of our team members (additional fee applies).<\/p>\n<p align=\"justify\">_______________________________________________________________________<\/p>\n<p align=\"justify\">An alternative to individual cremation is <strong>communal cremation, where several animals are cremated simultaneously in one chamber<\/strong>. In this case, the pet is not labeled and remains anonymous throughout the process. Ashes from this type of cremation are not returned, although a symbolic amount of ashes can be provided upon request for an additional fee.   <\/p>\n<table id=\"tablepress-3\" class=\"tablepress tablepress-id-3\">\n<tbody class=\"row-hover\">\n<tr class=\"row-1 odd\">\n<td class=\"column-1\">Animal Weight<\/td>\n<td class=\"column-2\">Price<\/td>\n<\/tr>\n<tr class=\"row-2 even\">\n<td class=\"column-1\">0 &#8211; 20 kg<\/td>\n<td class=\"column-2\">400 z\u0142<\/td>\n<\/tr>\n<tr class=\"row-3 odd\">\n<td class=\"column-1\">20 &#8211; 40 kg<\/td>\n<td class=\"column-2\">500 z\u0142<\/td>\n<\/tr>\n<tr class=\"row-4 even\">\n<td class=\"column-1\">40 &#8211; 60 kg<\/td>\n<td class=\"column-2\">600 z\u0142<\/td>\n<\/tr>\n<\/tbody>\n<\/table>\n<p align=\"justify\">Transport of the body for communal cremation is free of charge in Lublin and Miko\u0142\u00f3w. To other locations, the costs of the employee&#8217;s arrival are calculated individually. <\/p>\n<\/div>\n<p>[\/et_pb_text][\/et_pb_column][\/et_pb_row][\/et_pb_section]<\/p>\n","protected":false},"excerpt":{"rendered":"<p>When we welcome a pet into our home, they become much more than just an animal \u2013 they become a friend, a true family member. We share joy and sadness, good times and bad. We take full responsibility for their wellbeing, offering them unconditional love and care. This special bond lasts until the very end [&hellip;]<\/p>\n","protected":false},"author":2,"featured_media":3548,"parent":0,"menu_order":0,"comment_status":"closed","ping_status":"closed","template":"","meta":{"_et_pb_use_builder":"on","_et_pb_old_content":"","_et_gb_content_width":"","footnotes":""},"class_list":["post-3241","page","type-page","status-publish","has-post-thumbnail","hentry"],"yoast_head":"<!-- This site is optimized with the Yoast SEO plugin v25.8 - https:\/\/yoast.com\/wordpress\/plugins\/seo\/ -->\n<title>Cremation - Animal Park<\/title>\n<meta name=\"robots\" content=\"index, follow, max-snippet:-1, max-image-preview:large, max-video-preview:-1\" \/>\n<link rel=\"canonical\" href=\"https:\/\/animalpark.pl\/en\/cremation\/\" \/>\n<meta property=\"og:locale\" content=\"en_US\" \/>\n<meta property=\"og:type\" content=\"article\" \/>\n<meta property=\"og:title\" content=\"Cremation - Animal Park\" \/>\n<meta property=\"og:description\" content=\"When we welcome a pet into our home, they become much more than just an animal \u2013 they become a friend, a true family member. We share joy and sadness, good times and bad. We take full responsibility for their wellbeing, offering them unconditional love and care. This special bond lasts until the very end [&hellip;]\" \/>\n<meta property=\"og:url\" content=\"https:\/\/animalpark.pl\/en\/cremation\/\" \/>\n<meta property=\"og:site_name\" content=\"Animal Park\" \/>\n<meta property=\"article:modified_time\" content=\"2025-07-09T10:26:11+00:00\" \/>\n<meta property=\"og:image\" content=\"https:\/\/animalpark.pl\/wp-content\/uploads\/2025\/07\/helena-lopes-YgGZkMWe-Fc-unsplash-scaled.jpg\" \/>\n\t<meta property=\"og:image:width\" content=\"2560\" \/>\n\t<meta property=\"og:image:height\" content=\"1707\" \/>\n\t<meta property=\"og:image:type\" content=\"image\/jpeg\" \/>\n<meta name=\"twitter:card\" content=\"summary_large_image\" \/>\n<meta name=\"twitter:label1\" content=\"Est. reading time\" \/>\n\t<meta name=\"twitter:data1\" content=\"5 minutes\" \/>\n<script type=\"application\/ld+json\" class=\"yoast-schema-graph\">{\"@context\":\"https:\/\/schema.org\",\"@graph\":[{\"@type\":\"WebPage\",\"@id\":\"https:\/\/animalpark.pl\/en\/cremation\/\",\"url\":\"https:\/\/animalpark.pl\/en\/cremation\/\",\"name\":\"Cremation - Animal Park\",\"isPartOf\":{\"@id\":\"https:\/\/animalpark.pl\/#website\"},\"primaryImageOfPage\":{\"@id\":\"https:\/\/animalpark.pl\/en\/cremation\/#primaryimage\"},\"image\":{\"@id\":\"https:\/\/animalpark.pl\/en\/cremation\/#primaryimage\"},\"thumbnailUrl\":\"https:\/\/animalpark.pl\/wp-content\/uploads\/2025\/07\/helena-lopes-YgGZkMWe-Fc-unsplash-scaled.jpg\",\"datePublished\":\"2025-04-30T06:54:54+00:00\",\"dateModified\":\"2025-07-09T10:26:11+00:00\",\"breadcrumb\":{\"@id\":\"https:\/\/animalpark.pl\/en\/cremation\/#breadcrumb\"},\"inLanguage\":\"en-US\",\"potentialAction\":[{\"@type\":\"ReadAction\",\"target\":[\"https:\/\/animalpark.pl\/en\/cremation\/\"]}]},{\"@type\":\"ImageObject\",\"inLanguage\":\"en-US\",\"@id\":\"https:\/\/animalpark.pl\/en\/cremation\/#primaryimage\",\"url\":\"https:\/\/animalpark.pl\/wp-content\/uploads\/2025\/07\/helena-lopes-YgGZkMWe-Fc-unsplash-scaled.jpg\",\"contentUrl\":\"https:\/\/animalpark.pl\/wp-content\/uploads\/2025\/07\/helena-lopes-YgGZkMWe-Fc-unsplash-scaled.jpg\",\"width\":2560,\"height\":1707},{\"@type\":\"BreadcrumbList\",\"@id\":\"https:\/\/animalpark.pl\/en\/cremation\/#breadcrumb\",\"itemListElement\":[{\"@type\":\"ListItem\",\"position\":1,\"name\":\"Strona g\u0142\u00f3wna\",\"item\":\"https:\/\/animalpark.pl\/en\/\"},{\"@type\":\"ListItem\",\"position\":2,\"name\":\"Cremation\"}]},{\"@type\":\"WebSite\",\"@id\":\"https:\/\/animalpark.pl\/#website\",\"url\":\"https:\/\/animalpark.pl\/\",\"name\":\"Animal Park\",\"description\":\"kremacja zwierz\u0105t, eutanazja psa, kota - Lublin, Warszawa, Katowice\",\"potentialAction\":[{\"@type\":\"SearchAction\",\"target\":{\"@type\":\"EntryPoint\",\"urlTemplate\":\"https:\/\/animalpark.pl\/?s={search_term_string}\"},\"query-input\":{\"@type\":\"PropertyValueSpecification\",\"valueRequired\":true,\"valueName\":\"search_term_string\"}}],\"inLanguage\":\"en-US\"}]}<\/script>\n<!-- \/ Yoast SEO plugin. -->","yoast_head_json":{"title":"Cremation - Animal Park","robots":{"index":"index","follow":"follow","max-snippet":"max-snippet:-1","max-image-preview":"max-image-preview:large","max-video-preview":"max-video-preview:-1"},"canonical":"https:\/\/animalpark.pl\/en\/cremation\/","og_locale":"en_US","og_type":"article","og_title":"Cremation - Animal Park","og_description":"When we welcome a pet into our home, they become much more than just an animal \u2013 they become a friend, a true family member. We share joy and sadness, good times and bad. We take full responsibility for their wellbeing, offering them unconditional love and care. This special bond lasts until the very end [&hellip;]","og_url":"https:\/\/animalpark.pl\/en\/cremation\/","og_site_name":"Animal Park","article_modified_time":"2025-07-09T10:26:11+00:00","og_image":[{"width":2560,"height":1707,"url":"https:\/\/animalpark.pl\/wp-content\/uploads\/2025\/07\/helena-lopes-YgGZkMWe-Fc-unsplash-scaled.jpg","type":"image\/jpeg"}],"twitter_card":"summary_large_image","twitter_misc":{"Est. reading time":"5 minutes"},"schema":{"@context":"https:\/\/schema.org","@graph":[{"@type":"WebPage","@id":"https:\/\/animalpark.pl\/en\/cremation\/","url":"https:\/\/animalpark.pl\/en\/cremation\/","name":"Cremation - Animal Park","isPartOf":{"@id":"https:\/\/animalpark.pl\/#website"},"primaryImageOfPage":{"@id":"https:\/\/animalpark.pl\/en\/cremation\/#primaryimage"},"image":{"@id":"https:\/\/animalpark.pl\/en\/cremation\/#primaryimage"},"thumbnailUrl":"https:\/\/animalpark.pl\/wp-content\/uploads\/2025\/07\/helena-lopes-YgGZkMWe-Fc-unsplash-scaled.jpg","datePublished":"2025-04-30T06:54:54+00:00","dateModified":"2025-07-09T10:26:11+00:00","breadcrumb":{"@id":"https:\/\/animalpark.pl\/en\/cremation\/#breadcrumb"},"inLanguage":"en-US","potentialAction":[{"@type":"ReadAction","target":["https:\/\/animalpark.pl\/en\/cremation\/"]}]},{"@type":"ImageObject","inLanguage":"en-US","@id":"https:\/\/animalpark.pl\/en\/cremation\/#primaryimage","url":"https:\/\/animalpark.pl\/wp-content\/uploads\/2025\/07\/helena-lopes-YgGZkMWe-Fc-unsplash-scaled.jpg","contentUrl":"https:\/\/animalpark.pl\/wp-content\/uploads\/2025\/07\/helena-lopes-YgGZkMWe-Fc-unsplash-scaled.jpg","width":2560,"height":1707},{"@type":"BreadcrumbList","@id":"https:\/\/animalpark.pl\/en\/cremation\/#breadcrumb","itemListElement":[{"@type":"ListItem","position":1,"name":"Strona g\u0142\u00f3wna","item":"https:\/\/animalpark.pl\/en\/"},{"@type":"ListItem","position":2,"name":"Cremation"}]},{"@type":"WebSite","@id":"https:\/\/animalpark.pl\/#website","url":"https:\/\/animalpark.pl\/","name":"Animal Park","description":"kremacja zwierz\u0105t, eutanazja psa, kota - Lublin, Warszawa, Katowice","potentialAction":[{"@type":"SearchAction","target":{"@type":"EntryPoint","urlTemplate":"https:\/\/animalpark.pl\/?s={search_term_string}"},"query-input":{"@type":"PropertyValueSpecification","valueRequired":true,"valueName":"search_term_string"}}],"inLanguage":"en-US"}]}},"_links":{"self":[{"href":"https:\/\/animalpark.pl\/en\/wp-json\/wp\/v2\/pages\/3241","targetHints":{"allow":["GET"]}}],"collection":[{"href":"https:\/\/animalpark.pl\/en\/wp-json\/wp\/v2\/pages"}],"about":[{"href":"https:\/\/animalpark.pl\/en\/wp-json\/wp\/v2\/types\/page"}],"author":[{"embeddable":true,"href":"https:\/\/animalpark.pl\/en\/wp-json\/wp\/v2\/users\/2"}],"replies":[{"embeddable":true,"href":"https:\/\/animalpark.pl\/en\/wp-json\/wp\/v2\/comments?post=3241"}],"version-history":[{"count":4,"href":"https:\/\/animalpark.pl\/en\/wp-json\/wp\/v2\/pages\/3241\/revisions"}],"predecessor-version":[{"id":3444,"href":"https:\/\/animalpark.pl\/en\/wp-json\/wp\/v2\/pages\/3241\/revisions\/3444"}],"wp:featuredmedia":[{"embeddable":true,"href":"https:\/\/animalpark.pl\/en\/wp-json\/wp\/v2\/media\/3548"}],"wp:attachment":[{"href":"https:\/\/animalpark.pl\/en\/wp-json\/wp\/v2\/media?parent=3241"}],"curies":[{"name":"wp","href":"https:\/\/api.w.org\/{rel}","templated":true}]}}